{"id":331,"date":"2014-06-23T14:10:50","date_gmt":"2014-06-23T14:10:50","guid":{"rendered":"https:\/\/skippersplan.com\/?page_id=331"},"modified":"2026-03-25T09:57:58","modified_gmt":"2026-03-25T13:57:58","slug":"regime-dassurance-de-voile-canada-pour-les-ecoles-de-voile","status":"publish","type":"page","link":"https:\/\/skippersplan.com\/fr\/voile-canada\/regime-dassurance-de-voile-canada-pour-les-ecoles-de-voile\/","title":{"rendered":"Assurance Sail Canada pour les \u00e9coles de voile"},"content":{"rendered":"\t\t<div data-elementor-type=\"wp-page\" data-elementor-id=\"331\" class=\"elementor elementor-331 elementor-200\" data-elementor-post-type=\"page\">\n\t\t\t\t<div class=\"elementor-element elementor-element-24602327 e-flex e-con-boxed e-con e-parent\" data-id=\"24602327\" data-element_type=\"container\" data-e-type=\"container\" data-settings=\"{&quot;background_background&quot;:&quot;classic&quot;}\">\n\t\t\t\t\t<div class=\"e-con-inner\">\n\t\t\t\t<div class=\"elementor-element elementor-element-6b8f3c80 elementor-widget elementor-widget-heading\" data-id=\"6b8f3c80\" data-element_type=\"widget\" data-e-type=\"widget\" data-widget_type=\"heading.default\">\n\t\t\t\t<div class=\"elementor-widget-container\">\n\t\t\t\t\t<h2 class=\"elementor-heading-title elementor-size-default\"><a href=\"https:\/\/skippersplan.com\/fr\/voile-canada\/regime-dassurance-de-voile-canada-pour-les-ecoles-de-voile\/\">Contenu disponible en anglais<\/a><\/h2>\t\t\t\t<\/div>\n\t\t\t\t<\/div>\n\t\t\t\t\t<\/div>\n\t\t\t\t<\/div>\n\t\t<div class=\"elementor-element elementor-element-6fb90971 e-flex e-con-boxed e-con e-parent\" data-id=\"6fb90971\" data-element_type=\"container\" data-e-type=\"container\">\n\t\t\t\t\t<div class=\"e-con-inner\">\n\t\t<div class=\"elementor-element elementor-element-37bbb908 e-con-full e-flex e-con e-child\" data-id=\"37bbb908\" data-element_type=\"container\" data-e-type=\"container\">\n\t\t\t\t<div class=\"elementor-element elementor-element-416fa0ca elementor-widget elementor-widget-spacer\" data-id=\"416fa0ca\" data-element_type=\"widget\" data-e-type=\"widget\" data-widget_type=\"spacer.default\">\n\t\t\t\t<div class=\"elementor-widget-container\">\n\t\t\t\t\t\t\t<div class=\"elementor-spacer\">\n\t\t\t<div class=\"elementor-spacer-inner\"><\/div>\n\t\t<\/div>\n\t\t\t\t\t\t<\/div>\n\t\t\t\t<\/div>\n\t\t\t\t<div class=\"elementor-element elementor-element-58a72d55 elementor-widget elementor-widget-text-editor\" data-id=\"58a72d55\" data-element_type=\"widget\" data-e-type=\"widget\" data-widget_type=\"text-editor.default\">\n\t\t\t\t<div class=\"elementor-widget-container\">\n\t\t\t\t\t\t\t\t\t<div class=\"column large-6 medium-6 small-12\">\n<div class=\"column large-6 medium-6 small-12\">\n<p>Toutes les \u00e9coles de voile ne sont pas automatiquement couvertes par la couverture responsabilit\u00e9 civile g\u00e9n\u00e9rale du Club.<\/p>\n<p>Notre politique de responsabilit\u00e9 des instructeurs prot\u00e8ge les instructeurs individuels, mais n\u2019est pas suffisante pour r\u00e9pondre aux besoins suppl\u00e9mentaires d\u2019une \u00e9cole de voile.<\/p>\n<p>Les membres de Sail Canada peuvent obtenir une analyse approfondie des risques associ\u00e9s \u00e0 leur exploitation unique et recevoir des solutions d\u2019assurance sur mesure pour couvrir les b\u00e2timents, les installations lou\u00e9es, les voiliers, les bateaux-cars, les remorques et autres biens. Cela offrira \u00e9galement une protection contre les r\u00e9clamations en responsabilit\u00e9 de tiers.<\/p>\n<p>Les activit\u00e9s \u00e0 terre sont couvertes ainsi que celles sur l&rsquo;eau.<\/p>\n<p>Aucune \u00e9cole de voile n\u2019est identique, c\u2019est pourquoi la couverture est personnalis\u00e9e pour chaque \u00e9cole par des experts en assurance maritime.<\/p>\n<p>Pour un devis sans engagement, remplissez le formulaire de demande.<\/p>\n<p><a href=\"https:\/\/skippersplan.com\/wp-content\/uploads\/2021\/05\/Sailing-school-application.pdf\" target=\"_blank\" rel=\"noopener noreferrer\">Candidature \u00e0 l&rsquo;\u00e9cole de voile<\/a><\/p>\n<\/div>\n<\/div>\n\t\t\t\t\t\t\t\t<\/div>\n\t\t\t\t<\/div>\n\t\t\t\t<\/div>\n\t\t<div class=\"elementor-element elementor-element-12c1bad0 e-con-full e-flex e-con e-child\" data-id=\"12c1bad0\" data-element_type=\"container\" data-e-type=\"container\">\n\t\t\t\t<div class=\"elementor-element elementor-element-1da836a6 elementor-widget elementor-widget-spacer\" data-id=\"1da836a6\" data-element_type=\"widget\" data-e-type=\"widget\" data-widget_type=\"spacer.default\">\n\t\t\t\t<div class=\"elementor-widget-container\">\n\t\t\t\t\t\t\t<div class=\"elementor-spacer\">\n\t\t\t<div class=\"elementor-spacer-inner\"><\/div>\n\t\t<\/div>\n\t\t\t\t\t\t<\/div>\n\t\t\t\t<\/div>\n\t\t\t\t<\/div>\n\t\t<div class=\"elementor-element elementor-element-35f6d39b e-con-full e-flex e-con e-child\" data-id=\"35f6d39b\" data-element_type=\"container\" data-e-type=\"container\">\n\t\t\t\t<div class=\"elementor-element elementor-element-54c173bd elementor-widget elementor-widget-spacer\" data-id=\"54c173bd\" data-element_type=\"widget\" data-e-type=\"widget\" data-widget_type=\"spacer.default\">\n\t\t\t\t<div class=\"elementor-widget-container\">\n\t\t\t\t\t\t\t<div class=\"elementor-spacer\">\n\t\t\t<div class=\"elementor-spacer-inner\"><\/div>\n\t\t<\/div>\n\t\t\t\t\t\t<\/div>\n\t\t\t\t<\/div>\n\t\t\t\t<div class=\"elementor-element elementor-element-518f14b9 elementor-widget elementor-widget-text-editor\" data-id=\"518f14b9\" data-element_type=\"widget\" data-e-type=\"widget\" data-widget_type=\"text-editor.default\">\n\t\t\t\t<div class=\"elementor-widget-container\">\n\t\t\t\t\t\t\t\t\t<p>Les questions concernant cette assurance peuvent \u00eatre envoy\u00e9es \u00e0 <strong>Jerry Giroux<\/strong> chez Arthur J Gallagher Canada Limited <a href=\"mailto:jerry_giroux@ajg.com\">jerry_giroux@ajg.com<\/a><br \/> T. 905.754.3846<\/p>\n\t\t\t\t\t\t\t\t<\/div>\n\t\t\t\t<\/div>\n\t\t\t\t<\/div>\n\t\t\t\t\t<\/div>\n\t\t\t\t<\/div>\n\t\t\t\t<\/div>\n\t\t","protected":false},"excerpt":{"rendered":"<p>Contenu disponible en anglais Toutes les \u00e9coles de voile ne sont pas automatiquement couvertes par la couverture responsabilit\u00e9 civile g\u00e9n\u00e9rale du Club. Notre politique de responsabilit\u00e9 des instructeurs prot\u00e8ge les instructeurs individuels, mais n\u2019est pas suffisante pour r\u00e9pondre aux besoins suppl\u00e9mentaires d\u2019une \u00e9cole de voile. Les membres de Sail Canada peuvent obtenir une analyse approfondie [&hellip;]<\/p>\n","protected":false},"author":1,"featured_media":30029,"parent":256,"menu_order":0,"comment_status":"closed","ping_status":"open","template":"","meta":{"_acf_changed":false,"_monsterinsights_skip_tracking":false,"_monsterinsights_sitenote_active":false,"_monsterinsights_sitenote_note":"","_monsterinsights_sitenote_category":0,"footnotes":""},"class_list":["post-331","page","type-page","status-publish","has-post-thumbnail","hentry"],"acf":[],"aioseo_notices":[],"_links":{"self":[{"href":"https:\/\/skippersplan.com\/fr\/wp-json\/wp\/v2\/pages\/331","targetHints":{"allow":["GET"]}}],"collection":[{"href":"https:\/\/skippersplan.com\/fr\/wp-json\/wp\/v2\/pages"}],"about":[{"href":"https:\/\/skippersplan.com\/fr\/wp-json\/wp\/v2\/types\/page"}],"author":[{"embeddable":true,"href":"https:\/\/skippersplan.com\/fr\/wp-json\/wp\/v2\/users\/1"}],"replies":[{"embeddable":true,"href":"https:\/\/skippersplan.com\/fr\/wp-json\/wp\/v2\/comments?post=331"}],"version-history":[{"count":22,"href":"https:\/\/skippersplan.com\/fr\/wp-json\/wp\/v2\/pages\/331\/revisions"}],"predecessor-version":[{"id":29427,"href":"https:\/\/skippersplan.com\/fr\/wp-json\/wp\/v2\/pages\/331\/revisions\/29427"}],"up":[{"embeddable":true,"href":"https:\/\/skippersplan.com\/fr\/wp-json\/wp\/v2\/pages\/256"}],"wp:featuredmedia":[{"embeddable":true,"href":"https:\/\/skippersplan.com\/fr\/wp-json\/wp\/v2\/media\/30029"}],"wp:attachment":[{"href":"https:\/\/skippersplan.com\/fr\/wp-json\/wp\/v2\/media?parent=331"}],"curies":[{"name":"wp","href":"https:\/\/api.w.org\/{rel}","templated":true}]}}