{"id":328,"date":"2014-06-23T14:10:11","date_gmt":"2014-06-23T18:10:11","guid":{"rendered":"https:\/\/skippersplan.com\/?page_id=328"},"modified":"2025-03-06T09:45:54","modified_gmt":"2025-03-06T14:45:54","slug":"assurance-responsabilite-de-voile-canada-pour-les-regates","status":"publish","type":"page","link":"https:\/\/skippersplan.com\/fr\/voile-canada\/assurance-responsabilite-de-voile-canada-pour-les-regates\/","title":{"rendered":"Responsabilit\u00e9 des r\u00e9gates sur l&rsquo;eau"},"content":{"rendered":"\t\t<div data-elementor-type=\"wp-page\" data-elementor-id=\"328\" class=\"elementor elementor-328 elementor-179\" data-elementor-post-type=\"page\">\n\t\t\t\t<div class=\"elementor-element elementor-element-3fd113e3 e-flex e-con-boxed e-con e-parent\" data-id=\"3fd113e3\" data-element_type=\"container\" data-e-type=\"container\" data-settings=\"{&quot;background_background&quot;:&quot;classic&quot;}\">\n\t\t\t\t\t<div class=\"e-con-inner\">\n\t\t\t\t<div class=\"elementor-element elementor-element-4a6aabab elementor-widget elementor-widget-heading\" data-id=\"4a6aabab\" data-element_type=\"widget\" data-e-type=\"widget\" data-widget_type=\"heading.default\">\n\t\t\t\t<div class=\"elementor-widget-container\">\n\t\t\t\t\t<h2 class=\"elementor-heading-title elementor-size-default\"><a href=\"https:\/\/skippersplan.com\/fr\/voile-canada\/assurance-responsabilite-de-voile-canada-pour-les-regates\/\">Contenu disponible en anglais<\/a><\/h2>\t\t\t\t<\/div>\n\t\t\t\t<\/div>\n\t\t\t\t\t<\/div>\n\t\t\t\t<\/div>\n\t\t<div class=\"elementor-element elementor-element-615448f6 e-flex e-con-boxed e-con e-parent\" data-id=\"615448f6\" data-element_type=\"container\" data-e-type=\"container\">\n\t\t\t\t\t<div class=\"e-con-inner\">\n\t\t<div class=\"elementor-element elementor-element-68024e28 e-con-full e-flex e-con e-child\" data-id=\"68024e28\" data-element_type=\"container\" data-e-type=\"container\">\n\t\t\t\t<div class=\"elementor-element elementor-element-c3ab79b elementor-widget elementor-widget-spacer\" data-id=\"c3ab79b\" data-element_type=\"widget\" data-e-type=\"widget\" data-widget_type=\"spacer.default\">\n\t\t\t\t<div class=\"elementor-widget-container\">\n\t\t\t\t\t\t\t<div class=\"elementor-spacer\">\n\t\t\t<div class=\"elementor-spacer-inner\"><\/div>\n\t\t<\/div>\n\t\t\t\t\t\t<\/div>\n\t\t\t\t<\/div>\n\t\t\t\t<div class=\"elementor-element elementor-element-73308762 elementor-widget elementor-widget-text-editor\" data-id=\"73308762\" data-element_type=\"widget\" data-e-type=\"widget\" data-widget_type=\"text-editor.default\">\n\t\t\t\t<div class=\"elementor-widget-container\">\n\t\t\t\t\t\t\t\t\t<p>Tous les membres de Voile Canada ont acc\u00e8s \u00e0 la police d&rsquo;assurance responsabilit\u00e9 civile pour les r\u00e9gates sur l&rsquo;eau. Cette police est sp\u00e9cialement con\u00e7ue pour les membres de Voile Canada qui ont de la difficult\u00e9 \u00e0 obtenir une couverture pour les blessures corporelles et la perte de vie d&rsquo;un tiers pour la partie sur l&rsquo;eau de leur programme d&rsquo;assurance g\u00e9n\u00e9rale. <\/p>\n<p>Cette police couvre votre organisation et ses dirigeants, administrateurs, juges, commanditaires, b\u00e9n\u00e9voles, employ\u00e9s et l&rsquo;\u00e9quipe de gestion de la course dans le cadre de leurs fonctions sur l&rsquo;eau pour toute responsabilit\u00e9 l\u00e9gale envers des tiers. Cette police couvre \u00e9galement les frais juridiques pour d\u00e9fendre les poursuites associ\u00e9es. La couverture commence lorsque les bateaux quittent leur amarrage ou leur mouillage pour une course et se poursuit tout au long de la course jusqu&rsquo;\u00e0 ce qu&rsquo;ils retournent \u00e0 leur amarrage ou \u00e0 leur mouillage imm\u00e9diatement apr\u00e8s avoir termin\u00e9 la course ou avoir abandonn\u00e9 la course.  <\/p>\n<p>La couverture est limit\u00e9e \u00e0 5 000 000 $. Les membres qui souhaitent \u00eatre ajout\u00e9s \u00e0 la police d\u2019assurance deviendront des \u00ab assur\u00e9s additionnels d\u00e9sign\u00e9s \u00bb en vertu de la police principale \u00e9mise \u00e0 Voile Canada. Cette couverture peut \u00eatre souscrite \u00e0 tout moment \u00e0 un tarif forfaitaire et couvre toutes les courses et r\u00e9gates du club. Veuillez noter que la police principale se renouvelle le 1er mars pour une dur\u00e9e d\u2019un an.   <\/p>\n<p>Pour obtenir une couverture, vous devez remplir le formulaire de demande d&rsquo;assur\u00e9 d\u00e9sign\u00e9 suppl\u00e9mentaire et l&rsquo;envoyer avec un ch\u00e8que \u00e0 l&rsquo;ordre d&rsquo;Arthur J Gallagher Canada Limited.<\/p>\n\t\t\t\t\t\t\t\t<\/div>\n\t\t\t\t<\/div>\n\t\t\t\t<div class=\"elementor-element elementor-element-24186200 elementor-widget elementor-widget-heading\" data-id=\"24186200\" data-element_type=\"widget\" data-e-type=\"widget\" data-widget_type=\"heading.default\">\n\t\t\t\t<div class=\"elementor-widget-container\">\n\t\t\t\t\t<p class=\"elementor-heading-title elementor-size-default\"><a href=\"https:\/\/skippersplan.com\/wp-content\/uploads\/2023\/05\/2023-Sail-Canada-Regatta-Liability-Application-Fillable.pdf\">Demande de r\u00e9gate sur l'eau<\/a><\/p>\t\t\t\t<\/div>\n\t\t\t\t<\/div>\n\t\t\t\t<div class=\"elementor-element elementor-element-4c94ef82 elementor-widget elementor-widget-text-editor\" data-id=\"4c94ef82\" data-element_type=\"widget\" data-e-type=\"widget\" data-widget_type=\"text-editor.default\">\n\t\t\t\t<div class=\"elementor-widget-container\">\n\t\t\t\t\t\t\t\t\t<p>Visualisation optimale avec Adobe Acrobat<\/p>\n\t\t\t\t\t\t\t\t<\/div>\n\t\t\t\t<\/div>\n\t\t\t\t<div class=\"elementor-element elementor-element-3c15e189 elementor-widget elementor-widget-spacer\" data-id=\"3c15e189\" data-element_type=\"widget\" data-e-type=\"widget\" data-widget_type=\"spacer.default\">\n\t\t\t\t<div class=\"elementor-widget-container\">\n\t\t\t\t\t\t\t<div class=\"elementor-spacer\">\n\t\t\t<div class=\"elementor-spacer-inner\"><\/div>\n\t\t<\/div>\n\t\t\t\t\t\t<\/div>\n\t\t\t\t<\/div>\n\t\t\t\t<\/div>\n\t\t<div class=\"elementor-element elementor-element-462a884 e-con-full e-flex e-con e-child\" data-id=\"462a884\" data-element_type=\"container\" data-e-type=\"container\">\n\t\t\t\t<\/div>\n\t\t<div class=\"elementor-element elementor-element-7b358da e-con-full e-flex e-con e-child\" data-id=\"7b358da\" data-element_type=\"container\" data-e-type=\"container\">\n\t\t\t\t<div class=\"elementor-element elementor-element-1e36e4a7 elementor-widget elementor-widget-spacer\" data-id=\"1e36e4a7\" data-element_type=\"widget\" data-e-type=\"widget\" data-widget_type=\"spacer.default\">\n\t\t\t\t<div class=\"elementor-widget-container\">\n\t\t\t\t\t\t\t<div class=\"elementor-spacer\">\n\t\t\t<div class=\"elementor-spacer-inner\"><\/div>\n\t\t<\/div>\n\t\t\t\t\t\t<\/div>\n\t\t\t\t<\/div>\n\t\t\t\t<div class=\"elementor-element elementor-element-bf6e742 elementor-widget elementor-widget-heading\" data-id=\"bf6e742\" data-element_type=\"widget\" data-e-type=\"widget\" data-widget_type=\"heading.default\">\n\t\t\t\t<div class=\"elementor-widget-container\">\n\t\t\t\t\t<p class=\"elementor-heading-title elementor-size-default\">La couverture commence d\u00e8s<\/p>\t\t\t\t<\/div>\n\t\t\t\t<\/div>\n\t\t\t\t<div class=\"elementor-element elementor-element-13f7eedb make-italic elementor-widget elementor-widget-text-editor\" data-id=\"13f7eedb\" data-element_type=\"widget\" data-e-type=\"widget\" data-widget_type=\"text-editor.default\">\n\t\t\t\t<div class=\"elementor-widget-container\">\n\t\t\t\t\t\t\t\t\t<ul>\n<li>R\u00e9ception d&rsquo;un formulaire de demande d&rsquo;assur\u00e9 suppl\u00e9mentaire compl\u00e9t\u00e9 et du paiement de la prime<\/li>\n<li>V\u00e9rification de l&rsquo;adh\u00e9sion actuelle \u00e0 Voile Canada.<\/li>\n<\/ul>\n<p>Pour plus d&rsquo;informations, veuillez contacter <span style=\"font-weight: bold;\">Brent Brandham<\/span><br \/> <a href=\"mailto:Brent_brandham@ajg.com\">Brent_Brandham@ajg.com<\/a><br \/> T: 416.408.5457<\/p>\n\t\t\t\t\t\t\t\t<\/div>\n\t\t\t\t<\/div>\n\t\t\t\t<\/div>\n\t\t\t\t\t<\/div>\n\t\t\t\t<\/div>\n\t\t\t\t<\/div>\n\t\t","protected":false},"excerpt":{"rendered":"<p>Contenu disponible en anglais Tous les membres de Voile Canada ont acc\u00e8s \u00e0 la police d&rsquo;assurance responsabilit\u00e9 civile pour les r\u00e9gates sur l&rsquo;eau. Cette police est sp\u00e9cialement con\u00e7ue pour les membres de Voile Canada qui ont de la difficult\u00e9 \u00e0 obtenir une couverture pour les blessures corporelles et la perte de vie d&rsquo;un tiers pour [&hellip;]<\/p>\n","protected":false},"author":1,"featured_media":26962,"parent":256,"menu_order":0,"comment_status":"open","ping_status":"open","template":"","meta":{"_acf_changed":false,"_monsterinsights_skip_tracking":false,"_monsterinsights_sitenote_active":false,"_monsterinsights_sitenote_note":"","_monsterinsights_sitenote_category":0,"footnotes":""},"class_list":["post-328","page","type-page","status-publish","has-post-thumbnail","hentry"],"acf":[],"aioseo_notices":[],"_links":{"self":[{"href":"https:\/\/skippersplan.com\/fr\/wp-json\/wp\/v2\/pages\/328","targetHints":{"allow":["GET"]}}],"collection":[{"href":"https:\/\/skippersplan.com\/fr\/wp-json\/wp\/v2\/pages"}],"about":[{"href":"https:\/\/skippersplan.com\/fr\/wp-json\/wp\/v2\/types\/page"}],"author":[{"embeddable":true,"href":"https:\/\/skippersplan.com\/fr\/wp-json\/wp\/v2\/users\/1"}],"replies":[{"embeddable":true,"href":"https:\/\/skippersplan.com\/fr\/wp-json\/wp\/v2\/comments?post=328"}],"version-history":[{"count":30,"href":"https:\/\/skippersplan.com\/fr\/wp-json\/wp\/v2\/pages\/328\/revisions"}],"predecessor-version":[{"id":29429,"href":"https:\/\/skippersplan.com\/fr\/wp-json\/wp\/v2\/pages\/328\/revisions\/29429"}],"up":[{"embeddable":true,"href":"https:\/\/skippersplan.com\/fr\/wp-json\/wp\/v2\/pages\/256"}],"wp:featuredmedia":[{"embeddable":true,"href":"https:\/\/skippersplan.com\/fr\/wp-json\/wp\/v2\/media\/26962"}],"wp:attachment":[{"href":"https:\/\/skippersplan.com\/fr\/wp-json\/wp\/v2\/media?parent=328"}],"curies":[{"name":"wp","href":"https:\/\/api.w.org\/{rel}","templated":true}]}}