{"id":29598,"date":"2025-03-06T20:15:24","date_gmt":"2025-03-07T01:15:24","guid":{"rendered":"https:\/\/skippersplan.com\/assurance-bateau-en-saskatchewan\/"},"modified":"2025-03-06T20:15:25","modified_gmt":"2025-03-07T01:15:25","slug":"assurance-bateau-en-saskatchewan","status":"publish","type":"page","link":"https:\/\/skippersplan.com\/fr\/assurance-bateau-en-saskatchewan\/","title":{"rendered":"Assurance bateau en Saskatchewan"},"content":{"rendered":"\t\t<div data-elementor-type=\"wp-page\" data-elementor-id=\"29598\" class=\"elementor elementor-29598 elementor-29008\" data-elementor-post-type=\"page\">\n\t\t\t\t<div class=\"elementor-element elementor-element-e8a5ccd e-flex e-con-boxed e-con e-parent\" data-id=\"e8a5ccd\" data-element_type=\"container\" data-e-type=\"container\">\n\t\t\t\t\t<div class=\"e-con-inner\">\n\t\t<div class=\"elementor-element elementor-element-b5f3532 e-con-full e-flex e-con e-child\" data-id=\"b5f3532\" data-element_type=\"container\" data-e-type=\"container\">\n\t\t\t\t<div class=\"elementor-element elementor-element-03e7395 elementor-widget elementor-widget-text-editor\" data-id=\"03e7395\" data-element_type=\"widget\" data-e-type=\"widget\" data-widget_type=\"text-editor.default\">\n\t\t\t\t<div class=\"elementor-widget-container\">\n\t\t\t\t\t\t\t\t\t<p>Chez Gallagher Skippers&rsquo; Plan, nous comprenons les besoins uniques des amateurs de navigation de plaisance de la Saskatchewan. Que vous profitiez d&rsquo;une journ\u00e9e sur votre bateau ponton au lac Last Mountain ou que vous exploriez les eaux sereines du lac Wascana, nos plans de navigation canadiens sont con\u00e7us sur mesure pour vous. <\/p>\n<p>Depuis plus de 70 ans, Gallagher Skippers&rsquo; Plan est une marque de confiance en mati\u00e8re d&rsquo;assurance nautique au Canada. Notre \u00e9quipe d\u00e9vou\u00e9e de professionnels de l&rsquo;assurance est l\u00e0 pour vous permettre de profiter de chaque instant pass\u00e9 sur l&rsquo;eau en toute confiance. <\/p>\n<p><strong>S\u00e9lectionnez votre type de bateau pour en savoir plus sur la couverture d&rsquo;assurance du Plan Skippers Gallagher.<\/strong><\/p>\n<ul>\n<li><a title=\"Assurance pour les croiseurs de la Saskatchewan\" href=\"https:\/\/skippersplan.com\/saskatchewan-cruiser-insurance\/\">Assurance pour les croiseurs de la Saskatchewan<\/a><\/li>\n<li><a title=\"Assurance pour bateaux pontons en Saskatchewan\" href=\"https:\/\/skippersplan.com\/saskatchewan-pontoon-boat-insurance\/\">Assurance pour bateaux pontons en Saskatchewan<\/a><\/li>\n<li><a title=\"Assurance pour voiliers en Saskatchewan\" href=\"https:\/\/skippersplan.com\/saskatchewan-sailboat-insurance\/\">Assurance pour voiliers en Saskatchewan<\/a><\/li>\n<li><a title=\"Assurance pour motomarines en Saskatchewan\" href=\"https:\/\/skippersplan.com\/saskatchewan-pwc-insurance\/\">Assurance pour motomarines en Saskatchewan<\/a><\/li>\n<li><a title=\"Assurance pour les v\u00e9hicules de course de la Saskatchewan\" href=\"https:\/\/skippersplan.com\/saskatchewan-runabout-insurance\/\">Assurance pour les v\u00e9hicules de course de la Saskatchewan<\/a><\/li>\n<li><a title=\"Assurance pour bateaux de p\u00eache en Saskatchewan\" href=\"https:\/\/skippersplan.com\/saskatchewan-fishing-boat-insurance\/\">Assurance pour bateaux de p\u00eache en Saskatchewan<\/a><\/li>\n<li><a title=\"Assurance pour les bateaux de p\u00eache \u00e0 l'achigan en Saskatchewan\" href=\"https:\/\/skippersplan.com\/saskatchewan-bass-boat-insurance\/\">Assurance pour les bateaux de p\u00eache \u00e0 l&rsquo;achigan en Saskatchewan<\/a><\/li>\n<li><a title=\"Assurance pour bateaux \u00e0 r\u00e9action en Saskatchewan\" href=\"https:\/\/skippersplan.com\/saskatchewan-jet-boat-insurance\/\">Assurance pour bateaux \u00e0 r\u00e9action en Saskatchewan<\/a><\/li>\n<li><a title=\"Assurance pour bateaux de sport en Saskatchewan\" href=\"https:\/\/skippersplan.com\/saskatchewan-sport-boat-insurance\/\">Assurance pour bateaux de sport en Saskatchewan<\/a><\/li>\n<li><a title=\"Assurance pour bateaux pont\u00e9s en Saskatchewan\" href=\"https:\/\/skippersplan.com\/saskatchewan-deck-boat-insurance\/\">Assurance pour bateaux pont\u00e9s en Saskatchewan<\/a><\/li>\n<\/ul>\n\t\t\t\t\t\t\t\t<\/div>\n\t\t\t\t<\/div>\n\t\t\t\t<\/div>\n\t\t\t\t\t<\/div>\n\t\t\t\t<\/div>\n\t\t<div class=\"elementor-element elementor-element-98819cc e-flex e-con-boxed elementor-invisible e-con e-parent\" data-id=\"98819cc\" data-element_type=\"container\" data-e-type=\"container\" data-settings=\"{&quot;background_background&quot;:&quot;classic&quot;,&quot;animation&quot;:&quot;slideInUp&quot;}\">\n\t\t\t\t\t<div class=\"e-con-inner\">\n\t\t<div class=\"elementor-element elementor-element-2d07938 e-flex e-con-boxed e-con e-child\" data-id=\"2d07938\" data-element_type=\"container\" data-e-type=\"container\">\n\t\t\t\t\t<div class=\"e-con-inner\">\n\t\t\t\t<div class=\"elementor-element elementor-element-7350176 elementor-widget elementor-widget-spacer\" data-id=\"7350176\" data-element_type=\"widget\" data-e-type=\"widget\" data-widget_type=\"spacer.default\">\n\t\t\t\t<div class=\"elementor-widget-container\">\n\t\t\t\t\t\t\t<div class=\"elementor-spacer\">\n\t\t\t<div class=\"elementor-spacer-inner\"><\/div>\n\t\t<\/div>\n\t\t\t\t\t\t<\/div>\n\t\t\t\t<\/div>\n\t\t\t\t<div class=\"elementor-element elementor-element-f7a1783 elementor-align-center elementor-widget elementor-widget-button\" data-id=\"f7a1783\" data-element_type=\"widget\" data-e-type=\"widget\" data-widget_type=\"button.default\">\n\t\t\t\t<div class=\"elementor-widget-container\">\n\t\t\t\t\t\t\t\t\t<div class=\"elementor-button-wrapper\">\n\t\t\t\t\t<a class=\"elementor-button elementor-button-link elementor-size-sm\" href=\"https:\/\/skippersplan.com\/fr\/obtenez-un-devis-dassurance-bateau\/\">\n\t\t\t\t\t\t<span class=\"elementor-button-content-wrapper\">\n\t\t\t\t\t\t\t\t\t<span class=\"elementor-button-text\">Obtenez un devis d\u00e8s aujourd'hui!<\/span>\n\t\t\t\t\t<\/span>\n\t\t\t\t\t<\/a>\n\t\t\t\t<\/div>\n\t\t\t\t\t\t\t\t<\/div>\n\t\t\t\t<\/div>\n\t\t\t\t<div class=\"elementor-element elementor-element-dfa7b1f elementor-widget elementor-widget-text-editor\" data-id=\"dfa7b1f\" data-element_type=\"widget\" data-e-type=\"widget\" data-widget_type=\"text-editor.default\">\n\t\t\t\t<div class=\"elementor-widget-container\">\n\t\t\t\t\t\t\t\t\t<p class=\"BodyA\">Ne laissez pas la s\u00e9curit\u00e9 de votre assurance bateau au hasard. Obtenez d\u00e8s aujourd&rsquo;hui un devis d&rsquo;assurance personnalis\u00e9 aupr\u00e8s de Gallagher Skippers&rsquo; Plan. Notre syst\u00e8me de devis en ligne facile \u00e0 utiliser vous garantit de recevoir un devis comp\u00e9titif et personnalis\u00e9 adapt\u00e9 \u00e0 vos besoins sp\u00e9cifiques. Prot\u00e9gez votre bateau aujourd&rsquo;hui.<\/p>\n\t\t\t\t\t\t\t\t<\/div>\n\t\t\t\t<\/div>\n\t\t\t\t<div class=\"elementor-element elementor-element-116298d elementor-widget elementor-widget-spacer\" data-id=\"116298d\" data-element_type=\"widget\" data-e-type=\"widget\" data-widget_type=\"spacer.default\">\n\t\t\t\t<div class=\"elementor-widget-container\">\n\t\t\t\t\t\t\t<div class=\"elementor-spacer\">\n\t\t\t<div class=\"elementor-spacer-inner\"><\/div>\n\t\t<\/div>\n\t\t\t\t\t\t<\/div>\n\t\t\t\t<\/div>\n\t\t\t\t\t<\/div>\n\t\t\t\t<\/div>\n\t\t\t\t\t<\/div>\n\t\t\t\t<\/div>\n\t\t\t\t<\/div>\n\t\t","protected":false},"excerpt":{"rendered":"<p>Chez Gallagher Skippers&rsquo; Plan, nous comprenons les besoins uniques des amateurs de navigation de plaisance de la Saskatchewan. Que vous profitiez d&rsquo;une journ\u00e9e sur votre bateau ponton au lac Last Mountain ou que vous exploriez les eaux sereines du lac Wascana, nos plans de navigation canadiens sont con\u00e7us sur mesure pour vous. Depuis plus de [&hellip;]<\/p>\n","protected":false},"author":3,"featured_media":30029,"parent":0,"menu_order":0,"comment_status":"closed","ping_status":"closed","template":"","meta":{"_acf_changed":false,"_monsterinsights_skip_tracking":false,"_monsterinsights_sitenote_active":false,"_monsterinsights_sitenote_note":"","_monsterinsights_sitenote_category":0,"footnotes":""},"class_list":["post-29598","page","type-page","status-publish","has-post-thumbnail","hentry"],"acf":[],"aioseo_notices":[],"_links":{"self":[{"href":"https:\/\/skippersplan.com\/fr\/wp-json\/wp\/v2\/pages\/29598","targetHints":{"allow":["GET"]}}],"collection":[{"href":"https:\/\/skippersplan.com\/fr\/wp-json\/wp\/v2\/pages"}],"about":[{"href":"https:\/\/skippersplan.com\/fr\/wp-json\/wp\/v2\/types\/page"}],"author":[{"embeddable":true,"href":"https:\/\/skippersplan.com\/fr\/wp-json\/wp\/v2\/users\/3"}],"replies":[{"embeddable":true,"href":"https:\/\/skippersplan.com\/fr\/wp-json\/wp\/v2\/comments?post=29598"}],"version-history":[{"count":1,"href":"https:\/\/skippersplan.com\/fr\/wp-json\/wp\/v2\/pages\/29598\/revisions"}],"predecessor-version":[{"id":29599,"href":"https:\/\/skippersplan.com\/fr\/wp-json\/wp\/v2\/pages\/29598\/revisions\/29599"}],"wp:featuredmedia":[{"embeddable":true,"href":"https:\/\/skippersplan.com\/fr\/wp-json\/wp\/v2\/media\/30029"}],"wp:attachment":[{"href":"https:\/\/skippersplan.com\/fr\/wp-json\/wp\/v2\/media?parent=29598"}],"curies":[{"name":"wp","href":"https:\/\/api.w.org\/{rel}","templated":true}]}}