{"id":29593,"date":"2025-03-06T20:15:24","date_gmt":"2025-03-07T01:15:24","guid":{"rendered":"https:\/\/skippersplan.com\/assurance-bateau-en-ontario\/"},"modified":"2025-03-06T20:15:24","modified_gmt":"2025-03-07T01:15:24","slug":"assurance-bateau-en-ontario","status":"publish","type":"page","link":"https:\/\/skippersplan.com\/fr\/assurance-bateau-en-ontario\/","title":{"rendered":"Assurance bateau en Ontario"},"content":{"rendered":"\t\t<div data-elementor-type=\"wp-page\" data-elementor-id=\"29593\" class=\"elementor elementor-29593 elementor-28924\" data-elementor-post-type=\"page\">\n\t\t\t\t<div class=\"elementor-element elementor-element-b3371af e-flex e-con-boxed e-con e-parent\" data-id=\"b3371af\" data-element_type=\"container\" data-e-type=\"container\">\n\t\t\t\t\t<div class=\"e-con-inner\">\n\t\t<div class=\"elementor-element elementor-element-e13ef53 e-con-full e-flex e-con e-child\" data-id=\"e13ef53\" data-element_type=\"container\" data-e-type=\"container\">\n\t\t\t\t<div class=\"elementor-element elementor-element-b6b7b98 elementor-widget elementor-widget-text-editor\" data-id=\"b6b7b98\" data-element_type=\"widget\" data-e-type=\"widget\" data-widget_type=\"text-editor.default\">\n\t\t\t\t<div class=\"elementor-widget-container\">\n\t\t\t\t\t\t\t\t\t<p>Chez Gallagher Skippers&rsquo; Plan, nous comprenons les besoins particuliers des amateurs de navigation de plaisance de l&rsquo;Ontario. Que vous naviguiez dans les Mille-\u00celes ou que vous p\u00eachiez dans le parc Algonquin, nos r\u00e9gimes d&rsquo;assurance nautique canadiens sont con\u00e7us en fonction de vos besoins. <\/p>\n<p>Depuis plus de 70 ans, Gallagher Skippers&rsquo; Plan est une marque de confiance en mati\u00e8re d&rsquo;assurance nautique au Canada. Notre \u00e9quipe exp\u00e9riment\u00e9e de professionnels de l&rsquo;assurance s&rsquo;engage \u00e0 vous faire profiter en toute confiance de chaque minute pass\u00e9e sur l&rsquo;eau. <\/p>\n<p><strong>S\u00e9lectionnez votre type de bateau pour en savoir plus sur la couverture d&rsquo;assurance du Plan Skippers Gallagher.<\/strong><\/p>\n<ul>\n<li><a title=\"Assurance pour bateaux de croisi\u00e8re en Ontario\" href=\"https:\/\/skippersplan.com\/ontario-cruiser-insurance\/\">Assurance pour bateaux de croisi\u00e8re en Ontario<\/a><\/li>\n<li><a title=\"Assurance pour bateaux pontons en Ontario\" href=\"https:\/\/skippersplan.com\/ontario-pontoon-boat-insurance\/\">Assurance pour bateaux pontons en Ontario<\/a><\/li>\n<li><a title=\"Assurance pour voiliers en Ontario\" href=\"https:\/\/skippersplan.com\/ontario-sailboat-insurance\/\">Assurance pour voiliers en Ontario<\/a><\/li>\n<li><a title=\"Assurance motomarine en Ontario\" href=\"https:\/\/skippersplan.com\/ontario-pwc-insurance\/\">Assurance motomarine en Ontario<\/a><\/li>\n<li><a title=\"Assurance pour les v\u00e9hicules de course de l'Ontario\" href=\"https:\/\/skippersplan.com\/ontario-runabout-insurance\/\">Assurance pour les v\u00e9hicules de course de l&rsquo;Ontario<\/a><\/li>\n<li><a title=\"Assurance pour bateaux de p\u00eache en Ontario\" href=\"https:\/\/skippersplan.com\/ontario-fishing-boat-insurance\/\">Assurance pour bateaux de p\u00eache en Ontario<\/a><\/li>\n<li><a title=\"Assurance pour les bateaux de p\u00eache en Ontario\" href=\"https:\/\/skippersplan.com\/ontario-bass-boat-insurance\/\">Assurance pour les bateaux de p\u00eache en Ontario<\/a><\/li>\n<li><a title=\"Assurance pour bateaux \u00e0 r\u00e9action en Ontario\" href=\"https:\/\/skippersplan.com\/ontario-jet-boat-insurance\/\">Assurance pour bateaux \u00e0 r\u00e9action en Ontario<\/a><\/li>\n<li><a title=\"Assurance pour bateaux de sport en Ontario\" href=\"https:\/\/skippersplan.com\/ontario-sport-boat-insurance\/\">Assurance pour bateaux de sport en Ontario<\/a><\/li>\n<li><a title=\"Assurance pour bateaux pont\u00e9s en Ontario\" href=\"https:\/\/skippersplan.com\/ontario-deck-boat-insurance\/\">Assurance pour bateaux pont\u00e9s en Ontario<\/a><\/li>\n<\/ul>\n\t\t\t\t\t\t\t\t<\/div>\n\t\t\t\t<\/div>\n\t\t\t\t<\/div>\n\t\t\t\t\t<\/div>\n\t\t\t\t<\/div>\n\t\t<div class=\"elementor-element elementor-element-7608e0a e-flex e-con-boxed elementor-invisible e-con e-parent\" data-id=\"7608e0a\" data-element_type=\"container\" data-e-type=\"container\" data-settings=\"{&quot;background_background&quot;:&quot;classic&quot;,&quot;animation&quot;:&quot;slideInUp&quot;}\">\n\t\t\t\t\t<div class=\"e-con-inner\">\n\t\t<div class=\"elementor-element elementor-element-1153b20 e-flex e-con-boxed e-con e-child\" data-id=\"1153b20\" data-element_type=\"container\" data-e-type=\"container\">\n\t\t\t\t\t<div class=\"e-con-inner\">\n\t\t\t\t<div class=\"elementor-element elementor-element-e686dc5 elementor-widget elementor-widget-spacer\" data-id=\"e686dc5\" data-element_type=\"widget\" data-e-type=\"widget\" data-widget_type=\"spacer.default\">\n\t\t\t\t<div class=\"elementor-widget-container\">\n\t\t\t\t\t\t\t<div class=\"elementor-spacer\">\n\t\t\t<div class=\"elementor-spacer-inner\"><\/div>\n\t\t<\/div>\n\t\t\t\t\t\t<\/div>\n\t\t\t\t<\/div>\n\t\t\t\t<div class=\"elementor-element elementor-element-d80ab6a elementor-align-center elementor-widget elementor-widget-button\" data-id=\"d80ab6a\" data-element_type=\"widget\" data-e-type=\"widget\" data-widget_type=\"button.default\">\n\t\t\t\t<div class=\"elementor-widget-container\">\n\t\t\t\t\t\t\t\t\t<div class=\"elementor-button-wrapper\">\n\t\t\t\t\t<a class=\"elementor-button elementor-button-link elementor-size-sm\" href=\"https:\/\/skippersplan.com\/fr\/obtenez-un-devis-dassurance-bateau\/\">\n\t\t\t\t\t\t<span class=\"elementor-button-content-wrapper\">\n\t\t\t\t\t\t\t\t\t<span class=\"elementor-button-text\">Obtenez un devis d\u00e8s aujourd'hui!<\/span>\n\t\t\t\t\t<\/span>\n\t\t\t\t\t<\/a>\n\t\t\t\t<\/div>\n\t\t\t\t\t\t\t\t<\/div>\n\t\t\t\t<\/div>\n\t\t\t\t<div class=\"elementor-element elementor-element-25efb51 elementor-widget elementor-widget-text-editor\" data-id=\"25efb51\" data-element_type=\"widget\" data-e-type=\"widget\" data-widget_type=\"text-editor.default\">\n\t\t\t\t<div class=\"elementor-widget-container\">\n\t\t\t\t\t\t\t\t\t<p class=\"BodyA\">Ne laissez pas la s\u00e9curit\u00e9 de votre assurance bateau au hasard. Obtenez d\u00e8s aujourd&rsquo;hui un devis d&rsquo;assurance personnalis\u00e9 aupr\u00e8s de Gallagher Skippers&rsquo; Plan. Notre syst\u00e8me de devis en ligne facile \u00e0 utiliser vous garantit de recevoir un devis comp\u00e9titif et personnalis\u00e9 adapt\u00e9 \u00e0 vos besoins sp\u00e9cifiques. Prot\u00e9gez votre bateau aujourd&rsquo;hui.<\/p>\n\t\t\t\t\t\t\t\t<\/div>\n\t\t\t\t<\/div>\n\t\t\t\t<div class=\"elementor-element elementor-element-afc7314 elementor-widget elementor-widget-spacer\" data-id=\"afc7314\" data-element_type=\"widget\" data-e-type=\"widget\" data-widget_type=\"spacer.default\">\n\t\t\t\t<div class=\"elementor-widget-container\">\n\t\t\t\t\t\t\t<div class=\"elementor-spacer\">\n\t\t\t<div class=\"elementor-spacer-inner\"><\/div>\n\t\t<\/div>\n\t\t\t\t\t\t<\/div>\n\t\t\t\t<\/div>\n\t\t\t\t\t<\/div>\n\t\t\t\t<\/div>\n\t\t\t\t\t<\/div>\n\t\t\t\t<\/div>\n\t\t\t\t<\/div>\n\t\t","protected":false},"excerpt":{"rendered":"<p>Chez Gallagher Skippers&rsquo; Plan, nous comprenons les besoins particuliers des amateurs de navigation de plaisance de l&rsquo;Ontario. Que vous naviguiez dans les Mille-\u00celes ou que vous p\u00eachiez dans le parc Algonquin, nos r\u00e9gimes d&rsquo;assurance nautique canadiens sont con\u00e7us en fonction de vos besoins. Depuis plus de 70 ans, Gallagher Skippers&rsquo; Plan est une marque de [&hellip;]<\/p>\n","protected":false},"author":3,"featured_media":30029,"parent":0,"menu_order":0,"comment_status":"closed","ping_status":"closed","template":"","meta":{"_acf_changed":false,"_monsterinsights_skip_tracking":false,"_monsterinsights_sitenote_active":false,"_monsterinsights_sitenote_note":"","_monsterinsights_sitenote_category":0,"footnotes":""},"class_list":["post-29593","page","type-page","status-publish","has-post-thumbnail","hentry"],"acf":[],"aioseo_notices":[],"_links":{"self":[{"href":"https:\/\/skippersplan.com\/fr\/wp-json\/wp\/v2\/pages\/29593","targetHints":{"allow":["GET"]}}],"collection":[{"href":"https:\/\/skippersplan.com\/fr\/wp-json\/wp\/v2\/pages"}],"about":[{"href":"https:\/\/skippersplan.com\/fr\/wp-json\/wp\/v2\/types\/page"}],"author":[{"embeddable":true,"href":"https:\/\/skippersplan.com\/fr\/wp-json\/wp\/v2\/users\/3"}],"replies":[{"embeddable":true,"href":"https:\/\/skippersplan.com\/fr\/wp-json\/wp\/v2\/comments?post=29593"}],"version-history":[{"count":1,"href":"https:\/\/skippersplan.com\/fr\/wp-json\/wp\/v2\/pages\/29593\/revisions"}],"predecessor-version":[{"id":29596,"href":"https:\/\/skippersplan.com\/fr\/wp-json\/wp\/v2\/pages\/29593\/revisions\/29596"}],"wp:featuredmedia":[{"embeddable":true,"href":"https:\/\/skippersplan.com\/fr\/wp-json\/wp\/v2\/media\/30029"}],"wp:attachment":[{"href":"https:\/\/skippersplan.com\/fr\/wp-json\/wp\/v2\/media?parent=29593"}],"curies":[{"name":"wp","href":"https:\/\/api.w.org\/{rel}","templated":true}]}}