{"id":29592,"date":"2025-03-06T20:15:24","date_gmt":"2025-03-07T01:15:24","guid":{"rendered":"https:\/\/skippersplan.com\/assurance-bateau-en-nouvelle-ecosse\/"},"modified":"2025-03-06T20:15:24","modified_gmt":"2025-03-07T01:15:24","slug":"assurance-bateau-en-nouvelle-ecosse","status":"publish","type":"page","link":"https:\/\/skippersplan.com\/fr\/assurance-bateau-en-nouvelle-ecosse\/","title":{"rendered":"Assurance bateau en Nouvelle-\u00c9cosse"},"content":{"rendered":"\t\t<div data-elementor-type=\"wp-page\" data-elementor-id=\"29592\" class=\"elementor elementor-29592 elementor-28991\" data-elementor-post-type=\"page\">\n\t\t\t\t<div class=\"elementor-element elementor-element-1f10d4c e-flex e-con-boxed e-con e-parent\" data-id=\"1f10d4c\" data-element_type=\"container\" data-e-type=\"container\">\n\t\t\t\t\t<div class=\"e-con-inner\">\n\t\t<div class=\"elementor-element elementor-element-fd4d17b e-con-full e-flex e-con e-child\" data-id=\"fd4d17b\" data-element_type=\"container\" data-e-type=\"container\">\n\t\t\t\t<div class=\"elementor-element elementor-element-7e7adea elementor-widget elementor-widget-text-editor\" data-id=\"7e7adea\" data-element_type=\"widget\" data-e-type=\"widget\" data-widget_type=\"text-editor.default\">\n\t\t\t\t<div class=\"elementor-widget-container\">\n\t\t\t\t\t\t\t\t\t<p>Chez Gallagher Skippers&rsquo; Plan, nous reconnaissons les besoins uniques des amateurs de navigation de plaisance de la Nouvelle-\u00c9cosse. Que vous naviguiez le long de la c\u00f4te ou que vous lanciez une ligne dans le magnifique lac Bras d&rsquo;Or, nos plans de navigation canadiens sont con\u00e7us sp\u00e9cifiquement pour vous. <\/p>\n<p>Depuis plus de 70 ans, Gallagher Skippers&rsquo; Plan est une marque de confiance en mati\u00e8re d&rsquo;assurance nautique partout au Canada. Notre \u00e9quipe d\u00e9vou\u00e9e de professionnels de l&rsquo;assurance s&rsquo;engage \u00e0 vous aider \u00e0 profiter au maximum de votre temps sur l&rsquo;eau en toute tranquillit\u00e9 d&rsquo;esprit. <\/p>\n<p><strong>S\u00e9lectionnez votre type de bateau pour en savoir plus sur la couverture d&rsquo;assurance du Plan Skippers Gallagher.<\/strong><\/p>\n<ul>\n<li><a title=\"Couverture d'assurance pour les croiseurs de la Nouvelle-\u00c9cosse\" href=\"https:\/\/skippersplan.com\/nova-scotia-cruiser-insurance\/\">Couverture d&rsquo;assurance pour les croiseurs de la Nouvelle-\u00c9cosse<\/a><\/li>\n<li><a title=\"Couverture d'assurance pour bateaux pontons en Nouvelle-\u00c9cosse\" href=\"https:\/\/skippersplan.com\/nova-scotia-pontoon-boat-insurance\/\">Couverture d&rsquo;assurance pour bateaux pontons en Nouvelle-\u00c9cosse<\/a><\/li>\n<li><a title=\"Assurance pour voiliers en Nouvelle-\u00c9cosse\" href=\"https:\/\/skippersplan.com\/nova-scotia-sailboat-insurance\/\">Assurance pour voiliers en Nouvelle-\u00c9cosse<\/a><\/li>\n<li><a title=\"Couverture d'assurance pour les motomarines de la Nouvelle-\u00c9cosse\" href=\"https:\/\/skippersplan.com\/nova-scotia-pwc-insurance\/\">Couverture d&rsquo;assurance pour les motomarines de la Nouvelle-\u00c9cosse<\/a><\/li>\n<li><a title=\"Couverture d'assurance pour les runabouts de la Nouvelle-\u00c9cosse\" href=\"https:\/\/skippersplan.com\/nova-scotia-runabout-insurance\/\">Couverture d&rsquo;assurance pour les runabouts de la Nouvelle-\u00c9cosse<\/a><\/li>\n<li><a title=\"Assurance pour bateaux de p\u00eache en Nouvelle-\u00c9cosse\" href=\"https:\/\/skippersplan.com\/nova-scotia-fishing-boat-insurance\/\">Assurance pour bateaux de p\u00eache en Nouvelle-\u00c9cosse<\/a><\/li>\n<li><a title=\"Couverture d'assurance pour les bateaux de p\u00eache \u00e0 l'achigan en Nouvelle-\u00c9cosse\" href=\"https:\/\/skippersplan.com\/nova-scotia-bass-boat-insurance-2\/\">Couverture d&rsquo;assurance pour les bateaux de p\u00eache \u00e0 l&rsquo;achigan en Nouvelle-\u00c9cosse<\/a><\/li>\n<li><a title=\"Couverture d'assurance pour les bateaux \u00e0 r\u00e9action en Nouvelle-\u00c9cosse\" href=\"https:\/\/skippersplan.com\/nova-scotia-jet-boat-insurance\/\">Couverture d&rsquo;assurance pour les bateaux \u00e0 r\u00e9action en Nouvelle-\u00c9cosse<\/a><\/li>\n<li><a title=\"Assurance pour bateaux de sport en Nouvelle-\u00c9cosse\" href=\"https:\/\/skippersplan.com\/nova-scotia-sport-boat-insurance\/\">Assurance pour bateaux de sport en Nouvelle-\u00c9cosse<\/a><\/li>\n<li><a title=\"Assurance pour bateaux pont\u00e9s en Nouvelle-\u00c9cosse\" href=\"https:\/\/skippersplan.com\/nova-scotia-deck-boat-insurance\/\">Assurance pour bateaux pont\u00e9s en Nouvelle-\u00c9cosse<\/a><\/li>\n<\/ul>\n\t\t\t\t\t\t\t\t<\/div>\n\t\t\t\t<\/div>\n\t\t\t\t<\/div>\n\t\t\t\t\t<\/div>\n\t\t\t\t<\/div>\n\t\t<div class=\"elementor-element elementor-element-91bbba3 e-flex e-con-boxed elementor-invisible e-con e-parent\" data-id=\"91bbba3\" data-element_type=\"container\" data-e-type=\"container\" data-settings=\"{&quot;background_background&quot;:&quot;classic&quot;,&quot;animation&quot;:&quot;slideInUp&quot;}\">\n\t\t\t\t\t<div class=\"e-con-inner\">\n\t\t<div class=\"elementor-element elementor-element-211f540 e-flex e-con-boxed e-con e-child\" data-id=\"211f540\" data-element_type=\"container\" data-e-type=\"container\">\n\t\t\t\t\t<div class=\"e-con-inner\">\n\t\t\t\t<div class=\"elementor-element elementor-element-355c739 elementor-widget elementor-widget-spacer\" data-id=\"355c739\" data-element_type=\"widget\" data-e-type=\"widget\" data-widget_type=\"spacer.default\">\n\t\t\t\t<div class=\"elementor-widget-container\">\n\t\t\t\t\t\t\t<div class=\"elementor-spacer\">\n\t\t\t<div class=\"elementor-spacer-inner\"><\/div>\n\t\t<\/div>\n\t\t\t\t\t\t<\/div>\n\t\t\t\t<\/div>\n\t\t\t\t<div class=\"elementor-element elementor-element-1b0cea0 elementor-align-center elementor-widget elementor-widget-button\" data-id=\"1b0cea0\" data-element_type=\"widget\" data-e-type=\"widget\" data-widget_type=\"button.default\">\n\t\t\t\t<div class=\"elementor-widget-container\">\n\t\t\t\t\t\t\t\t\t<div class=\"elementor-button-wrapper\">\n\t\t\t\t\t<a class=\"elementor-button elementor-button-link elementor-size-sm\" href=\"https:\/\/skippersplan.com\/fr\/obtenez-un-devis-dassurance-bateau\/\">\n\t\t\t\t\t\t<span class=\"elementor-button-content-wrapper\">\n\t\t\t\t\t\t\t\t\t<span class=\"elementor-button-text\">Obtenez un devis d\u00e8s aujourd'hui!<\/span>\n\t\t\t\t\t<\/span>\n\t\t\t\t\t<\/a>\n\t\t\t\t<\/div>\n\t\t\t\t\t\t\t\t<\/div>\n\t\t\t\t<\/div>\n\t\t\t\t<div class=\"elementor-element elementor-element-963f5a0 elementor-widget elementor-widget-text-editor\" data-id=\"963f5a0\" data-element_type=\"widget\" data-e-type=\"widget\" data-widget_type=\"text-editor.default\">\n\t\t\t\t<div class=\"elementor-widget-container\">\n\t\t\t\t\t\t\t\t\t<p class=\"BodyA\">Ne laissez pas la s\u00e9curit\u00e9 de votre assurance bateau au hasard. Obtenez d\u00e8s aujourd&rsquo;hui un devis d&rsquo;assurance personnalis\u00e9 aupr\u00e8s de Gallagher Skippers&rsquo; Plan. Notre syst\u00e8me de devis en ligne facile \u00e0 utiliser vous garantit de recevoir un devis comp\u00e9titif et personnalis\u00e9 adapt\u00e9 \u00e0 vos besoins sp\u00e9cifiques. Prot\u00e9gez votre bateau aujourd&rsquo;hui.<\/p>\n\t\t\t\t\t\t\t\t<\/div>\n\t\t\t\t<\/div>\n\t\t\t\t<div class=\"elementor-element elementor-element-7f95f81 elementor-widget elementor-widget-spacer\" data-id=\"7f95f81\" data-element_type=\"widget\" data-e-type=\"widget\" data-widget_type=\"spacer.default\">\n\t\t\t\t<div class=\"elementor-widget-container\">\n\t\t\t\t\t\t\t<div class=\"elementor-spacer\">\n\t\t\t<div class=\"elementor-spacer-inner\"><\/div>\n\t\t<\/div>\n\t\t\t\t\t\t<\/div>\n\t\t\t\t<\/div>\n\t\t\t\t\t<\/div>\n\t\t\t\t<\/div>\n\t\t\t\t\t<\/div>\n\t\t\t\t<\/div>\n\t\t\t\t<\/div>\n\t\t","protected":false},"excerpt":{"rendered":"<p>Chez Gallagher Skippers&rsquo; Plan, nous reconnaissons les besoins uniques des amateurs de navigation de plaisance de la Nouvelle-\u00c9cosse. Que vous naviguiez le long de la c\u00f4te ou que vous lanciez une ligne dans le magnifique lac Bras d&rsquo;Or, nos plans de navigation canadiens sont con\u00e7us sp\u00e9cifiquement pour vous. Depuis plus de 70 ans, Gallagher Skippers&rsquo; [&hellip;]<\/p>\n","protected":false},"author":3,"featured_media":30029,"parent":0,"menu_order":0,"comment_status":"closed","ping_status":"closed","template":"","meta":{"_acf_changed":false,"_monsterinsights_skip_tracking":false,"_monsterinsights_sitenote_active":false,"_monsterinsights_sitenote_note":"","_monsterinsights_sitenote_category":0,"footnotes":""},"class_list":["post-29592","page","type-page","status-publish","has-post-thumbnail","hentry"],"acf":[],"aioseo_notices":[],"_links":{"self":[{"href":"https:\/\/skippersplan.com\/fr\/wp-json\/wp\/v2\/pages\/29592","targetHints":{"allow":["GET"]}}],"collection":[{"href":"https:\/\/skippersplan.com\/fr\/wp-json\/wp\/v2\/pages"}],"about":[{"href":"https:\/\/skippersplan.com\/fr\/wp-json\/wp\/v2\/types\/page"}],"author":[{"embeddable":true,"href":"https:\/\/skippersplan.com\/fr\/wp-json\/wp\/v2\/users\/3"}],"replies":[{"embeddable":true,"href":"https:\/\/skippersplan.com\/fr\/wp-json\/wp\/v2\/comments?post=29592"}],"version-history":[{"count":1,"href":"https:\/\/skippersplan.com\/fr\/wp-json\/wp\/v2\/pages\/29592\/revisions"}],"predecessor-version":[{"id":29594,"href":"https:\/\/skippersplan.com\/fr\/wp-json\/wp\/v2\/pages\/29592\/revisions\/29594"}],"wp:featuredmedia":[{"embeddable":true,"href":"https:\/\/skippersplan.com\/fr\/wp-json\/wp\/v2\/media\/30029"}],"wp:attachment":[{"href":"https:\/\/skippersplan.com\/fr\/wp-json\/wp\/v2\/media?parent=29592"}],"curies":[{"name":"wp","href":"https:\/\/api.w.org\/{rel}","templated":true}]}}