{"id":29582,"date":"2025-03-06T18:02:22","date_gmt":"2025-03-06T23:02:22","guid":{"rendered":"https:\/\/skippersplan.com\/assurance-bateau-a-terre-neuve-et-labrador\/"},"modified":"2025-03-06T18:02:23","modified_gmt":"2025-03-06T23:02:23","slug":"assurance-bateau-a-terre-neuve-et-labrador","status":"publish","type":"page","link":"https:\/\/skippersplan.com\/fr\/assurance-bateau-a-terre-neuve-et-labrador\/","title":{"rendered":"Assurance bateau \u00e0 Terre-Neuve-et-Labrador"},"content":{"rendered":"\t\t<div data-elementor-type=\"wp-page\" data-elementor-id=\"29582\" class=\"elementor elementor-29582 elementor-28982\" data-elementor-post-type=\"page\">\n\t\t\t\t<div class=\"elementor-element elementor-element-d120d37 e-flex e-con-boxed e-con e-parent\" data-id=\"d120d37\" data-element_type=\"container\" data-e-type=\"container\">\n\t\t\t\t\t<div class=\"e-con-inner\">\n\t\t<div class=\"elementor-element elementor-element-21da368 e-con-full e-flex e-con e-child\" data-id=\"21da368\" data-element_type=\"container\" data-e-type=\"container\">\n\t\t\t\t<div class=\"elementor-element elementor-element-da1cf49 elementor-widget elementor-widget-text-editor\" data-id=\"da1cf49\" data-element_type=\"widget\" data-e-type=\"widget\" data-widget_type=\"text-editor.default\">\n\t\t\t\t<div class=\"elementor-widget-container\">\n\t\t\t\t\t\t\t\t\t<p>Chez Gallagher Skippers&rsquo; Plan, nous comprenons les besoins uniques des amateurs de navigation de Terre-Neuve-et-Labrador. Que vous naviguiez sur la c\u00f4te accident\u00e9e ou que vous p\u00eachiez dans la baie d&rsquo;Espoir, nos plans de navigation canadiens sont con\u00e7us sp\u00e9cialement pour vous. <\/p>\n<p>Depuis plus de 70 ans, Gallagher Skippers&rsquo; Plan est une marque de confiance en mati\u00e8re d&rsquo;assurance nautique au Canada. Notre \u00e9quipe d\u00e9vou\u00e9e de professionnels de l&rsquo;assurance s&rsquo;engage \u00e0 vous faire profiter de chaque instant sur l&rsquo;eau en toute confiance. <\/p>\n<p><strong>S\u00e9lectionnez votre type de bateau pour en savoir plus sur la couverture d&rsquo;assurance du Plan Skippers Gallagher.<\/strong><\/p>\n<ul>\n<li><a title=\"Couverture d'assurance pour bateaux de croisi\u00e8re \u00e0 Terre-Neuve-et-Labrador\" href=\"https:\/\/skippersplan.com\/newfoundland-labrador-cruiser-insurance\/\">Couverture d&rsquo;assurance pour bateaux de croisi\u00e8re \u00e0 Terre-Neuve-et-Labrador<\/a><\/li>\n<li><a title=\"Couverture d'assurance pour bateaux pontons \u00e0 Terre-Neuve-et-Labrador\" href=\"https:\/\/skippersplan.com\/newfoundland-labrador-pontoon-boat-insurance\/\">Couverture d&rsquo;assurance pour bateaux pontons \u00e0 Terre-Neuve-et-Labrador<\/a><\/li>\n<li><a title=\"Assurance pour voiliers \u00e0 Terre-Neuve-et-Labrador\" href=\"https:\/\/skippersplan.com\/newfoundland-labrador-sailboat-insurance\/\">Assurance pour voiliers \u00e0 Terre-Neuve-et-Labrador<\/a><\/li>\n<li><a title=\"Couverture d'assurance pour les bateaux \u00e0 moteur \u00e0 Terre-Neuve-et-Labrador\" href=\"https:\/\/skippersplan.com\/newfoundland-labrador-pwc-insurance\/\">Couverture d&rsquo;assurance pour les bateaux \u00e0 moteur \u00e0 Terre-Neuve-et-Labrador<\/a><\/li>\n<li><a title=\"Couverture d'assurance pour les runabouts \u00e0 Terre-Neuve-et-Labrador\" href=\"https:\/\/skippersplan.com\/newfoundland-labrador-runabout-insurance\/\">Couverture d&rsquo;assurance pour les runabouts \u00e0 Terre-Neuve-et-Labrador<\/a><\/li>\n<li><a title=\"Assurance pour bateaux de p\u00eache \u00e0 Terre-Neuve-et-Labrador\" href=\"https:\/\/skippersplan.com\/newfoundland-labrador-fishing-boat-insurance\/\">Assurance pour bateaux de p\u00eache \u00e0 Terre-Neuve-et-Labrador<\/a><\/li>\n<li><a title=\"Couverture d'assurance pour les bateaux de p\u00eache \u00e0 l'achigan \u00e0 Terre-Neuve-et-Labrador\" href=\"https:\/\/skippersplan.com\/fr\/couverture-dassurance-pour-les-bateaux-de-peche-a-lachigan-a-terre-neuve-et-labrador\/\">Couverture d&rsquo;assurance pour les bateaux de p\u00eache \u00e0 l&rsquo;achigan \u00e0 Terre-Neuve-et-Labrador<\/a><\/li>\n<li><a title=\"Couverture d'assurance pour bateaux \u00e0 r\u00e9action \u00e0 Terre-Neuve-et-Labrador\" href=\"https:\/\/skippersplan.com\/newfoundland-labrador-jet-boat-insurance\/\">Couverture d&rsquo;assurance pour bateaux \u00e0 r\u00e9action \u00e0 Terre-Neuve-et-Labrador<\/a><\/li>\n<li><a title=\"Assurance pour bateaux de sport \u00e0 Terre-Neuve-et-Labrador\" href=\"https:\/\/skippersplan.com\/newfoundland-labrador-sport-boat-insurance\/\">Assurance pour bateaux de sport \u00e0 Terre-Neuve-et-Labrador<\/a><\/li>\n<li><a title=\"Couverture d'assurance pour bateaux pont\u00e9s \u00e0 Terre-Neuve-et-Labrador\" href=\"https:\/\/skippersplan.com\/newfoundland-labrador-deck-boat-insurance\/\">Couverture d&rsquo;assurance pour bateaux pont\u00e9s \u00e0 Terre-Neuve-et-Labrador<\/a><\/li>\n<\/ul>\n\t\t\t\t\t\t\t\t<\/div>\n\t\t\t\t<\/div>\n\t\t\t\t<\/div>\n\t\t\t\t\t<\/div>\n\t\t\t\t<\/div>\n\t\t<div class=\"elementor-element elementor-element-591cc2e e-flex e-con-boxed elementor-invisible e-con e-parent\" data-id=\"591cc2e\" data-element_type=\"container\" data-e-type=\"container\" data-settings=\"{&quot;background_background&quot;:&quot;classic&quot;,&quot;animation&quot;:&quot;slideInUp&quot;}\">\n\t\t\t\t\t<div class=\"e-con-inner\">\n\t\t<div class=\"elementor-element elementor-element-b2ea39f e-flex e-con-boxed e-con e-child\" data-id=\"b2ea39f\" data-element_type=\"container\" data-e-type=\"container\">\n\t\t\t\t\t<div class=\"e-con-inner\">\n\t\t\t\t<div class=\"elementor-element elementor-element-dd0745e elementor-widget elementor-widget-spacer\" data-id=\"dd0745e\" data-element_type=\"widget\" data-e-type=\"widget\" data-widget_type=\"spacer.default\">\n\t\t\t\t<div class=\"elementor-widget-container\">\n\t\t\t\t\t\t\t<div class=\"elementor-spacer\">\n\t\t\t<div class=\"elementor-spacer-inner\"><\/div>\n\t\t<\/div>\n\t\t\t\t\t\t<\/div>\n\t\t\t\t<\/div>\n\t\t\t\t<div class=\"elementor-element elementor-element-3120e07 elementor-align-center elementor-widget elementor-widget-button\" data-id=\"3120e07\" data-element_type=\"widget\" data-e-type=\"widget\" data-widget_type=\"button.default\">\n\t\t\t\t<div class=\"elementor-widget-container\">\n\t\t\t\t\t\t\t\t\t<div class=\"elementor-button-wrapper\">\n\t\t\t\t\t<a class=\"elementor-button elementor-button-link elementor-size-sm\" href=\"https:\/\/skippersplan.com\/fr\/obtenez-un-devis-dassurance-bateau\/\">\n\t\t\t\t\t\t<span class=\"elementor-button-content-wrapper\">\n\t\t\t\t\t\t\t\t\t<span class=\"elementor-button-text\">Obtenez un devis d\u00e8s aujourd'hui!<\/span>\n\t\t\t\t\t<\/span>\n\t\t\t\t\t<\/a>\n\t\t\t\t<\/div>\n\t\t\t\t\t\t\t\t<\/div>\n\t\t\t\t<\/div>\n\t\t\t\t<div class=\"elementor-element elementor-element-022c921 elementor-widget elementor-widget-text-editor\" data-id=\"022c921\" data-element_type=\"widget\" data-e-type=\"widget\" data-widget_type=\"text-editor.default\">\n\t\t\t\t<div class=\"elementor-widget-container\">\n\t\t\t\t\t\t\t\t\t<p class=\"BodyA\">Ne laissez pas la s\u00e9curit\u00e9 de votre assurance bateau au hasard. Obtenez d\u00e8s aujourd&rsquo;hui un devis d&rsquo;assurance personnalis\u00e9 aupr\u00e8s de Gallagher Skippers&rsquo; Plan. Notre syst\u00e8me de devis en ligne facile \u00e0 utiliser vous garantit de recevoir un devis comp\u00e9titif et personnalis\u00e9 adapt\u00e9 \u00e0 vos besoins sp\u00e9cifiques. Prot\u00e9gez votre bateau aujourd&rsquo;hui.<\/p>\n\t\t\t\t\t\t\t\t<\/div>\n\t\t\t\t<\/div>\n\t\t\t\t<div class=\"elementor-element elementor-element-8ba67ff elementor-widget elementor-widget-spacer\" data-id=\"8ba67ff\" data-element_type=\"widget\" data-e-type=\"widget\" data-widget_type=\"spacer.default\">\n\t\t\t\t<div class=\"elementor-widget-container\">\n\t\t\t\t\t\t\t<div class=\"elementor-spacer\">\n\t\t\t<div class=\"elementor-spacer-inner\"><\/div>\n\t\t<\/div>\n\t\t\t\t\t\t<\/div>\n\t\t\t\t<\/div>\n\t\t\t\t\t<\/div>\n\t\t\t\t<\/div>\n\t\t\t\t\t<\/div>\n\t\t\t\t<\/div>\n\t\t\t\t<\/div>\n\t\t","protected":false},"excerpt":{"rendered":"<p>Chez Gallagher Skippers&rsquo; Plan, nous comprenons les besoins uniques des amateurs de navigation de Terre-Neuve-et-Labrador. Que vous naviguiez sur la c\u00f4te accident\u00e9e ou que vous p\u00eachiez dans la baie d&rsquo;Espoir, nos plans de navigation canadiens sont con\u00e7us sp\u00e9cialement pour vous. Depuis plus de 70 ans, Gallagher Skippers&rsquo; Plan est une marque de confiance en mati\u00e8re [&hellip;]<\/p>\n","protected":false},"author":3,"featured_media":30029,"parent":0,"menu_order":0,"comment_status":"closed","ping_status":"closed","template":"","meta":{"_acf_changed":false,"_monsterinsights_skip_tracking":false,"_monsterinsights_sitenote_active":false,"_monsterinsights_sitenote_note":"","_monsterinsights_sitenote_category":0,"footnotes":""},"class_list":["post-29582","page","type-page","status-publish","has-post-thumbnail","hentry"],"acf":[],"aioseo_notices":[],"_links":{"self":[{"href":"https:\/\/skippersplan.com\/fr\/wp-json\/wp\/v2\/pages\/29582","targetHints":{"allow":["GET"]}}],"collection":[{"href":"https:\/\/skippersplan.com\/fr\/wp-json\/wp\/v2\/pages"}],"about":[{"href":"https:\/\/skippersplan.com\/fr\/wp-json\/wp\/v2\/types\/page"}],"author":[{"embeddable":true,"href":"https:\/\/skippersplan.com\/fr\/wp-json\/wp\/v2\/users\/3"}],"replies":[{"embeddable":true,"href":"https:\/\/skippersplan.com\/fr\/wp-json\/wp\/v2\/comments?post=29582"}],"version-history":[{"count":1,"href":"https:\/\/skippersplan.com\/fr\/wp-json\/wp\/v2\/pages\/29582\/revisions"}],"predecessor-version":[{"id":29583,"href":"https:\/\/skippersplan.com\/fr\/wp-json\/wp\/v2\/pages\/29582\/revisions\/29583"}],"wp:featuredmedia":[{"embeddable":true,"href":"https:\/\/skippersplan.com\/fr\/wp-json\/wp\/v2\/media\/30029"}],"wp:attachment":[{"href":"https:\/\/skippersplan.com\/fr\/wp-json\/wp\/v2\/media?parent=29582"}],"curies":[{"name":"wp","href":"https:\/\/api.w.org\/{rel}","templated":true}]}}