{"id":29550,"date":"2025-03-06T17:27:43","date_gmt":"2025-03-06T22:27:43","guid":{"rendered":"https:\/\/skippersplan.com\/avis-de-conformite\/"},"modified":"2025-03-06T17:27:43","modified_gmt":"2025-03-06T22:27:43","slug":"avis-de-conformite","status":"publish","type":"page","link":"https:\/\/skippersplan.com\/fr\/avis-de-conformite\/","title":{"rendered":"Avis de conformit\u00e9"},"content":{"rendered":"\t\t<div data-elementor-type=\"wp-page\" data-elementor-id=\"29550\" class=\"elementor elementor-29550 elementor-29163\" data-elementor-post-type=\"page\">\n\t\t\t\t<div class=\"elementor-element elementor-element-a150314 e-flex e-con-boxed e-con e-parent\" data-id=\"a150314\" data-element_type=\"container\" data-e-type=\"container\">\n\t\t\t\t\t<div class=\"e-con-inner\">\n\t\t\t\t<div class=\"elementor-element elementor-element-dcbb4fc elementor-widget elementor-widget-text-editor\" data-id=\"dcbb4fc\" data-element_type=\"widget\" data-e-type=\"widget\" data-widget_type=\"text-editor.default\">\n\t\t\t\t<div class=\"elementor-widget-container\">\n\t\t\t\t\t\t\t\t\t<div class=\"col-sm-12 offset-md-1 col-md-10 offset-lg-0 col-lg-8 ajg-content-container ajg-rich-text-content\">\n<div id=\"ajgWpssbd406b0e032640fcb34ec2eea6e3274aCD863615-6CB1-46B4-804F-07DB8ABEBA90\" class=\"ajg-scroll-spy-component-container\" data-componentid=\"ajgWpssbd406b0e032640fcb34ec2eea6e3274aCD863615-6CB1-46B4-804F-07DB8ABEBA90\">\n<div id=\"CD863615-6CB1-46B4-804F-07DB8ABEBA90\" class=\" ajg-component-rte ajg-content-container ajg-rich-text-content ajg-rte\">\n<p>En tant que consommateur d&rsquo;assurance, vous avez des droits lorsque vous traitez avec un courtier d&rsquo;assurance. Les avis fournis ci-dessous vous guident sur la fa\u00e7on dont Gallagher m\u00e8ne ses activit\u00e9s au Canada et en Ontario. Nous sommes fiers de dire que Gallagher respecte ou d\u00e9passe ces directives, et nous sommes convaincus que ces normes se refl\u00e8tent dans le service que vous recevez de notre part.  <\/p>\n<p>Si vous avez des questions sur ces avis, contactez directement votre repr\u00e9sentant d\u2019assurance Gallagher.<\/p>\n<h3>Principes de conduite du CISRO pour le Canada<\/h3>\n<p>Les organismes de r\u00e9glementation des services d\u2019assurance du Canada (CISRO) ont d\u00e9fini les principes de conduite des interm\u00e9diaires d\u2019assurance exer\u00e7ant des activit\u00e9s au Canada, qui s\u2019appliquent \u00e0 tous les courtiers d\u2019assurance partout au Canada.<\/p>\n<\/div>\n<\/div>\n<\/div>\n\t\t\t\t\t\t\t\t<\/div>\n\t\t\t\t<\/div>\n\t\t\t\t<div class=\"elementor-element elementor-element-1e20551 elementor-widget elementor-widget-button\" data-id=\"1e20551\" data-element_type=\"widget\" data-e-type=\"widget\" data-widget_type=\"button.default\">\n\t\t\t\t<div class=\"elementor-widget-container\">\n\t\t\t\t\t\t\t\t\t<div class=\"elementor-button-wrapper\">\n\t\t\t\t\t<a class=\"elementor-button elementor-button-link elementor-size-sm\" href=\"https:\/\/skippersplan.com\/wp-content\/uploads\/2024\/10\/cisro-principles-of-conduct-for-insurance-intermediaries.pdf\" target=\"_blank\">\n\t\t\t\t\t\t<span class=\"elementor-button-content-wrapper\">\n\t\t\t\t\t\t<span class=\"elementor-button-icon\">\n\t\t\t\t<i aria-hidden=\"true\" class=\"fas fa-greater-than\"><\/i>\t\t\t<\/span>\n\t\t\t\t\t\t\t\t\t<span class=\"elementor-button-text\">T\u00c9L\u00c9CHARGER EN ANGLAIS<\/span>\n\t\t\t\t\t<\/span>\n\t\t\t\t\t<\/a>\n\t\t\t\t<\/div>\n\t\t\t\t\t\t\t\t<\/div>\n\t\t\t\t<\/div>\n\t\t\t\t<div class=\"elementor-element elementor-element-8133f4f elementor-widget elementor-widget-button\" data-id=\"8133f4f\" data-element_type=\"widget\" data-e-type=\"widget\" data-widget_type=\"button.default\">\n\t\t\t\t<div class=\"elementor-widget-container\">\n\t\t\t\t\t\t\t\t\t<div class=\"elementor-button-wrapper\">\n\t\t\t\t\t<a class=\"elementor-button elementor-button-link elementor-size-sm\" href=\"https:\/\/skippersplan.com\/wp-content\/uploads\/2024\/10\/principes-de-conduite-a-lintention-des-intermediaires-en-assurance.pdf\" target=\"_blank\">\n\t\t\t\t\t\t<span class=\"elementor-button-content-wrapper\">\n\t\t\t\t\t\t<span class=\"elementor-button-icon\">\n\t\t\t\t<i aria-hidden=\"true\" class=\"fas fa-greater-than\"><\/i>\t\t\t<\/span>\n\t\t\t\t\t\t\t\t\t<span class=\"elementor-button-text\">T\u00c9L\u00c9CHARGER FRAN\u00c7AIS<\/span>\n\t\t\t\t\t<\/span>\n\t\t\t\t\t<\/a>\n\t\t\t\t<\/div>\n\t\t\t\t\t\t\t\t<\/div>\n\t\t\t\t<\/div>\n\t\t\t\t<div class=\"elementor-element elementor-element-902750a elementor-widget elementor-widget-text-editor\" data-id=\"902750a\" data-element_type=\"widget\" data-e-type=\"widget\" data-widget_type=\"text-editor.default\">\n\t\t\t\t<div class=\"elementor-widget-container\">\n\t\t\t\t\t\t\t\t\t<h3>Fiche d&rsquo;information sur les droits des consommateurs de RIBO pour l&rsquo;Ontario<\/h3>\n<p>Les courtiers d&rsquo;assurance inscrits de l&rsquo;Ontario (RIBO), l&rsquo;organisme directeur de l&rsquo;Ontario pour la conduite des courtiers d&rsquo;assurance agr\u00e9\u00e9s en Ontario, ont publi\u00e9 une mise \u00e0 jour contenant des faits sur les courtiers d&rsquo;assurance inscrits et des informations sur vos droits et obligations dans le processus d&rsquo;assurance.<\/p>\n\t\t\t\t\t\t\t\t<\/div>\n\t\t\t\t<\/div>\n\t\t\t\t<div class=\"elementor-element elementor-element-b40584f elementor-widget elementor-widget-button\" data-id=\"b40584f\" data-element_type=\"widget\" data-e-type=\"widget\" data-widget_type=\"button.default\">\n\t\t\t\t<div class=\"elementor-widget-container\">\n\t\t\t\t\t\t\t\t\t<div class=\"elementor-button-wrapper\">\n\t\t\t\t\t<a class=\"elementor-button elementor-button-link elementor-size-sm\" href=\"https:\/\/skippersplan.com\/wp-content\/uploads\/2024\/10\/ribo-consumer-fact-sheet.pdf\" target=\"_blank\">\n\t\t\t\t\t\t<span class=\"elementor-button-content-wrapper\">\n\t\t\t\t\t\t<span class=\"elementor-button-icon\">\n\t\t\t\t<i aria-hidden=\"true\" class=\"fas fa-greater-than\"><\/i>\t\t\t<\/span>\n\t\t\t\t\t\t\t\t\t<span class=\"elementor-button-text\">T\u00c9L\u00c9CHARGER<\/span>\n\t\t\t\t\t<\/span>\n\t\t\t\t\t<\/a>\n\t\t\t\t<\/div>\n\t\t\t\t\t\t\t\t<\/div>\n\t\t\t\t<\/div>\n\t\t\t\t<div class=\"elementor-element elementor-element-bd42e6b elementor-widget elementor-widget-spacer\" data-id=\"bd42e6b\" data-element_type=\"widget\" data-e-type=\"widget\" data-widget_type=\"spacer.default\">\n\t\t\t\t<div class=\"elementor-widget-container\">\n\t\t\t\t\t\t\t<div class=\"elementor-spacer\">\n\t\t\t<div class=\"elementor-spacer-inner\"><\/div>\n\t\t<\/div>\n\t\t\t\t\t\t<\/div>\n\t\t\t\t<\/div>\n\t\t\t\t\t<\/div>\n\t\t\t\t<\/div>\n\t\t\t\t<\/div>\n\t\t","protected":false},"excerpt":{"rendered":"<p>En tant que consommateur d&rsquo;assurance, vous avez des droits lorsque vous traitez avec un courtier d&rsquo;assurance. Les avis fournis ci-dessous vous guident sur la fa\u00e7on dont Gallagher m\u00e8ne ses activit\u00e9s au Canada et en Ontario. Nous sommes fiers de dire que Gallagher respecte ou d\u00e9passe ces directives, et nous sommes convaincus que ces normes se [&hellip;]<\/p>\n","protected":false},"author":3,"featured_media":30029,"parent":0,"menu_order":0,"comment_status":"closed","ping_status":"closed","template":"","meta":{"_acf_changed":false,"_monsterinsights_skip_tracking":false,"_monsterinsights_sitenote_active":false,"_monsterinsights_sitenote_note":"","_monsterinsights_sitenote_category":0,"footnotes":""},"class_list":["post-29550","page","type-page","status-publish","has-post-thumbnail","hentry"],"acf":[],"aioseo_notices":[],"_links":{"self":[{"href":"https:\/\/skippersplan.com\/fr\/wp-json\/wp\/v2\/pages\/29550","targetHints":{"allow":["GET"]}}],"collection":[{"href":"https:\/\/skippersplan.com\/fr\/wp-json\/wp\/v2\/pages"}],"about":[{"href":"https:\/\/skippersplan.com\/fr\/wp-json\/wp\/v2\/types\/page"}],"author":[{"embeddable":true,"href":"https:\/\/skippersplan.com\/fr\/wp-json\/wp\/v2\/users\/3"}],"replies":[{"embeddable":true,"href":"https:\/\/skippersplan.com\/fr\/wp-json\/wp\/v2\/comments?post=29550"}],"version-history":[{"count":1,"href":"https:\/\/skippersplan.com\/fr\/wp-json\/wp\/v2\/pages\/29550\/revisions"}],"predecessor-version":[{"id":29551,"href":"https:\/\/skippersplan.com\/fr\/wp-json\/wp\/v2\/pages\/29550\/revisions\/29551"}],"wp:featuredmedia":[{"embeddable":true,"href":"https:\/\/skippersplan.com\/fr\/wp-json\/wp\/v2\/media\/30029"}],"wp:attachment":[{"href":"https:\/\/skippersplan.com\/fr\/wp-json\/wp\/v2\/media?parent=29550"}],"curies":[{"name":"wp","href":"https:\/\/api.w.org\/{rel}","templated":true}]}}