{"id":29484,"date":"2025-03-06T10:33:16","date_gmt":"2025-03-06T15:33:16","guid":{"rendered":"https:\/\/skippersplan.com\/declaration-de-services-de-courtage-et-de-remuneration\/"},"modified":"2026-03-25T09:39:42","modified_gmt":"2026-03-25T13:39:42","slug":"declaration-de-services-de-courtage-et-de-remuneration","status":"publish","type":"page","link":"https:\/\/skippersplan.com\/fr\/declaration-de-services-de-courtage-et-de-remuneration\/","title":{"rendered":"D\u00e9claration de services de courtage et de r\u00e9mun\u00e9ration"},"content":{"rendered":"\t\t<div data-elementor-type=\"wp-page\" data-elementor-id=\"29484\" class=\"elementor elementor-29484 elementor-29150\" data-elementor-post-type=\"page\">\n\t\t\t\t<div class=\"elementor-element elementor-element-ec3615d e-flex e-con-boxed e-con e-parent\" data-id=\"ec3615d\" data-element_type=\"container\" data-e-type=\"container\">\n\t\t\t\t\t<div class=\"e-con-inner\">\n\t\t\t\t<div class=\"elementor-element elementor-element-5ec3721 elementor-widget elementor-widget-text-editor\" data-id=\"5ec3721\" data-element_type=\"widget\" data-e-type=\"widget\" data-widget_type=\"text-editor.default\">\n\t\t\t\t<div class=\"elementor-widget-container\">\n\t\t\t\t\t\t\t\t\t<div class=\"col-sm-12 offset-md-1 col-md-10 offset-lg-0 col-lg-8 ajg-content-container ajg-rich-text-content\">\n<div id=\"ajgWpssbd406b0e032640fcb34ec2eea6e3274aCD863615-6CB1-46B4-804F-07DB8ABEBA90\" class=\"ajg-scroll-spy-component-container\" data-componentid=\"ajgWpssbd406b0e032640fcb34ec2eea6e3274aCD863615-6CB1-46B4-804F-07DB8ABEBA90\">\n<div id=\"CD863615-6CB1-46B4-804F-07DB8ABEBA90\" class=\" ajg-component-rte ajg-content-container ajg-rich-text-content ajg-rte\">\n<section id=\"7533513D-6E08-4EF1-A430-5AC605751C9C\" class=\"container ajg-max-width ajg-hero-no-image\" role=\"banner\" aria-label=\"Page Title and Header\">\n<div class=\"container ajg-inner-width\">\n<div class=\"row row-no-padding\">\n<div class=\"col-sm-12 offset-md-1 col-md-9 col-lg-8 ajg-hero-content-cont\">\n<div class=\"ajg-hero-text-cont\">\n<div class=\"ajg-hero-text\">\n<h3>Mise \u00e0 jour en juillet 2024<\/h3>\n<\/div>\n<\/div>\n<\/div>\n<\/div>\n<\/div>\n<\/section>\n<section id=\"7EC59B62-6949-4EE1-82C6-87A17C3C1347\" class=\"container ajg-conent ajg-inner-width \" aria-label=\"Page Content\">\n<div class=\"row\">\n<div class=\"col-sm-12 offset-md-1 col-md-10 offset-lg-2 col-lg-8 ajg-content-container ajg-rich-text-content\">\n<p>En tant que courtier d&rsquo;assurance ind\u00e9pendant, notre r\u00f4le est de vous fournir les meilleurs produits d&rsquo;assurance qui combinent couverture, service et prix. Nous vous offrons un service personnalis\u00e9, des conseils d&rsquo;experts en mati\u00e8re d&rsquo;assurance, une maintenance continue de votre police et agissons en tant que d\u00e9fenseur lorsque des probl\u00e8mes surviennent concernant votre couverture d&rsquo;assurance. <\/p>\n<p>La r\u00e9mun\u00e9ration des courtiers fait partie de votre prime d&rsquo;assurance. Pour votre information, vous trouverez ci-dessous une description des secteurs d&rsquo;activit\u00e9 que nous repr\u00e9sentons, y compris la fourchette de r\u00e9mun\u00e9ration que chacun propose en pourcentage de la prime qui appara\u00eet sur votre facture. <\/p>\n<ul>\n<li>Ventilation des biens commerciaux et des \u00e9quipements %-20%<\/li>\n<li>Fid\u00e9lit\u00e9 \/ Crime 10 %-20%<\/li>\n<li>Responsabilit\u00e9 professionnelle %-15%<\/li>\n<li>Transport maritime \/ fret 10 %-20%<\/li>\n<li>V\u00e9hicules commerciaux 7,5 %-12.5%<\/li>\n<li>Responsabilit\u00e9 civile g\u00e9n\u00e9rale \/ responsabilit\u00e9 civile compl\u00e9mentaire 7,5 %-15%<\/li>\n<li>Responsabilit\u00e9 de gestion 10 %-17.5%<\/li>\n<li>Caution %-30%<\/li>\n<li>Responsabilit\u00e9 civile commerciale g\u00e9n\u00e9rale %-25%<\/li>\n<li>Voiture personnelle 3 %-19.75%<\/li>\n<li>Voyage m\u00e9dical 5 %-34%<\/li>\n<li>Biens personnels %-20%<\/li>\n<li>Motomarine %-25%<\/li>\n<\/ul>\n<p>Ce pourcentage de commission est vers\u00e9 annuellement pour les affaires nouvelles, les affaires renouvel\u00e9es et toute transaction de police \u00e0 mi-parcours g\u00e9n\u00e9rant une prime suppl\u00e9mentaire. En cas d&rsquo;augmentation de l&rsquo;indemnisation vers\u00e9e par votre assureur, nous vous en informerons. <\/p>\n<p>De plus, les assureurs mentionn\u00e9s ci-dessous reconnaissent nos efforts par le biais d&rsquo;un contrat de commission conditionnelle. Le paiement de cette commission conditionnelle d\u00e9pend d&rsquo;une combinaison de croissance, de rentabilit\u00e9 (taux de sinistres), de volume, de r\u00e9tention et d&rsquo;augmentation des services que nous fournissons au nom de l&rsquo;assureur. Il est bas\u00e9 sur l&rsquo;ensemble de notre portefeuille d&rsquo;affaires avec cet assureur et non sur des polices individuelles. Pour des informations d\u00e9taill\u00e9es sur la commission conditionnelle, veuillez vous r\u00e9f\u00e9rer au site Web de l&rsquo;assureur concern\u00e9. La commission conditionnelle n&rsquo;est pas garantie. Arthur J. Gallagher peut, de temps \u00e0 autre, conclure des accords non standard qui pourraient avoir des conditions de r\u00e9mun\u00e9ration qui se situent en dehors de ces fourchettes. Nous pouvons effectuer des services suppl\u00e9mentaires tels que la saisie de donn\u00e9es, le traitement des paiements de sinistres, la r\u00e9alisation d&rsquo;\u00e9tudes de site et la fourniture d&rsquo;une plateforme d&rsquo;analyse des opportunit\u00e9s de march\u00e9. Ce travail suppl\u00e9mentaire est r\u00e9mun\u00e9r\u00e9 par le paiement d&rsquo;honoraires ou d&rsquo;une commission convenus.       <\/p>\n<table>\n<tbody>\n<tr>\n<td>\n<ul>\n<li>Compagnie d&rsquo;assurance AIG du Canada<\/li>\n<li>Allianz Global Risks, compagnie d&rsquo;assurance am\u00e9ricaine<\/li>\n<li>Compagnie d&rsquo;assurance Arch<\/li>\n<li>Aviva, compagnie d&rsquo;assurance du Canada<\/li>\n<li>Compagnie d&rsquo;assurance CAA<\/li>\n<li>Chubb du Canada, compagnie d&rsquo;assurance<\/li>\n<li>CNA Canada, Inc.<\/li>\n<li>Groupe d&rsquo;assurance eccl\u00e9siastique<\/li>\n<li>Groupe d&rsquo;assurance Economical<\/li>\n<li>Compagnie d&rsquo;assurance mutuelle Gore<\/li>\n<li>Soci\u00e9t\u00e9 d&rsquo;assurance de la Colombie-Britannique<\/li>\n<li>Intact Assurance (incluant Novex)<\/li>\n<li>Libert\u00e9 Mutuelle<\/li>\n<li>Lloyd&rsquo;s<\/li>\n<li>Soci\u00e9t\u00e9 d&rsquo;assurance publique du Manitoba (SAP)<\/li>\n<li>Soci\u00e9t\u00e9 d&rsquo;assurance du mill\u00e9naire<\/li>\n<\/ul>\n<\/td>\n<td>\n<ul>\n<li>Assurance Northbridge<\/li>\n<li>Compagnie d&rsquo;assurance g\u00e9n\u00e9rale Pafco<\/li>\n<li>Compagnie d&rsquo;assurance Peace Hills<\/li>\n<li>Compagnie d&rsquo;assurance Pembridge<\/li>\n<li>Promutuel Assurance<\/li>\n<li>Compagnie d&rsquo;Assurance Mutuelle Red River Valley<\/li>\n<li>SGI CANADA Services d&rsquo;Assurances Lt\u00e9e (y compris Coachman Insurance Co.)<\/li>\n<li>Assurance G\u00e9n\u00e9rale Souveraine<\/li>\n<li>Assurance maritime et incendie \u00e0 Tokyo<\/li>\n<li>Compagnie d&rsquo;Assurance Travelers du Canada<\/li>\n<li>Compagnie d&rsquo;assurance garantie Trisura<\/li>\n<li>La Compagnie Mutuelle d\u2019Assurance Wawanesa.<\/li>\n<li>L&rsquo;Unique Assurances g\u00e9n\u00e9rales<\/li>\n<li>Compagnie de cautionnement de l&rsquo;Ouest<\/li>\n<li>Groupe d&rsquo;assurance Wynward<\/li>\n<li>Zurich Compagnie d&rsquo;Assurances SA<\/li>\n<\/ul>\n<\/td>\n<\/tr>\n<\/tbody>\n<\/table>\n<p>De temps \u00e0 autre, les compagnies d&rsquo;assurance offrent des avantages aux courtiers individuels, notamment des participations \u00e0 des concours, des voyages et d&rsquo;autres formes d&rsquo;hospitalit\u00e9. Ces avantages commerciaux sont g\u00e9n\u00e9ralement bas\u00e9s sur des crit\u00e8res de performance \u00e9tablis par l&rsquo;assureur. Nos courtiers s&rsquo;engagent \u00e0 fournir des conseils objectifs \u00e0 leurs clients et, nonobstant la r\u00e9ception de tels avantages, ils se pr\u00e9occupent avant tout de servir les int\u00e9r\u00eats de nos clients. Votre assureur vous fournira un Code des droits et responsabilit\u00e9s du consommateur, ainsi que vos documents de police. Si vous avez des questions \u00e0 ce sujet ou sur tout autre aspect de votre assurance, n&rsquo;h\u00e9sitez pas \u00e0 nous contacter.    <\/p>\n<h3>D\u00e9claration de divulgation du financement premium<\/h3>\n<p>Tout au long de cette divulgation, les mots \u00ab AJGCL \u00bb, \u00ab nous \u00bb et \u00ab notre \u00bb font r\u00e9f\u00e9rence \u00e0 Arthur J. Gallagher Canada Limited. Les mots \u00ab Client \u00bb, \u00ab vous \u00bb et \u00ab votre \u00bb font r\u00e9f\u00e9rence au destinataire. Veuillez lire attentivement les informations importantes \u00e9nonc\u00e9es ci-dessous concernant la relation d&rsquo;AJGCL avec vous et avec certaines soci\u00e9t\u00e9s de financement de primes.  <\/p>\n<p>AJGCL agit fr\u00e9quemment comme interm\u00e9diaire dans l&rsquo;organisation de services de financement de primes pour ses clients assureurs. Veuillez noter qu&rsquo;AJGCL a conclu une entente exclusive avec Momentus Canada Inc. pour fournir des devis de financement de primes \u00e0 nos clients. <\/p>\n<p>Si AJGCL organise un financement de prime avec Momentus Canada Inc., AJGCL est r\u00e9mun\u00e9r\u00e9e par ce fournisseur, lorsque la loi provinciale applicable le permet, en fonction du montant de la prime financ\u00e9e et des services administratifs fournis par AJGCL. Si vous choisissez de financer votre prime, AJGCL s&rsquo;attend \u00e0 gagner un montant compris entre 0,4 % et 1 % de la prime totale. <\/p>\n<p>AJGCL a \u00e9galement conclu une entente avec FIRST Insurance Funding of Canada. Si AJGCL organise un financement de prime avec FIRST Insurance Funding of Canada, AJGCL est, lorsque la loi provinciale applicable le permet, r\u00e9mun\u00e9r\u00e9e par ce fournisseur en fonction du montant de la prime financ\u00e9e et des services administratifs fournis par AJGCL. Si vous choisissez de financer votre prime, AJGCL s&rsquo;attend \u00e0 gagner un montant compris entre 0,4 % et 1 % de la prime totale.  <\/p>\n<p>Si vous avez des questions concernant les devis de financement premium, veuillez contacter votre producteur.<\/p>\n<\/div>\n<\/div>\n<\/section>\n<\/div>\n<\/div>\n<\/div>\n\t\t\t\t\t\t\t\t<\/div>\n\t\t\t\t<\/div>\n\t\t\t\t<div class=\"elementor-element elementor-element-b7c10f1 elementor-widget elementor-widget-button\" data-id=\"b7c10f1\" data-element_type=\"widget\" data-e-type=\"widget\" data-widget_type=\"button.default\">\n\t\t\t\t<div class=\"elementor-widget-container\">\n\t\t\t\t\t\t\t\t\t<div class=\"elementor-button-wrapper\">\n\t\t\t\t\t<a class=\"elementor-button elementor-button-link elementor-size-sm\" href=\"https:\/\/skippersplan.com\/wp-content\/uploads\/2024\/10\/gallagher-statement-of-brokerage-services-and-compensation-rev-jul-2024.pdf\" target=\"_blank\">\n\t\t\t\t\t\t<span class=\"elementor-button-content-wrapper\">\n\t\t\t\t\t\t<span class=\"elementor-button-icon\">\n\t\t\t\t<i aria-hidden=\"true\" class=\"fas fa-greater-than\"><\/i>\t\t\t<\/span>\n\t\t\t\t\t\t\t\t\t<span class=\"elementor-button-text\">VOIR EN PDF<\/span>\n\t\t\t\t\t<\/span>\n\t\t\t\t\t<\/a>\n\t\t\t\t<\/div>\n\t\t\t\t\t\t\t\t<\/div>\n\t\t\t\t<\/div>\n\t\t\t\t<div class=\"elementor-element elementor-element-17de70b elementor-widget elementor-widget-spacer\" data-id=\"17de70b\" data-element_type=\"widget\" data-e-type=\"widget\" data-widget_type=\"spacer.default\">\n\t\t\t\t<div class=\"elementor-widget-container\">\n\t\t\t\t\t\t\t<div class=\"elementor-spacer\">\n\t\t\t<div class=\"elementor-spacer-inner\"><\/div>\n\t\t<\/div>\n\t\t\t\t\t\t<\/div>\n\t\t\t\t<\/div>\n\t\t\t\t\t<\/div>\n\t\t\t\t<\/div>\n\t\t\t\t<\/div>\n\t\t","protected":false},"excerpt":{"rendered":"<p>Mise \u00e0 jour en juillet 2024 En tant que courtier d&rsquo;assurance ind\u00e9pendant, notre r\u00f4le est de vous fournir les meilleurs produits d&rsquo;assurance qui combinent couverture, service et prix. Nous vous offrons un service personnalis\u00e9, des conseils d&rsquo;experts en mati\u00e8re d&rsquo;assurance, une maintenance continue de votre police et agissons en tant que d\u00e9fenseur lorsque des probl\u00e8mes [&hellip;]<\/p>\n","protected":false},"author":3,"featured_media":30029,"parent":0,"menu_order":0,"comment_status":"closed","ping_status":"closed","template":"","meta":{"_acf_changed":false,"_monsterinsights_skip_tracking":false,"_monsterinsights_sitenote_active":false,"_monsterinsights_sitenote_note":"","_monsterinsights_sitenote_category":0,"footnotes":""},"class_list":["post-29484","page","type-page","status-publish","has-post-thumbnail","hentry"],"acf":[],"aioseo_notices":[],"_links":{"self":[{"href":"https:\/\/skippersplan.com\/fr\/wp-json\/wp\/v2\/pages\/29484","targetHints":{"allow":["GET"]}}],"collection":[{"href":"https:\/\/skippersplan.com\/fr\/wp-json\/wp\/v2\/pages"}],"about":[{"href":"https:\/\/skippersplan.com\/fr\/wp-json\/wp\/v2\/types\/page"}],"author":[{"embeddable":true,"href":"https:\/\/skippersplan.com\/fr\/wp-json\/wp\/v2\/users\/3"}],"replies":[{"embeddable":true,"href":"https:\/\/skippersplan.com\/fr\/wp-json\/wp\/v2\/comments?post=29484"}],"version-history":[{"count":1,"href":"https:\/\/skippersplan.com\/fr\/wp-json\/wp\/v2\/pages\/29484\/revisions"}],"predecessor-version":[{"id":29485,"href":"https:\/\/skippersplan.com\/fr\/wp-json\/wp\/v2\/pages\/29484\/revisions\/29485"}],"wp:featuredmedia":[{"embeddable":true,"href":"https:\/\/skippersplan.com\/fr\/wp-json\/wp\/v2\/media\/30029"}],"wp:attachment":[{"href":"https:\/\/skippersplan.com\/fr\/wp-json\/wp\/v2\/media?parent=29484"}],"curies":[{"name":"wp","href":"https:\/\/api.w.org\/{rel}","templated":true}]}}