{"id":29482,"date":"2025-03-06T10:31:40","date_gmt":"2025-03-06T15:31:40","guid":{"rendered":"https:\/\/skippersplan.com\/assurance-risques-speciaux\/"},"modified":"2025-03-06T10:31:41","modified_gmt":"2025-03-06T15:31:41","slug":"assurance-risques-speciaux","status":"publish","type":"page","link":"https:\/\/skippersplan.com\/fr\/assurance-risques-speciaux\/","title":{"rendered":"Assurance Risques Sp\u00e9ciaux"},"content":{"rendered":"\t\t<div data-elementor-type=\"wp-page\" data-elementor-id=\"29482\" class=\"elementor elementor-29482 elementor-29347\" data-elementor-post-type=\"page\">\n\t\t\t\t<div class=\"elementor-element elementor-element-0a6ba80 e-flex e-con-boxed e-con e-parent\" data-id=\"0a6ba80\" data-element_type=\"container\" data-e-type=\"container\">\n\t\t\t\t\t<div class=\"e-con-inner\">\n\t\t\t\t<div class=\"elementor-element elementor-element-d2e455e elementor-widget elementor-widget-text-editor\" data-id=\"d2e455e\" data-element_type=\"widget\" data-e-type=\"widget\" data-widget_type=\"text-editor.default\">\n\t\t\t\t<div class=\"elementor-widget-container\">\n\t\t\t\t\t\t\t\t\t<p>L&rsquo;assurance risques sp\u00e9ciaux du Plan Skippers de Gallagher offre <span style=\"text-decoration: underline;\">une couverture mondiale<\/span> contre les enl\u00e8vements, les extorsions, les d\u00e9tentions, les d\u00e9tournements, les disparitions myst\u00e9rieuses, les enl\u00e8vements express et autres menaces connexes. Avec la garantie Frais suppl\u00e9mentaires pour enl\u00e8vement en mer et une r\u00e9ponse d&rsquo;urgence 24 heures sur 24, elle vous prot\u00e8ge, vous et votre famille, contre les risques de s\u00e9curit\u00e9 nationaux et internationaux, sur et hors de l&rsquo;eau. <\/p>\n<h2><span style=\"color: #428bce;\">Assurance compl\u00e8te en cas d&rsquo;impr\u00e9vus sp\u00e9ciaux<\/span><\/h2>\n<div>\n<p>Prot\u00e9ger les familles du Plan Skippers canadien et leur mode de vie contre les risques de s\u00e9curit\u00e9 nationaux et mondiaux, sur et hors de l&rsquo;eau, en offrant une indemnit\u00e9 financi\u00e8re et un acc\u00e8s illimit\u00e9 24 heures sur 24 \u00e0 des consultants experts en intervention de crise lorsqu&rsquo;un \u00e9v\u00e9nement couvert se produit.<\/p>\n<\/div>\n\t\t\t\t\t\t\t\t<\/div>\n\t\t\t\t<\/div>\n\t\t\t\t\t<\/div>\n\t\t\t\t<\/div>\n\t\t<div class=\"elementor-element elementor-element-644b860 e-grid e-con-boxed e-con e-parent\" data-id=\"644b860\" data-element_type=\"container\" data-e-type=\"container\">\n\t\t\t\t\t<div class=\"e-con-inner\">\n\t\t\t\t<div class=\"elementor-element elementor-element-ae76c12 elementor-widget elementor-widget-text-editor\" data-id=\"ae76c12\" data-element_type=\"widget\" data-e-type=\"widget\" data-widget_type=\"text-editor.default\">\n\t\t\t\t<div class=\"elementor-widget-container\">\n\t\t\t\t\t\t\t\t\t<p><span style=\"color: #c45900;\">Les \u00e9v\u00e9nements couverts incluent<\/span><\/p>\n<ul>\n<li><span style=\"color: #7f7f7f;\">Kidnapper<\/span><\/li>\n<li><span style=\"color: #7f7f7f;\">Extorsion<\/span><\/li>\n<li><span style=\"color: #7f7f7f;\">D\u00e9tention<\/span><\/li>\n<li><span style=\"color: #7f7f7f;\">D\u00e9tourner<\/span><\/li>\n<li><span style=\"color: #7f7f7f;\">Enl\u00e8vement express<\/span><\/li>\n<li><span style=\"color: #7f7f7f;\">R\u00e9ponse aux menaces<\/span><\/li>\n<li><span style=\"color: #7f7f7f;\">Disparition myst\u00e9rieuse  <\/span><\/li>\n<li><span style=\"color: #7f7f7f;\">D\u00e9penses suppl\u00e9mentaires pour enl\u00e8vement maritime<\/span><\/li>\n<\/ul>\n<p><span style=\"color: #7f7f00;\"> <\/span><\/p>\n\t\t\t\t\t\t\t\t<\/div>\n\t\t\t\t<\/div>\n\t\t\t\t<div class=\"elementor-element elementor-element-465c272 elementor-widget elementor-widget-text-editor\" data-id=\"465c272\" data-element_type=\"widget\" data-e-type=\"widget\" data-widget_type=\"text-editor.default\">\n\t\t\t\t<div class=\"elementor-widget-container\">\n\t\t\t\t\t\t\t\t\t<p><span style=\"color: #c45900;\">Limites de responsabilit\u00e9<\/span><\/p>\n<ul>\n<li><span style=\"color: #7f7f7f;\">Ran\u00e7on de 1 000 000 $<\/span><\/li>\n<li><span style=\"color: #7f7f7f;\">Ran\u00e7on en transit de 1 000 000 $<\/span><\/li>\n<li><span style=\"color: #7f7f7f;\">D\u00e9penses suppl\u00e9mentaires 1 000 000 $<\/span><\/li>\n<li><span style=\"color: #7f7f7f;\">Responsabilit\u00e9 l\u00e9gale 1 000 000 $<\/span><\/li>\n<li><span style=\"color: #7f7f7f;\">Accident personnel 250 000 $<\/span><\/li>\n<\/ul>\n<ul>\n<li><span style=\"color: #7f7f7f;\">Consultant en r\u00e9ponse  <\/span><\/li>\n<li><span style=\"color: #7f7f7f;\">Frais et d\u00e9penses <strong>illimit\u00e9s<\/strong><\/span><\/li>\n<\/ul>\n\t\t\t\t\t\t\t\t<\/div>\n\t\t\t\t<\/div>\n\t\t\t\t<div class=\"elementor-element elementor-element-f713276 elementor-widget elementor-widget-text-editor\" data-id=\"f713276\" data-element_type=\"widget\" data-e-type=\"widget\" data-widget_type=\"text-editor.default\">\n\t\t\t\t<div class=\"elementor-widget-container\">\n\t\t\t\t\t\t\t\t\t<p><span style=\"color: #c45911;\">R\u00e9ponse d&rsquo;urgence Cris 24 heures sur 24<\/span><\/p>\n<p><span style=\"color: #7f7f7f;\">\u00c0 la suite d&rsquo;un \u00e9v\u00e9nement assur\u00e9, les services de <strong>Special Projects and Services Limited (SPS)<\/strong> sont \u00e0 votre disposition en priorit\u00e9 et gratuitement, vous fournissant des conseils et une assistance dans la gestion des \u00e9v\u00e9nements assur\u00e9s aussi longtemps que n\u00e9cessaire. Une consultation gratuite d&rsquo;une heure est \u00e9galement propos\u00e9e \u00e0 tous les titulaires d&rsquo;une police d&rsquo;assurance sp\u00e9ciale Skippers&rsquo; Plan. <\/span><\/p>\n\t\t\t\t\t\t\t\t<\/div>\n\t\t\t\t<\/div>\n\t\t\t\t\t<\/div>\n\t\t\t\t<\/div>\n\t\t<div class=\"elementor-element elementor-element-6530126 e-flex e-con-boxed e-con e-parent\" data-id=\"6530126\" data-element_type=\"container\" data-e-type=\"container\">\n\t\t\t\t\t<div class=\"e-con-inner\">\n\t\t\t\t<div class=\"elementor-element elementor-element-9c1bafa elementor-widget-divider--view-line elementor-widget elementor-widget-divider\" data-id=\"9c1bafa\" data-element_type=\"widget\" data-e-type=\"widget\" data-widget_type=\"divider.default\">\n\t\t\t\t<div class=\"elementor-widget-container\">\n\t\t\t\t\t\t\t<div class=\"elementor-divider\">\n\t\t\t<span class=\"elementor-divider-separator\">\n\t\t\t\t\t\t<\/span>\n\t\t<\/div>\n\t\t\t\t\t\t<\/div>\n\t\t\t\t<\/div>\n\t\t\t\t\t<\/div>\n\t\t\t\t<\/div>\n\t\t<div class=\"elementor-element elementor-element-bc28139 e-grid e-con-boxed e-con e-parent\" data-id=\"bc28139\" data-element_type=\"container\" data-e-type=\"container\">\n\t\t\t\t\t<div class=\"e-con-inner\">\n\t\t\t\t<div class=\"elementor-element elementor-element-fdb523d elementor-widget elementor-widget-text-editor\" data-id=\"fdb523d\" data-element_type=\"widget\" data-e-type=\"widget\" data-widget_type=\"text-editor.default\">\n\t\t\t\t<div class=\"elementor-widget-container\">\n\t\t\t\t\t\t\t\t\t<p><span style=\"color: #c45911;\">Les personnes couvertes comprennent<\/span><\/p>\n<ul>\n<li><span style=\"color: #7f7f7f;\">Titulaire d&rsquo;une police d&rsquo;assurance du R\u00e9gime Skippers, conjoint, enfants (y compris les beaux-enfants ou les enfants adopt\u00e9s), parents et petits-enfants.<\/span><\/li>\n<li><span style=\"color: #7f7f7f;\">Visiteurs ou personnes r\u00e9sidant habituellement dans votre domicile<\/span><\/li>\n<li><span style=\"color: #7f7f7f;\">Invit\u00e9s \u00e0 bord de votre embarcation, de votre avion ou de votre v\u00e9hicule<\/span><\/li>\n<li><span style=\"color: #7f7f7f;\">Gardes du corps, chauffeurs et employ\u00e9s de maison<\/span><\/li>\n<\/ul>\n\t\t\t\t\t\t\t\t<\/div>\n\t\t\t\t<\/div>\n\t\t\t\t<div class=\"elementor-element elementor-element-219919e elementor-widget elementor-widget-text-editor\" data-id=\"219919e\" data-element_type=\"widget\" data-e-type=\"widget\" data-widget_type=\"text-editor.default\">\n\t\t\t\t<div class=\"elementor-widget-container\">\n\t\t\t\t\t\t\t\t\t<p><span style=\"color: #c45911;\">Couverture mondiale*<\/span><\/p>\n<p><span style=\"color: #7f7f7f;\">*Certaines exclusions s&rsquo;appliquent.<\/span><\/p>\n\t\t\t\t\t\t\t\t<\/div>\n\t\t\t\t<\/div>\n\t\t\t\t\t<\/div>\n\t\t\t\t<\/div>\n\t\t<div class=\"elementor-element elementor-element-ed19535 e-flex e-con-boxed e-con e-parent\" data-id=\"ed19535\" data-element_type=\"container\" data-e-type=\"container\">\n\t\t\t\t\t<div class=\"e-con-inner\">\n\t\t\t\t<div class=\"elementor-element elementor-element-e7557d9 elementor-widget-divider--view-line elementor-widget elementor-widget-divider\" data-id=\"e7557d9\" data-element_type=\"widget\" data-e-type=\"widget\" data-widget_type=\"divider.default\">\n\t\t\t\t<div class=\"elementor-widget-container\">\n\t\t\t\t\t\t\t<div class=\"elementor-divider\">\n\t\t\t<span class=\"elementor-divider-separator\">\n\t\t\t\t\t\t<\/span>\n\t\t<\/div>\n\t\t\t\t\t\t<\/div>\n\t\t\t\t<\/div>\n\t\t\t\t\t<\/div>\n\t\t\t\t<\/div>\n\t\t<div class=\"elementor-element elementor-element-b2b5c09 e-flex e-con-boxed e-con e-parent\" data-id=\"b2b5c09\" data-element_type=\"container\" data-e-type=\"container\">\n\t\t\t\t\t<div class=\"e-con-inner\">\n\t\t\t\t<div class=\"elementor-element elementor-element-3df54bb elementor-widget elementor-widget-text-editor\" data-id=\"3df54bb\" data-element_type=\"widget\" data-e-type=\"widget\" data-widget_type=\"text-editor.default\">\n\t\t\t\t<div class=\"elementor-widget-container\">\n\t\t\t\t\t\t\t\t\t<h6><strong><span style=\"color: #7f7f7f;\">Veuillez noter que si vous souscrivez \u00e0 cette police d\u2019assurance sp\u00e9ciale, l\u2019existence de celle-ci doit \u00eatre tenue strictement confidentielle, faute de quoi la couverture peut \u00eatre annul\u00e9e.  <\/span><\/strong><\/h6>\n\t\t\t\t\t\t\t\t<\/div>\n\t\t\t\t<\/div>\n\t\t\t\t\t<\/div>\n\t\t\t\t<\/div>\n\t\t<div class=\"elementor-element elementor-element-e29d790 e-flex e-con-boxed e-con e-parent\" data-id=\"e29d790\" data-element_type=\"container\" data-e-type=\"container\">\n\t\t\t\t\t<div class=\"e-con-inner\">\n\t\t\t\t<div class=\"elementor-element elementor-element-f564d0b elementor-widget elementor-widget-button\" data-id=\"f564d0b\" data-element_type=\"widget\" data-e-type=\"widget\" data-widget_type=\"button.default\">\n\t\t\t\t<div class=\"elementor-widget-container\">\n\t\t\t\t\t\t\t\t\t<div class=\"elementor-button-wrapper\">\n\t\t\t\t\t<a class=\"elementor-button elementor-button-link elementor-size-sm\" href=\"https:\/\/skippersplan.com\/fr\/devis-dassurance-risques-speciaux\/\">\n\t\t\t\t\t\t<span class=\"elementor-button-content-wrapper\">\n\t\t\t\t\t\t\t\t\t<span class=\"elementor-button-text\">OBTENEZ UN DEVIS EN LIGNE  <\/span>\n\t\t\t\t\t<\/span>\n\t\t\t\t\t<\/a>\n\t\t\t\t<\/div>\n\t\t\t\t\t\t\t\t<\/div>\n\t\t\t\t<\/div>\n\t\t\t\t\t<\/div>\n\t\t\t\t<\/div>\n\t\t<div class=\"elementor-element elementor-element-4690a7c e-flex e-con-boxed e-con e-parent\" data-id=\"4690a7c\" data-element_type=\"container\" data-e-type=\"container\">\n\t\t\t\t\t<div class=\"e-con-inner\">\n\t\t\t\t<div class=\"elementor-element elementor-element-9f198e2 elementor-widget elementor-widget-text-editor\" data-id=\"9f198e2\" data-element_type=\"widget\" data-e-type=\"widget\" data-widget_type=\"text-editor.default\">\n\t\t\t\t<div class=\"elementor-widget-container\">\n\t\t\t\t\t\t\t\t\t<p><strong><a href=\"https:\/\/skippersplan.com\/wp-content\/uploads\/2025\/01\/Threat-Assessment-North-American-Maritime-Kidnap.pdf\" target=\"_blank\" rel=\"noopener\">\u00c9valuation de la menace \u2013 Enl\u00e8vement maritime en Am\u00e9rique du Nord<\/a><\/strong><\/p>\n\t\t\t\t\t\t\t\t<\/div>\n\t\t\t\t<\/div>\n\t\t\t\t\t<\/div>\n\t\t\t\t<\/div>\n\t\t\t\t<\/div>\n\t\t","protected":false},"excerpt":{"rendered":"<p>L&rsquo;assurance risques sp\u00e9ciaux du Plan Skippers de Gallagher offre une couverture mondiale contre les enl\u00e8vements, les extorsions, les d\u00e9tentions, les d\u00e9tournements, les disparitions myst\u00e9rieuses, les enl\u00e8vements express et autres menaces connexes. Avec la garantie Frais suppl\u00e9mentaires pour enl\u00e8vement en mer et une r\u00e9ponse d&rsquo;urgence 24 heures sur 24, elle vous prot\u00e8ge, vous et votre famille, [&hellip;]<\/p>\n","protected":false},"author":2,"featured_media":29378,"parent":0,"menu_order":0,"comment_status":"closed","ping_status":"closed","template":"","meta":{"_acf_changed":false,"_monsterinsights_skip_tracking":false,"_monsterinsights_sitenote_active":false,"_monsterinsights_sitenote_note":"","_monsterinsights_sitenote_category":0,"footnotes":""},"class_list":["post-29482","page","type-page","status-publish","has-post-thumbnail","hentry"],"acf":[],"aioseo_notices":[],"_links":{"self":[{"href":"https:\/\/skippersplan.com\/fr\/wp-json\/wp\/v2\/pages\/29482","targetHints":{"allow":["GET"]}}],"collection":[{"href":"https:\/\/skippersplan.com\/fr\/wp-json\/wp\/v2\/pages"}],"about":[{"href":"https:\/\/skippersplan.com\/fr\/wp-json\/wp\/v2\/types\/page"}],"author":[{"embeddable":true,"href":"https:\/\/skippersplan.com\/fr\/wp-json\/wp\/v2\/users\/2"}],"replies":[{"embeddable":true,"href":"https:\/\/skippersplan.com\/fr\/wp-json\/wp\/v2\/comments?post=29482"}],"version-history":[{"count":1,"href":"https:\/\/skippersplan.com\/fr\/wp-json\/wp\/v2\/pages\/29482\/revisions"}],"predecessor-version":[{"id":29483,"href":"https:\/\/skippersplan.com\/fr\/wp-json\/wp\/v2\/pages\/29482\/revisions\/29483"}],"wp:featuredmedia":[{"embeddable":true,"href":"https:\/\/skippersplan.com\/fr\/wp-json\/wp\/v2\/media\/29378"}],"wp:attachment":[{"href":"https:\/\/skippersplan.com\/fr\/wp-json\/wp\/v2\/media?parent=29482"}],"curies":[{"name":"wp","href":"https:\/\/api.w.org\/{rel}","templated":true}]}}