{"id":29469,"date":"2025-03-06T09:56:58","date_gmt":"2025-03-06T14:56:58","guid":{"rendered":"https:\/\/skippersplan.com\/ce-que-nous-assurons\/"},"modified":"2025-03-06T09:56:59","modified_gmt":"2025-03-06T14:56:59","slug":"ce-que-nous-assurons","status":"publish","type":"page","link":"https:\/\/skippersplan.com\/fr\/ce-que-nous-assurons\/","title":{"rendered":"Ce que nous assurons"},"content":{"rendered":"\t\t<div data-elementor-type=\"wp-page\" data-elementor-id=\"29469\" class=\"elementor elementor-29469 elementor-27637\" data-elementor-post-type=\"page\">\n\t\t\t\t<div class=\"elementor-element elementor-element-b55b3ec e-flex e-con-boxed e-con e-parent\" data-id=\"b55b3ec\" data-element_type=\"container\" data-e-type=\"container\">\n\t\t\t\t\t<div class=\"e-con-inner\">\n\t\t<div class=\"elementor-element elementor-element-788fcdb e-con-full e-flex e-con e-child\" data-id=\"788fcdb\" data-element_type=\"container\" data-e-type=\"container\">\n\t\t\t\t<div class=\"elementor-element elementor-element-7496a2b elementor-widget elementor-widget-text-editor\" data-id=\"7496a2b\" data-element_type=\"widget\" data-e-type=\"widget\" data-widget_type=\"text-editor.default\">\n\t\t\t\t<div class=\"elementor-widget-container\">\n\t\t\t\t\t\t\t\t\t<p>Que vous naviguiez sur l&rsquo;un des majestueux lacs du Canada, que vous p\u00eachiez dans une crique tranquille ou que vous profitiez de la beaut\u00e9 apaisante de l&rsquo;une de nos rivi\u00e8res int\u00e9rieures, il est essentiel de prot\u00e9ger votre navire avec une assurance maritime canadienne. Notre assurance nautique compl\u00e8te vous offre la tranquillit\u00e9 d\u2019esprit, vous permettant de profiter pleinement de votre temps sur l\u2019eau en toute confiance.<\/p>\n<p>Avec plus de 70 ans d&rsquo;exp\u00e9rience, Gallagher Skippers&rsquo; Plan comprend les besoins uniques des plaisanciers au Canada. Notre \u00e9quipe d&rsquo;experts s&rsquo;engage \u00e0 vous offrir un service, un soutien et des conseils exceptionnels en mati\u00e8re d&rsquo;assurance de votre embarcation.<\/p>\n<p><strong>Nous offrons une couverture d&rsquo;assurance pour une grande vari\u00e9t\u00e9 de navires, notamment :<\/strong><\/p>\n<ul style=\"padding-bottom: 20px;\">\n<li><a title=\"Assurance pour les croiseurs canadiens\" href=\"https:\/\/skippersplan.com\/fr\/ce-que-nous-assurons\/assurance-pour-les-croiseurs-canadiens\/\">Assurance pour croiseurs<\/a><\/li>\n<li><a title=\"Assurance pour bateaux pontons au Canada\" href=\"https:\/\/skippersplan.com\/fr\/ce-que-nous-assurons\/assurance-pour-bateaux-pontons-au-canada\/\">Assurance pour bateau ponton<\/a><\/li>\n<li><a title=\"Assurance pour voiliers canadiens\" href=\"https:\/\/skippersplan.com\/fr\/ce-que-nous-assurons\/assurance-pour-voiliers-canadiens\/\">Assurance voilier<\/a><\/li>\n<li><a title=\"Assurance motomarine canadienne\" href=\"https:\/\/skippersplan.com\/fr\/ce-que-nous-assurons\/assurance-motomarine-canadienne\/\">Assurance motomarine<\/a><\/li>\n<li><a title=\"Assurance pour les v\u00e9hicules de course canadiens\" href=\"https:\/\/skippersplan.com\/fr\/ce-que-nous-assurons\/assurance-pour-les-vehicules-de-course-canadiens\/\">Assurance pour les v\u00e9hicules tout-terrain<\/a><\/li>\n<li><a title=\"Assurance pour bateaux de p\u00eache canadiens\" href=\"https:\/\/skippersplan.com\/fr\/ce-que-nous-assurons\/assurance-pour-bateaux-de-peche-canadiens\/\">Assurance pour bateau de p\u00eache<\/a><\/li>\n<li><a title=\"Assurance pour bateaux de p\u00eache au bar au Canada\" href=\"https:\/\/skippersplan.com\/fr\/ce-que-nous-assurons\/assurance-pour-bateaux-de-peche-au-bar-au-canada\/\">Assurance pour bateaux de p\u00eache \u00e0 la ligne<\/a><\/li>\n<li><a title=\"Assurance pour bateaux \u00e0 r\u00e9action au Canada\" href=\"https:\/\/skippersplan.com\/fr\/ce-que-nous-assurons\/assurance-pour-bateaux-a-reaction-au-canada\/\">Assurance pour bateaux \u00e0 r\u00e9action<\/a><\/li>\n<li><a title=\"Assurance pour bateaux de sport canadiens\" href=\"https:\/\/skippersplan.com\/fr\/ce-que-nous-assurons\/assurance-pour-bateaux-de-sport-canadiens\/\">Assurance pour bateaux de sport<\/a><\/li>\n<li><a title=\"Assurance canadienne pour bateaux pont\u00e9s\" href=\"https:\/\/skippersplan.com\/fr\/ce-que-nous-assurons\/assurance-canadienne-pour-bateaux-pontes\/\">Assurance pour bateaux pont\u00e9s<\/a><\/li>\n<\/ul>\n<p>Nous comprenons qu\u2019il n\u2019existe pas de solution unique pour l\u2019assurance bateau au Canada. Que vous soyez un marin passionn\u00e9 ou que vous profitiez tranquillement d&rsquo;une matin\u00e9e sur votre bateau de p\u00eache, nos plans d&rsquo;assurance peuvent \u00eatre adapt\u00e9s aux besoins sp\u00e9cifiques de vous et de votre embarcation, permettant une couverture compl\u00e8te qui s&rsquo;int\u00e8gre parfaitement \u00e0 votre style de vie.<\/p>\n<p><em>Nous ne vendons pas d\u2019assurance, nous offrons des solutions d\u2019assurance pour la tranquillit\u00e9 d\u2019esprit des plaisanciers canadiens.<\/em><\/p>\n\t\t\t\t\t\t\t\t<\/div>\n\t\t\t\t<\/div>\n\t\t\t\t<div class=\"elementor-element elementor-element-c4a0187 elementor-widget elementor-widget-spacer\" data-id=\"c4a0187\" data-element_type=\"widget\" data-e-type=\"widget\" data-widget_type=\"spacer.default\">\n\t\t\t\t<div class=\"elementor-widget-container\">\n\t\t\t\t\t\t\t<div class=\"elementor-spacer\">\n\t\t\t<div class=\"elementor-spacer-inner\"><\/div>\n\t\t<\/div>\n\t\t\t\t\t\t<\/div>\n\t\t\t\t<\/div>\n\t\t\t\t<\/div>\n\t\t\t\t\t<\/div>\n\t\t\t\t<\/div>\n\t\t\t\t<\/div>\n\t\t","protected":false},"excerpt":{"rendered":"<p>Que vous naviguiez sur l&rsquo;un des majestueux lacs du Canada, que vous p\u00eachiez dans une crique tranquille ou que vous profitiez de la beaut\u00e9 apaisante de l&rsquo;une de nos rivi\u00e8res int\u00e9rieures, il est essentiel de prot\u00e9ger votre navire avec une assurance maritime canadienne. Notre assurance nautique compl\u00e8te vous offre la tranquillit\u00e9 d\u2019esprit, vous permettant de [&hellip;]<\/p>\n","protected":false},"author":3,"featured_media":30029,"parent":0,"menu_order":0,"comment_status":"closed","ping_status":"closed","template":"","meta":{"_acf_changed":false,"_monsterinsights_skip_tracking":false,"_monsterinsights_sitenote_active":false,"_monsterinsights_sitenote_note":"","_monsterinsights_sitenote_category":0,"footnotes":""},"class_list":["post-29469","page","type-page","status-publish","has-post-thumbnail","hentry"],"acf":[],"aioseo_notices":[],"_links":{"self":[{"href":"https:\/\/skippersplan.com\/fr\/wp-json\/wp\/v2\/pages\/29469","targetHints":{"allow":["GET"]}}],"collection":[{"href":"https:\/\/skippersplan.com\/fr\/wp-json\/wp\/v2\/pages"}],"about":[{"href":"https:\/\/skippersplan.com\/fr\/wp-json\/wp\/v2\/types\/page"}],"author":[{"embeddable":true,"href":"https:\/\/skippersplan.com\/fr\/wp-json\/wp\/v2\/users\/3"}],"replies":[{"embeddable":true,"href":"https:\/\/skippersplan.com\/fr\/wp-json\/wp\/v2\/comments?post=29469"}],"version-history":[{"count":1,"href":"https:\/\/skippersplan.com\/fr\/wp-json\/wp\/v2\/pages\/29469\/revisions"}],"predecessor-version":[{"id":29470,"href":"https:\/\/skippersplan.com\/fr\/wp-json\/wp\/v2\/pages\/29469\/revisions\/29470"}],"wp:featuredmedia":[{"embeddable":true,"href":"https:\/\/skippersplan.com\/fr\/wp-json\/wp\/v2\/media\/30029"}],"wp:attachment":[{"href":"https:\/\/skippersplan.com\/fr\/wp-json\/wp\/v2\/media?parent=29469"}],"curies":[{"name":"wp","href":"https:\/\/api.w.org\/{rel}","templated":true}]}}