{"id":29465,"date":"2025-03-06T09:55:55","date_gmt":"2025-03-06T14:55:55","guid":{"rendered":"https:\/\/skippersplan.com\/assurance-pour-les-croiseurs-canadiens\/"},"modified":"2025-03-10T12:54:45","modified_gmt":"2025-03-10T16:54:45","slug":"assurance-pour-les-croiseurs-canadiens","status":"publish","type":"page","link":"https:\/\/skippersplan.com\/fr\/ce-que-nous-assurons\/assurance-pour-les-croiseurs-canadiens\/","title":{"rendered":"Assurance pour les croiseurs canadiens"},"content":{"rendered":"\t\t<div data-elementor-type=\"wp-page\" data-elementor-id=\"29465\" class=\"elementor elementor-29465 elementor-27644\" data-elementor-post-type=\"page\">\n\t\t\t\t<div class=\"elementor-element elementor-element-31d17e6 e-flex e-con-boxed e-con e-parent\" data-id=\"31d17e6\" data-element_type=\"container\" data-e-type=\"container\">\n\t\t\t\t\t<div class=\"e-con-inner\">\n\t\t<div class=\"elementor-element elementor-element-68311d8 e-con-full e-flex e-con e-child\" data-id=\"68311d8\" data-element_type=\"container\" data-e-type=\"container\">\n\t\t\t\t<div class=\"elementor-element elementor-element-6e28cac elementor-widget elementor-widget-text-editor\" data-id=\"6e28cac\" data-element_type=\"widget\" data-e-type=\"widget\" data-widget_type=\"text-editor.default\">\n\t\t\t\t<div class=\"elementor-widget-container\">\n\t\t\t\t\t\t\t\t\tChez Gallagher Skippers&rsquo; Plan, nous comprenons les besoins uniques des passionn\u00e9s de croisi\u00e8re. Que vous exploriez le magnifique littoral de la Colombie-Britannique, naviguiez sur les lacs sereins de l&rsquo;Ontario ou d\u00e9couvriez la beaut\u00e9 pittoresque des c\u00f4tes provinciales de l&rsquo;Atlantique, nos plans d&rsquo;assurance nautique canadiens peuvent \u00eatre adapt\u00e9s pour r\u00e9pondre \u00e0 vos besoins sp\u00e9cifiques.\n\nEn prot\u00e9geant votre investissement avec notre plan d&rsquo;assurance croisi\u00e8re, vous pourrez vous concentrer sur ce qui compte vraiment : cr\u00e9er des souvenirs inoubliables tout en naviguant sur l&rsquo;eau avec votre famille et vos amis. Avec le Plan Skippers de Gallagher, vous avez un partenaire qui offre une assurance nautique de confiance au Canada depuis plus de 70 ans. Notre \u00e9quipe de professionnels de l\u2019assurance est enti\u00e8rement d\u00e9di\u00e9e \u00e0 vous permettre de profiter de chaque minute sur l\u2019eau en toute tranquillit\u00e9 d\u2019esprit.\n\n<strong>S\u00e9lectionnez votre province pour en savoir plus sur la couverture d&rsquo;assurance des croiseurs du Plan Skippers de Gallagher.<\/strong>\n<ul>\n \t<li><a title=\"Assurance pour bateaux de croisi\u00e8re en Alberta\" href=\"https:\/\/skippersplan.com\/fr\/assurance-pour-bateaux-de-croisiere-en-alberta\/\">Alberta<\/a><\/li>\n \t<li><a title=\"Assurance pour bateaux de croisi\u00e8re en Colombie-Britannique\" href=\"https:\/\/skippersplan.com\/fr\/assurance-pour-bateaux-de-croisiere-en-colombie-britannique\/\">Colombie-Britannique<\/a><\/li>\n \t<li><a title=\"Couverture d'assurance pour bateaux de croisi\u00e8re au Manitoba\" href=\"https:\/\/skippersplan.com\/fr\/couverture-dassurance-pour-bateaux-de-croisiere-au-manitoba\/\">Manitoba<\/a><\/li>\n \t<li><a title=\"Assurance pour les croiseurs du Nouveau-Brunswick\" href=\"https:\/\/skippersplan.com\/fr\/assurance-pour-les-croiseurs-du-nouveau-brunswick\/\">Nouveau-Brunswick<\/a><\/li>\n \t<li><a title=\"Couverture d'assurance pour bateaux de croisi\u00e8re \u00e0 Terre-Neuve-et-Labrador\" href=\"https:\/\/skippersplan.com\/fr\/couverture-dassurance-pour-bateaux-de-croisiere-a-terre-neuve-et-labrador\/\">Terre-Neuve-et-Labrador<\/a><\/li>\n \t<li><a title=\"Couverture d'assurance pour les croiseurs de la Nouvelle-\u00c9cosse\" href=\"https:\/\/skippersplan.com\/fr\/couverture-dassurance-pour-les-croiseurs-de-la-nouvelle-ecosse\/\">Nouvelle-\u00c9cosse<\/a><\/li>\n \t<li><a title=\"Assurance pour bateaux de croisi\u00e8re en Ontario\" href=\"https:\/\/skippersplan.com\/fr\/assurance-pour-bateaux-de-croisiere-en-ontario\/\">Ontario<\/a><\/li>\n \t<li><a title=\"Assurance pour les croisi\u00e9ristes de l'\u00cele-du-Prince-\u00c9douard\" href=\"https:\/\/skippersplan.com\/fr\/assurance-pour-les-croisieristes-de-lile-du-prince-edouard\/\">\u00cele-du-Prince-\u00c9douard<\/a><\/li>\n \t<li><a title=\"Assurance pour les croiseurs de la Saskatchewan\" href=\"https:\/\/skippersplan.com\/fr\/assurance-pour-bateaux-de-croisiere-en-saskatchewan\/\">Saskatchewan<\/a><\/li>\n<\/ul>\t\t\t\t\t\t\t\t<\/div>\n\t\t\t\t<\/div>\n\t\t\t\t<\/div>\n\t\t\t\t\t<\/div>\n\t\t\t\t<\/div>\n\t\t<div class=\"elementor-element elementor-element-9214477 e-flex e-con-boxed elementor-invisible e-con e-parent\" data-id=\"9214477\" data-element_type=\"container\" data-e-type=\"container\" data-settings=\"{&quot;background_background&quot;:&quot;classic&quot;,&quot;animation&quot;:&quot;slideInUp&quot;}\">\n\t\t\t\t\t<div class=\"e-con-inner\">\n\t\t<div class=\"elementor-element elementor-element-15644ed e-flex e-con-boxed e-con e-child\" data-id=\"15644ed\" data-element_type=\"container\" data-e-type=\"container\">\n\t\t\t\t\t<div class=\"e-con-inner\">\n\t\t\t\t<div class=\"elementor-element elementor-element-b89170d elementor-widget elementor-widget-spacer\" data-id=\"b89170d\" data-element_type=\"widget\" data-e-type=\"widget\" data-widget_type=\"spacer.default\">\n\t\t\t\t<div class=\"elementor-widget-container\">\n\t\t\t\t\t\t\t<div class=\"elementor-spacer\">\n\t\t\t<div class=\"elementor-spacer-inner\"><\/div>\n\t\t<\/div>\n\t\t\t\t\t\t<\/div>\n\t\t\t\t<\/div>\n\t\t\t\t<div class=\"elementor-element elementor-element-285f756 elementor-align-center elementor-widget elementor-widget-button\" data-id=\"285f756\" data-element_type=\"widget\" data-e-type=\"widget\" data-widget_type=\"button.default\">\n\t\t\t\t<div class=\"elementor-widget-container\">\n\t\t\t\t\t\t\t\t\t<div class=\"elementor-button-wrapper\">\n\t\t\t\t\t<a class=\"elementor-button elementor-button-link elementor-size-sm\" href=\"https:\/\/skippersplan.com\/fr\/obtenez-un-devis-dassurance-bateau\/\">\n\t\t\t\t\t\t<span class=\"elementor-button-content-wrapper\">\n\t\t\t\t\t\t\t\t\t<span class=\"elementor-button-text\">Obtenez un devis d\u00e8s aujourd'hui!<\/span>\n\t\t\t\t\t<\/span>\n\t\t\t\t\t<\/a>\n\t\t\t\t<\/div>\n\t\t\t\t\t\t\t\t<\/div>\n\t\t\t\t<\/div>\n\t\t\t\t<div class=\"elementor-element elementor-element-163cf73 elementor-widget elementor-widget-text-editor\" data-id=\"163cf73\" data-element_type=\"widget\" data-e-type=\"widget\" data-widget_type=\"text-editor.default\">\n\t\t\t\t<div class=\"elementor-widget-container\">\n\t\t\t\t\t\t\t\t\t<p class=\"BodyA\">Ne laissez pas la s\u00e9curit\u00e9 de votre assurance croisi\u00e8re au hasard. Obtenez d\u00e8s aujourd&rsquo;hui un devis d&rsquo;assurance personnalis\u00e9 aupr\u00e8s de Gallagher Skippers&rsquo; Plan. Notre syst\u00e8me de devis en ligne facile \u00e0 utiliser vous garantit de recevoir un devis comp\u00e9titif et personnalis\u00e9 adapt\u00e9 \u00e0 vos besoins sp\u00e9cifiques. Prot\u00e9gez votre bateau aujourd&rsquo;hui.<\/p>\n\t\t\t\t\t\t\t\t<\/div>\n\t\t\t\t<\/div>\n\t\t\t\t<div class=\"elementor-element elementor-element-514355f elementor-widget elementor-widget-spacer\" data-id=\"514355f\" data-element_type=\"widget\" data-e-type=\"widget\" data-widget_type=\"spacer.default\">\n\t\t\t\t<div class=\"elementor-widget-container\">\n\t\t\t\t\t\t\t<div class=\"elementor-spacer\">\n\t\t\t<div class=\"elementor-spacer-inner\"><\/div>\n\t\t<\/div>\n\t\t\t\t\t\t<\/div>\n\t\t\t\t<\/div>\n\t\t\t\t\t<\/div>\n\t\t\t\t<\/div>\n\t\t\t\t\t<\/div>\n\t\t\t\t<\/div>\n\t\t\t\t<\/div>\n\t\t","protected":false},"excerpt":{"rendered":"<p>Chez Gallagher Skippers&rsquo; Plan, nous comprenons les besoins uniques des passionn\u00e9s de croisi\u00e8re. Que vous exploriez le magnifique littoral de la Colombie-Britannique, naviguiez sur les lacs sereins de l&rsquo;Ontario ou d\u00e9couvriez la beaut\u00e9 pittoresque des c\u00f4tes provinciales de l&rsquo;Atlantique, nos plans d&rsquo;assurance nautique canadiens peuvent \u00eatre adapt\u00e9s pour r\u00e9pondre \u00e0 vos besoins sp\u00e9cifiques. En prot\u00e9geant [&hellip;]<\/p>\n","protected":false},"author":3,"featured_media":30047,"parent":29469,"menu_order":0,"comment_status":"closed","ping_status":"closed","template":"","meta":{"_acf_changed":false,"_monsterinsights_skip_tracking":false,"_monsterinsights_sitenote_active":false,"_monsterinsights_sitenote_note":"","_monsterinsights_sitenote_category":0,"footnotes":""},"class_list":["post-29465","page","type-page","status-publish","has-post-thumbnail","hentry"],"acf":[],"aioseo_notices":[],"_links":{"self":[{"href":"https:\/\/skippersplan.com\/fr\/wp-json\/wp\/v2\/pages\/29465","targetHints":{"allow":["GET"]}}],"collection":[{"href":"https:\/\/skippersplan.com\/fr\/wp-json\/wp\/v2\/pages"}],"about":[{"href":"https:\/\/skippersplan.com\/fr\/wp-json\/wp\/v2\/types\/page"}],"author":[{"embeddable":true,"href":"https:\/\/skippersplan.com\/fr\/wp-json\/wp\/v2\/users\/3"}],"replies":[{"embeddable":true,"href":"https:\/\/skippersplan.com\/fr\/wp-json\/wp\/v2\/comments?post=29465"}],"version-history":[{"count":4,"href":"https:\/\/skippersplan.com\/fr\/wp-json\/wp\/v2\/pages\/29465\/revisions"}],"predecessor-version":[{"id":30118,"href":"https:\/\/skippersplan.com\/fr\/wp-json\/wp\/v2\/pages\/29465\/revisions\/30118"}],"up":[{"embeddable":true,"href":"https:\/\/skippersplan.com\/fr\/wp-json\/wp\/v2\/pages\/29469"}],"wp:featuredmedia":[{"embeddable":true,"href":"https:\/\/skippersplan.com\/fr\/wp-json\/wp\/v2\/media\/30047"}],"wp:attachment":[{"href":"https:\/\/skippersplan.com\/fr\/wp-json\/wp\/v2\/media?parent=29465"}],"curies":[{"name":"wp","href":"https:\/\/api.w.org\/{rel}","templated":true}]}}