{"id":29461,"date":"2025-03-06T09:55:02","date_gmt":"2025-03-06T14:55:02","guid":{"rendered":"https:\/\/skippersplan.com\/assurance-pour-bateaux-de-peche-canadiens\/"},"modified":"2026-03-25T09:27:34","modified_gmt":"2026-03-25T13:27:34","slug":"assurance-pour-bateaux-de-peche-canadiens","status":"publish","type":"page","link":"https:\/\/skippersplan.com\/fr\/ce-que-nous-assurons\/assurance-pour-bateaux-de-peche-canadiens\/","title":{"rendered":"Assurance pour bateaux de p\u00eache canadiens"},"content":{"rendered":"\t\t<div data-elementor-type=\"wp-page\" data-elementor-id=\"29461\" class=\"elementor elementor-29461 elementor-27698\" data-elementor-post-type=\"page\">\n\t\t\t\t<div class=\"elementor-element elementor-element-8abd98d e-flex e-con-boxed e-con e-parent\" data-id=\"8abd98d\" data-element_type=\"container\" data-e-type=\"container\">\n\t\t\t\t\t<div class=\"e-con-inner\">\n\t\t<div class=\"elementor-element elementor-element-119f612 e-con-full e-flex e-con e-child\" data-id=\"119f612\" data-element_type=\"container\" data-e-type=\"container\">\n\t\t\t\t<div class=\"elementor-element elementor-element-ff521cc elementor-widget elementor-widget-text-editor\" data-id=\"ff521cc\" data-element_type=\"widget\" data-e-type=\"widget\" data-widget_type=\"text-editor.default\">\n\t\t\t\t<div class=\"elementor-widget-container\">\n\t\t\t\t\t\t\t\t\t<p>Chez Gallagher Skippers&rsquo; Plan, nous comprenons les besoins sp\u00e9cifiques des amateurs de bateaux de p\u00eache. Que vous p\u00eachiez le dor\u00e9 dans la baie de Quinte, la truite dans le lac Quesnel ou le saumon dans la rivi\u00e8re Miramichi, nos r\u00e9gimes d&rsquo;assurance pour bateaux de p\u00eache canadiens peuvent \u00eatre adapt\u00e9s \u00e0 vos besoins sp\u00e9cifiques.<\/p><p>En prot\u00e9geant votre investissement avec notre plan d&rsquo;assurance pour bateau de p\u00eache, vous pourrez vous concentrer sur ce qui compte vraiment : cr\u00e9er des souvenirs de p\u00eache inoubliables avec votre famille et vos amis. Avec le Plan Skippers de Gallagher, vous avez un partenaire qui offre une assurance nautique de confiance au Canada depuis plus de 70 ans. Notre \u00e9quipe de professionnels de l\u2019assurance est enti\u00e8rement d\u00e9di\u00e9e \u00e0 vous permettre de profiter de chaque minute sur l\u2019eau en toute tranquillit\u00e9 d\u2019esprit.<\/p><p><strong>S\u00e9lectionnez votre province pour en savoir plus sur la couverture d&rsquo;assurance bateau de p\u00eache du Plan Skippers de Gallagher.<\/strong><\/p><ul><li><a title=\"Assurance pour bateaux de p\u00eache en Alberta\" href=\"https:\/\/skippersplan.com\/fr\/assurance-pour-bateaux-de-peche-en-alberta\/\">Alberta<\/a><\/li><li><a title=\"Assurance pour bateaux de p\u00eache en Colombie-Britannique\" href=\"https:\/\/skippersplan.com\/fr\/assurance-pour-bateaux-de-peche-en-colombie-britannique\/\">Colombie-Britannique<\/a><\/li><li><a title=\"Assurance pour bateaux de p\u00eache au Manitoba\" href=\"https:\/\/skippersplan.com\/fr\/assurance-pour-bateaux-de-peche-au-manitoba\/\">Manitoba<\/a><\/li><li><a title=\"Assurance pour bateaux de p\u00eache au Nouveau-Brunswick\" href=\"https:\/\/skippersplan.com\/fr\/assurance-pour-bateaux-de-peche-au-nouveau-brunswick\/\">Nouveau-Brunswick<\/a><\/li><li><a title=\"Assurance pour bateaux de p\u00eache \u00e0 Terre-Neuve-et-Labrador\" href=\"https:\/\/skippersplan.com\/fr\/assurance-pour-bateaux-de-peche-a-terre-neuve-et-labrador\/\">Terre-Neuve-et-Labrador<\/a><\/li><li><a title=\"Assurance pour bateaux de p\u00eache en Nouvelle-\u00c9cosse\" href=\"https:\/\/skippersplan.com\/fr\/assurance-pour-bateaux-de-peche-en-nouvelle-ecosse\/\">Nouvelle-\u00c9cosse<\/a><\/li><li><a title=\"Assurance pour bateaux de p\u00eache en Ontario\" href=\"https:\/\/skippersplan.com\/fr\/assurance-pour-bateaux-de-peche-en-ontario\/\">Ontario<\/a><\/li><li><a title=\"Assurance pour bateaux de p\u00eache \u00e0 l'\u00cele-du-Prince-\u00c9douard\" href=\"https:\/\/skippersplan.com\/fr\/assurance-pour-bateaux-de-peche-a-lile-du-prince-edouard\/\">\u00cele-du-Prince-\u00c9douard<\/a><\/li><li><a title=\"Assurance pour bateaux de p\u00eache en Saskatchewan\" href=\"https:\/\/skippersplan.com\/fr\/assurance-pour-bateaux-de-peche-en-saskatchewan\/\">Saskatchewan<\/a><\/li><\/ul>\t\t\t\t\t\t\t\t<\/div>\n\t\t\t\t<\/div>\n\t\t\t\t<\/div>\n\t\t\t\t\t<\/div>\n\t\t\t\t<\/div>\n\t\t<div class=\"elementor-element elementor-element-4076fb2 e-flex e-con-boxed elementor-invisible e-con e-parent\" data-id=\"4076fb2\" data-element_type=\"container\" data-e-type=\"container\" data-settings=\"{&quot;background_background&quot;:&quot;classic&quot;,&quot;animation&quot;:&quot;slideInUp&quot;}\">\n\t\t\t\t\t<div class=\"e-con-inner\">\n\t\t<div class=\"elementor-element elementor-element-5769358 e-flex e-con-boxed e-con e-child\" data-id=\"5769358\" data-element_type=\"container\" data-e-type=\"container\">\n\t\t\t\t\t<div class=\"e-con-inner\">\n\t\t\t\t<div class=\"elementor-element elementor-element-6e3f77e elementor-widget elementor-widget-spacer\" data-id=\"6e3f77e\" data-element_type=\"widget\" data-e-type=\"widget\" data-widget_type=\"spacer.default\">\n\t\t\t\t<div class=\"elementor-widget-container\">\n\t\t\t\t\t\t\t<div class=\"elementor-spacer\">\n\t\t\t<div class=\"elementor-spacer-inner\"><\/div>\n\t\t<\/div>\n\t\t\t\t\t\t<\/div>\n\t\t\t\t<\/div>\n\t\t\t\t<div class=\"elementor-element elementor-element-723d758 elementor-align-center elementor-widget elementor-widget-button\" data-id=\"723d758\" data-element_type=\"widget\" data-e-type=\"widget\" data-widget_type=\"button.default\">\n\t\t\t\t<div class=\"elementor-widget-container\">\n\t\t\t\t\t\t\t\t\t<div class=\"elementor-button-wrapper\">\n\t\t\t\t\t<a class=\"elementor-button elementor-button-link elementor-size-sm\" href=\"https:\/\/skippersplan.com\/fr\/obtenez-un-devis-dassurance-bateau\/\">\n\t\t\t\t\t\t<span class=\"elementor-button-content-wrapper\">\n\t\t\t\t\t\t\t\t\t<span class=\"elementor-button-text\">Obtenez un devis d\u00e8s aujourd'hui!<\/span>\n\t\t\t\t\t<\/span>\n\t\t\t\t\t<\/a>\n\t\t\t\t<\/div>\n\t\t\t\t\t\t\t\t<\/div>\n\t\t\t\t<\/div>\n\t\t\t\t<div class=\"elementor-element elementor-element-efbe52d elementor-widget elementor-widget-text-editor\" data-id=\"efbe52d\" data-element_type=\"widget\" data-e-type=\"widget\" data-widget_type=\"text-editor.default\">\n\t\t\t\t<div class=\"elementor-widget-container\">\n\t\t\t\t\t\t\t\t\t<p class=\"BodyA\">Ne laissez pas la s\u00e9curit\u00e9 de l\u2019assurance de votre bateau de p\u00eache au hasard. Obtenez d\u00e8s aujourd&rsquo;hui un devis d&rsquo;assurance personnalis\u00e9 aupr\u00e8s de Gallagher Skippers&rsquo; Plan. Notre syst\u00e8me de devis en ligne facile \u00e0 utiliser vous garantit de recevoir un devis comp\u00e9titif et personnalis\u00e9 adapt\u00e9 \u00e0 vos besoins sp\u00e9cifiques. Prot\u00e9gez votre bateau aujourd&rsquo;hui.<\/p>\n\t\t\t\t\t\t\t\t<\/div>\n\t\t\t\t<\/div>\n\t\t\t\t<div class=\"elementor-element elementor-element-b49d3bd elementor-widget elementor-widget-spacer\" data-id=\"b49d3bd\" data-element_type=\"widget\" data-e-type=\"widget\" data-widget_type=\"spacer.default\">\n\t\t\t\t<div class=\"elementor-widget-container\">\n\t\t\t\t\t\t\t<div class=\"elementor-spacer\">\n\t\t\t<div class=\"elementor-spacer-inner\"><\/div>\n\t\t<\/div>\n\t\t\t\t\t\t<\/div>\n\t\t\t\t<\/div>\n\t\t\t\t\t<\/div>\n\t\t\t\t<\/div>\n\t\t\t\t\t<\/div>\n\t\t\t\t<\/div>\n\t\t\t\t<\/div>\n\t\t","protected":false},"excerpt":{"rendered":"<p>Chez Gallagher Skippers&rsquo; Plan, nous comprenons les besoins sp\u00e9cifiques des amateurs de bateaux de p\u00eache. Que vous p\u00eachiez le dor\u00e9 dans la baie de Quinte, la truite dans le lac Quesnel ou le saumon dans la rivi\u00e8re Miramichi, nos r\u00e9gimes d&rsquo;assurance pour bateaux de p\u00eache canadiens peuvent \u00eatre adapt\u00e9s \u00e0 vos besoins sp\u00e9cifiques. En prot\u00e9geant [&hellip;]<\/p>\n","protected":false},"author":3,"featured_media":30042,"parent":29469,"menu_order":0,"comment_status":"closed","ping_status":"closed","template":"","meta":{"_acf_changed":false,"_monsterinsights_skip_tracking":false,"_monsterinsights_sitenote_active":false,"_monsterinsights_sitenote_note":"","_monsterinsights_sitenote_category":0,"footnotes":""},"class_list":["post-29461","page","type-page","status-publish","has-post-thumbnail","hentry"],"acf":[],"aioseo_notices":[],"_links":{"self":[{"href":"https:\/\/skippersplan.com\/fr\/wp-json\/wp\/v2\/pages\/29461","targetHints":{"allow":["GET"]}}],"collection":[{"href":"https:\/\/skippersplan.com\/fr\/wp-json\/wp\/v2\/pages"}],"about":[{"href":"https:\/\/skippersplan.com\/fr\/wp-json\/wp\/v2\/types\/page"}],"author":[{"embeddable":true,"href":"https:\/\/skippersplan.com\/fr\/wp-json\/wp\/v2\/users\/3"}],"replies":[{"embeddable":true,"href":"https:\/\/skippersplan.com\/fr\/wp-json\/wp\/v2\/comments?post=29461"}],"version-history":[{"count":4,"href":"https:\/\/skippersplan.com\/fr\/wp-json\/wp\/v2\/pages\/29461\/revisions"}],"predecessor-version":[{"id":30201,"href":"https:\/\/skippersplan.com\/fr\/wp-json\/wp\/v2\/pages\/29461\/revisions\/30201"}],"up":[{"embeddable":true,"href":"https:\/\/skippersplan.com\/fr\/wp-json\/wp\/v2\/pages\/29469"}],"wp:featuredmedia":[{"embeddable":true,"href":"https:\/\/skippersplan.com\/fr\/wp-json\/wp\/v2\/media\/30042"}],"wp:attachment":[{"href":"https:\/\/skippersplan.com\/fr\/wp-json\/wp\/v2\/media?parent=29461"}],"curies":[{"name":"wp","href":"https:\/\/api.w.org\/{rel}","templated":true}]}}