{"id":29455,"date":"2025-03-06T09:53:43","date_gmt":"2025-03-06T14:53:43","guid":{"rendered":"https:\/\/skippersplan.com\/assurance-motomarine-canadienne\/"},"modified":"2025-03-10T13:43:58","modified_gmt":"2025-03-10T17:43:58","slug":"assurance-motomarine-canadienne","status":"publish","type":"page","link":"https:\/\/skippersplan.com\/fr\/ce-que-nous-assurons\/assurance-motomarine-canadienne\/","title":{"rendered":"Assurance motomarine canadienne"},"content":{"rendered":"\t\t<div data-elementor-type=\"wp-page\" data-elementor-id=\"29455\" class=\"elementor elementor-29455 elementor-27666\" data-elementor-post-type=\"page\">\n\t\t\t\t<div class=\"elementor-element elementor-element-7c26524 e-flex e-con-boxed e-con e-parent\" data-id=\"7c26524\" data-element_type=\"container\" data-e-type=\"container\">\n\t\t\t\t\t<div class=\"e-con-inner\">\n\t\t<div class=\"elementor-element elementor-element-0ab33fa e-con-full e-flex e-con e-child\" data-id=\"0ab33fa\" data-element_type=\"container\" data-e-type=\"container\">\n\t\t\t\t<div class=\"elementor-element elementor-element-6d3d85f elementor-widget elementor-widget-text-editor\" data-id=\"6d3d85f\" data-element_type=\"widget\" data-e-type=\"widget\" data-widget_type=\"text-editor.default\">\n\t\t\t\t<div class=\"elementor-widget-container\">\n\t\t\t\t\t\t\t\t\t<p>Chez Gallagher Skippers&rsquo; Plan, nous appr\u00e9cions les besoins sp\u00e9cifiques des passionn\u00e9s de motomarines. Que vous exploriez les eaux chaudes du lac Okanagan, visitiez les Mille-\u00celes ou admiriez la beaut\u00e9 naturelle de l&rsquo;un des autres lacs et rivi\u00e8res pittoresques du Canada, nos plans d&rsquo;assurance pour motomarines canadiennes peuvent \u00eatre adapt\u00e9s pour r\u00e9pondre \u00e0 vos besoins uniques.<\/p><p>En prot\u00e9geant votre investissement avec notre plan d\u2019assurance pour embarcations personnelles, vous pourrez vous concentrer sur ce qui compte vraiment : cr\u00e9er des souvenirs inoubliables sur l\u2019eau avec votre famille et vos amis. Avec le Plan Skippers de Gallagher, vous avez un partenaire qui offre une assurance de confiance pour les embarcations au Canada depuis plus de 70 ans. Notre \u00e9quipe de professionnels de l\u2019assurance est enti\u00e8rement d\u00e9di\u00e9e \u00e0 vous permettre de profiter de chaque minute sur l\u2019eau en toute tranquillit\u00e9 d\u2019esprit.<\/p><p><strong>S\u00e9lectionnez votre province pour en savoir plus sur la couverture d&rsquo;assurance motomarine du Plan Skippers de Gallagher.<\/strong><\/p><ul><li><a title=\"Assurance pour bateaux de motomarines en Alberta\" href=\"https:\/\/skippersplan.com\/fr\/assurance-pour-motomarines-en-alberta\/\">Alberta<\/a><\/li><li><a title=\"Assurance bateau pour motomarines en Colombie-Britannique\" href=\"https:\/\/skippersplan.com\/fr\/assurance-bateau-pour-motomarines-en-colombie-britannique\/\">Colombie-Britannique<\/a><\/li><li><a title=\"Couverture d\u2019assurance pour motomarines au Manitoba\" href=\"https:\/\/skippersplan.com\/fr\/couverture-dassurance-pour-motomarines-au-manitoba\/\">Manitoba<\/a><\/li><li><a title=\"Assurance pour motomarines au Nouveau-Brunswick\" href=\"https:\/\/skippersplan.com\/fr\/assurance-pour-motomarines-au-nouveau-brunswick\/\">Nouveau-Brunswick<\/a><\/li><li><a title=\"Couverture d'assurance pour les bateaux \u00e0 moteur \u00e0 Terre-Neuve-et-Labrador\" href=\"https:\/\/skippersplan.com\/fr\/couverture-dassurance-pour-les-bateaux-a-moteur-a-terre-neuve-et-labrador\/\">Terre-Neuve-et-Labrador<\/a><\/li><li><a title=\"Couverture d'assurance pour les motomarines de la Nouvelle-\u00c9cosse\" href=\"https:\/\/skippersplan.com\/fr\/couverture-dassurance-pour-les-motomarines-de-la-nouvelle-ecosse\/\">Nouvelle-\u00c9cosse<\/a><\/li><li><a title=\"Assurance motomarine en Ontario\" href=\"https:\/\/skippersplan.com\/fr\/assurance-motomarine-en-ontario\/\">Ontario<\/a><\/li><li><a title=\"Assurance pour motomarines de l'\u00cele-du-Prince-\u00c9douard\" href=\"https:\/\/skippersplan.com\/fr\/assurance-pour-motomarines-de-lile-du-prince-edouard\/\">\u00cele-du-Prince-\u00c9douard<\/a><\/li><li><a title=\"Assurance pour motomarines en Saskatchewan\" href=\"https:\/\/skippersplan.com\/fr\/assurance-bateau-pour-motomarines-en-saskatchewan\/\">Saskatchewan<\/a><\/li><\/ul>\t\t\t\t\t\t\t\t<\/div>\n\t\t\t\t<\/div>\n\t\t\t\t<\/div>\n\t\t\t\t\t<\/div>\n\t\t\t\t<\/div>\n\t\t<div class=\"elementor-element elementor-element-ce3b88c e-flex e-con-boxed elementor-invisible e-con e-parent\" data-id=\"ce3b88c\" data-element_type=\"container\" data-e-type=\"container\" data-settings=\"{&quot;background_background&quot;:&quot;classic&quot;,&quot;animation&quot;:&quot;slideInUp&quot;}\">\n\t\t\t\t\t<div class=\"e-con-inner\">\n\t\t<div class=\"elementor-element elementor-element-9374309 e-flex e-con-boxed e-con e-child\" data-id=\"9374309\" data-element_type=\"container\" data-e-type=\"container\">\n\t\t\t\t\t<div class=\"e-con-inner\">\n\t\t\t\t<div class=\"elementor-element elementor-element-65f2b40 elementor-widget elementor-widget-spacer\" data-id=\"65f2b40\" data-element_type=\"widget\" data-e-type=\"widget\" data-widget_type=\"spacer.default\">\n\t\t\t\t<div class=\"elementor-widget-container\">\n\t\t\t\t\t\t\t<div class=\"elementor-spacer\">\n\t\t\t<div class=\"elementor-spacer-inner\"><\/div>\n\t\t<\/div>\n\t\t\t\t\t\t<\/div>\n\t\t\t\t<\/div>\n\t\t\t\t<div class=\"elementor-element elementor-element-960968f elementor-align-center elementor-widget elementor-widget-button\" data-id=\"960968f\" data-element_type=\"widget\" data-e-type=\"widget\" data-widget_type=\"button.default\">\n\t\t\t\t<div class=\"elementor-widget-container\">\n\t\t\t\t\t\t\t\t\t<div class=\"elementor-button-wrapper\">\n\t\t\t\t\t<a class=\"elementor-button elementor-button-link elementor-size-sm\" href=\"https:\/\/skippersplan.com\/fr\/obtenez-un-devis-dassurance-bateau\/\">\n\t\t\t\t\t\t<span class=\"elementor-button-content-wrapper\">\n\t\t\t\t\t\t\t\t\t<span class=\"elementor-button-text\">Obtenez un devis d\u00e8s aujourd'hui!<\/span>\n\t\t\t\t\t<\/span>\n\t\t\t\t\t<\/a>\n\t\t\t\t<\/div>\n\t\t\t\t\t\t\t\t<\/div>\n\t\t\t\t<\/div>\n\t\t\t\t<div class=\"elementor-element elementor-element-2a30a1d elementor-widget elementor-widget-text-editor\" data-id=\"2a30a1d\" data-element_type=\"widget\" data-e-type=\"widget\" data-widget_type=\"text-editor.default\">\n\t\t\t\t<div class=\"elementor-widget-container\">\n\t\t\t\t\t\t\t\t\t<p class=\"BodyA\">Ne laissez pas la s\u00e9curit\u00e9 de votre assurance motomarine au hasard. Obtenez d\u00e8s aujourd&rsquo;hui un devis d&rsquo;assurance personnalis\u00e9 aupr\u00e8s de Gallagher Skippers&rsquo; Plan. Notre syst\u00e8me de devis en ligne facile \u00e0 utiliser vous garantit de recevoir un devis comp\u00e9titif et personnalis\u00e9 adapt\u00e9 \u00e0 vos besoins sp\u00e9cifiques. Prot\u00e9gez votre bateau aujourd&rsquo;hui.<\/p>\n\t\t\t\t\t\t\t\t<\/div>\n\t\t\t\t<\/div>\n\t\t\t\t<div class=\"elementor-element elementor-element-1287813 elementor-widget elementor-widget-spacer\" data-id=\"1287813\" data-element_type=\"widget\" data-e-type=\"widget\" data-widget_type=\"spacer.default\">\n\t\t\t\t<div class=\"elementor-widget-container\">\n\t\t\t\t\t\t\t<div class=\"elementor-spacer\">\n\t\t\t<div class=\"elementor-spacer-inner\"><\/div>\n\t\t<\/div>\n\t\t\t\t\t\t<\/div>\n\t\t\t\t<\/div>\n\t\t\t\t\t<\/div>\n\t\t\t\t<\/div>\n\t\t\t\t\t<\/div>\n\t\t\t\t<\/div>\n\t\t\t\t<\/div>\n\t\t","protected":false},"excerpt":{"rendered":"<p>Chez Gallagher Skippers&rsquo; Plan, nous appr\u00e9cions les besoins sp\u00e9cifiques des passionn\u00e9s de motomarines. Que vous exploriez les eaux chaudes du lac Okanagan, visitiez les Mille-\u00celes ou admiriez la beaut\u00e9 naturelle de l&rsquo;un des autres lacs et rivi\u00e8res pittoresques du Canada, nos plans d&rsquo;assurance pour motomarines canadiennes peuvent \u00eatre adapt\u00e9s pour r\u00e9pondre \u00e0 vos besoins uniques. [&hellip;]<\/p>\n","protected":false},"author":3,"featured_media":30036,"parent":29469,"menu_order":0,"comment_status":"closed","ping_status":"closed","template":"","meta":{"_acf_changed":false,"_monsterinsights_skip_tracking":false,"_monsterinsights_sitenote_active":false,"_monsterinsights_sitenote_note":"","_monsterinsights_sitenote_category":0,"footnotes":""},"class_list":["post-29455","page","type-page","status-publish","has-post-thumbnail","hentry"],"acf":[],"aioseo_notices":[],"_links":{"self":[{"href":"https:\/\/skippersplan.com\/fr\/wp-json\/wp\/v2\/pages\/29455","targetHints":{"allow":["GET"]}}],"collection":[{"href":"https:\/\/skippersplan.com\/fr\/wp-json\/wp\/v2\/pages"}],"about":[{"href":"https:\/\/skippersplan.com\/fr\/wp-json\/wp\/v2\/types\/page"}],"author":[{"embeddable":true,"href":"https:\/\/skippersplan.com\/fr\/wp-json\/wp\/v2\/users\/3"}],"replies":[{"embeddable":true,"href":"https:\/\/skippersplan.com\/fr\/wp-json\/wp\/v2\/comments?post=29455"}],"version-history":[{"count":4,"href":"https:\/\/skippersplan.com\/fr\/wp-json\/wp\/v2\/pages\/29455\/revisions"}],"predecessor-version":[{"id":30193,"href":"https:\/\/skippersplan.com\/fr\/wp-json\/wp\/v2\/pages\/29455\/revisions\/30193"}],"up":[{"embeddable":true,"href":"https:\/\/skippersplan.com\/fr\/wp-json\/wp\/v2\/pages\/29469"}],"wp:featuredmedia":[{"embeddable":true,"href":"https:\/\/skippersplan.com\/fr\/wp-json\/wp\/v2\/media\/30036"}],"wp:attachment":[{"href":"https:\/\/skippersplan.com\/fr\/wp-json\/wp\/v2\/media?parent=29455"}],"curies":[{"name":"wp","href":"https:\/\/api.w.org\/{rel}","templated":true}]}}