{"id":29453,"date":"2025-03-06T09:53:16","date_gmt":"2025-03-06T14:53:16","guid":{"rendered":"https:\/\/skippersplan.com\/assurance-pour-les-vehicules-de-course-canadiens\/"},"modified":"2026-03-25T09:28:18","modified_gmt":"2026-03-25T13:28:18","slug":"assurance-pour-les-vehicules-de-course-canadiens","status":"publish","type":"page","link":"https:\/\/skippersplan.com\/fr\/ce-que-nous-assurons\/assurance-pour-les-vehicules-de-course-canadiens\/","title":{"rendered":"Assurance pour les v\u00e9hicules de course canadiens"},"content":{"rendered":"\t\t<div data-elementor-type=\"wp-page\" data-elementor-id=\"29453\" class=\"elementor elementor-29453 elementor-27676\" data-elementor-post-type=\"page\">\n\t\t\t\t<div class=\"elementor-element elementor-element-c04c1f9 e-flex e-con-boxed e-con e-parent\" data-id=\"c04c1f9\" data-element_type=\"container\" data-e-type=\"container\">\n\t\t\t\t\t<div class=\"e-con-inner\">\n\t\t<div class=\"elementor-element elementor-element-fe3926c e-con-full e-flex e-con e-child\" data-id=\"fe3926c\" data-element_type=\"container\" data-e-type=\"container\">\n\t\t\t\t<div class=\"elementor-element elementor-element-72288b6 elementor-widget elementor-widget-text-editor\" data-id=\"72288b6\" data-element_type=\"widget\" data-e-type=\"widget\" data-widget_type=\"text-editor.default\">\n\t\t\t\t<div class=\"elementor-widget-container\">\n\t\t\t\t\t\t\t\t\t<p>Chez Gallagher Skippers&rsquo; Plan, nous comprenons les exigences uniques des passionn\u00e9s de runabouts. Que vous exploriez la r\u00e9gion des chalets sur le lac Muskoka, que vous naviguiez sur la rivi\u00e8re Rouge ou que vous profitiez de la vue depuis le lac Okanagan, nos plans d&rsquo;assurance nautique canadiens peuvent \u00eatre adapt\u00e9s pour r\u00e9pondre \u00e0 vos besoins sp\u00e9cifiques.<\/p><p>En prot\u00e9geant votre investissement avec notre plan d&rsquo;assurance runabout, vous pourrez vous concentrer sur ce qui compte vraiment : cr\u00e9er des souvenirs inoubliables sur l&rsquo;eau avec votre famille et vos amis. Avec le Plan Skippers de Gallagher, vous avez un partenaire qui offre une assurance nautique de confiance au Canada depuis plus de 70 ans. Notre \u00e9quipe de professionnels de l\u2019assurance est enti\u00e8rement d\u00e9di\u00e9e \u00e0 vous permettre de profiter de chaque minute sur l\u2019eau en toute tranquillit\u00e9 d\u2019esprit.<\/p><p><strong>S\u00e9lectionnez votre province pour en savoir plus sur la couverture d&rsquo;assurance des runabouts Gallagher Skippers&rsquo; Plan.<\/strong><\/p><ul><li><a title=\"Assurance bateau runabout Alberta\" href=\"https:\/\/skippersplan.com\/fr\/assurance-bateau-runabout-alberta\/\">Alberta<\/a><\/li><li><a title=\"Assurance pour les v\u00e9hicules de course en Colombie-Britannique\" href=\"https:\/\/skippersplan.com\/fr\/assurance-pour-les-vehicules-de-course-en-colombie-britannique\/\">Colombie-Britannique<\/a><\/li><li><a title=\"Assurance pour les v\u00e9hicules de course du Manitoba\" href=\"https:\/\/skippersplan.com\/fr\/couverture-dassurance-pour-les-bateaux-runabout-du-manitoba\/\">Manitoba<\/a><\/li><li><a title=\"Assurance pour les v\u00e9hicules r\u00e9cr\u00e9atifs du Nouveau-Brunswick\" href=\"https:\/\/skippersplan.com\/fr\/assurance-pour-bateaux-runabouts-au-nouveau-brunswick\/\">Nouveau-Brunswick<\/a><\/li><li><a title=\"Couverture d'assurance pour les runabouts \u00e0 Terre-Neuve-et-Labrador\" href=\"https:\/\/skippersplan.com\/fr\/couverture-dassurance-pour-bateaux-runabout-a-terre-neuve-et-labrador\/\">Terre-Neuve-et-Labrador<\/a><\/li><li><a title=\"Couverture d'assurance pour les runabouts de la Nouvelle-\u00c9cosse\" href=\"https:\/\/skippersplan.com\/fr\/couverture-dassurance-pour-les-bateaux-runabout-de-la-nouvelle-ecosse\/\">Nouvelle-\u00c9cosse<\/a><\/li><li><a title=\"Assurance pour les v\u00e9hicules de course de l'Ontario\" href=\"https:\/\/skippersplan.com\/fr\/assurance-bateau-runabout-en-ontario\/\">Ontario<\/a><\/li><li><a title=\"Assurance pour les v\u00e9hicules de course de l'\u00cele-du-Prince-\u00c9douard\" href=\"https:\/\/skippersplan.com\/fr\/assurance-pour-bateaux-runabout-de-lile-du-prince-edouard\/\">\u00cele-du-Prince-\u00c9douard<\/a><\/li><li><a title=\"Assurance pour les v\u00e9hicules de course de la Saskatchewan\" href=\"https:\/\/skippersplan.com\/fr\/assurance-bateau-runabout-en-saskatchewan\/\">Saskatchewan<\/a><\/li><\/ul>\t\t\t\t\t\t\t\t<\/div>\n\t\t\t\t<\/div>\n\t\t\t\t<\/div>\n\t\t\t\t\t<\/div>\n\t\t\t\t<\/div>\n\t\t<div class=\"elementor-element elementor-element-4c09c5a e-flex e-con-boxed elementor-invisible e-con e-parent\" data-id=\"4c09c5a\" data-element_type=\"container\" data-e-type=\"container\" data-settings=\"{&quot;background_background&quot;:&quot;classic&quot;,&quot;animation&quot;:&quot;slideInUp&quot;}\">\n\t\t\t\t\t<div class=\"e-con-inner\">\n\t\t<div class=\"elementor-element elementor-element-e4521a9 e-flex e-con-boxed e-con e-child\" data-id=\"e4521a9\" data-element_type=\"container\" data-e-type=\"container\">\n\t\t\t\t\t<div class=\"e-con-inner\">\n\t\t\t\t<div class=\"elementor-element elementor-element-6fc026a elementor-widget elementor-widget-spacer\" data-id=\"6fc026a\" data-element_type=\"widget\" data-e-type=\"widget\" data-widget_type=\"spacer.default\">\n\t\t\t\t<div class=\"elementor-widget-container\">\n\t\t\t\t\t\t\t<div class=\"elementor-spacer\">\n\t\t\t<div class=\"elementor-spacer-inner\"><\/div>\n\t\t<\/div>\n\t\t\t\t\t\t<\/div>\n\t\t\t\t<\/div>\n\t\t\t\t<div class=\"elementor-element elementor-element-e550d45 elementor-align-center elementor-widget elementor-widget-button\" data-id=\"e550d45\" data-element_type=\"widget\" data-e-type=\"widget\" data-widget_type=\"button.default\">\n\t\t\t\t<div class=\"elementor-widget-container\">\n\t\t\t\t\t\t\t\t\t<div class=\"elementor-button-wrapper\">\n\t\t\t\t\t<a class=\"elementor-button elementor-button-link elementor-size-sm\" href=\"https:\/\/skippersplan.com\/fr\/obtenez-un-devis-dassurance-bateau\/\">\n\t\t\t\t\t\t<span class=\"elementor-button-content-wrapper\">\n\t\t\t\t\t\t\t\t\t<span class=\"elementor-button-text\">Obtenez un devis d\u00e8s aujourd'hui!<\/span>\n\t\t\t\t\t<\/span>\n\t\t\t\t\t<\/a>\n\t\t\t\t<\/div>\n\t\t\t\t\t\t\t\t<\/div>\n\t\t\t\t<\/div>\n\t\t\t\t<div class=\"elementor-element elementor-element-d756547 elementor-widget elementor-widget-text-editor\" data-id=\"d756547\" data-element_type=\"widget\" data-e-type=\"widget\" data-widget_type=\"text-editor.default\">\n\t\t\t\t<div class=\"elementor-widget-container\">\n\t\t\t\t\t\t\t\t\t<p class=\"BodyA\">Ne laissez pas la s\u00e9curit\u00e9 de l\u2019assurance de votre runabout au hasard. Obtenez d\u00e8s aujourd&rsquo;hui un devis d&rsquo;assurance personnalis\u00e9 aupr\u00e8s de Gallagher Skippers&rsquo; Plan. Notre syst\u00e8me de devis en ligne facile \u00e0 utiliser vous garantit de recevoir un devis comp\u00e9titif et personnalis\u00e9 adapt\u00e9 \u00e0 vos besoins sp\u00e9cifiques. Prot\u00e9gez votre bateau aujourd&rsquo;hui.<\/p>\n\t\t\t\t\t\t\t\t<\/div>\n\t\t\t\t<\/div>\n\t\t\t\t<div class=\"elementor-element elementor-element-272b22f elementor-widget elementor-widget-spacer\" data-id=\"272b22f\" data-element_type=\"widget\" data-e-type=\"widget\" data-widget_type=\"spacer.default\">\n\t\t\t\t<div class=\"elementor-widget-container\">\n\t\t\t\t\t\t\t<div class=\"elementor-spacer\">\n\t\t\t<div class=\"elementor-spacer-inner\"><\/div>\n\t\t<\/div>\n\t\t\t\t\t\t<\/div>\n\t\t\t\t<\/div>\n\t\t\t\t\t<\/div>\n\t\t\t\t<\/div>\n\t\t\t\t\t<\/div>\n\t\t\t\t<\/div>\n\t\t\t\t<\/div>\n\t\t","protected":false},"excerpt":{"rendered":"<p>Chez Gallagher Skippers&rsquo; Plan, nous comprenons les exigences uniques des passionn\u00e9s de runabouts. Que vous exploriez la r\u00e9gion des chalets sur le lac Muskoka, que vous naviguiez sur la rivi\u00e8re Rouge ou que vous profitiez de la vue depuis le lac Okanagan, nos plans d&rsquo;assurance nautique canadiens peuvent \u00eatre adapt\u00e9s pour r\u00e9pondre \u00e0 vos besoins [&hellip;]<\/p>\n","protected":false},"author":3,"featured_media":30040,"parent":29469,"menu_order":0,"comment_status":"closed","ping_status":"closed","template":"","meta":{"_acf_changed":false,"_monsterinsights_skip_tracking":false,"_monsterinsights_sitenote_active":false,"_monsterinsights_sitenote_note":"","_monsterinsights_sitenote_category":0,"footnotes":""},"class_list":["post-29453","page","type-page","status-publish","has-post-thumbnail","hentry"],"acf":[],"aioseo_notices":[],"_links":{"self":[{"href":"https:\/\/skippersplan.com\/fr\/wp-json\/wp\/v2\/pages\/29453","targetHints":{"allow":["GET"]}}],"collection":[{"href":"https:\/\/skippersplan.com\/fr\/wp-json\/wp\/v2\/pages"}],"about":[{"href":"https:\/\/skippersplan.com\/fr\/wp-json\/wp\/v2\/types\/page"}],"author":[{"embeddable":true,"href":"https:\/\/skippersplan.com\/fr\/wp-json\/wp\/v2\/users\/3"}],"replies":[{"embeddable":true,"href":"https:\/\/skippersplan.com\/fr\/wp-json\/wp\/v2\/comments?post=29453"}],"version-history":[{"count":4,"href":"https:\/\/skippersplan.com\/fr\/wp-json\/wp\/v2\/pages\/29453\/revisions"}],"predecessor-version":[{"id":30197,"href":"https:\/\/skippersplan.com\/fr\/wp-json\/wp\/v2\/pages\/29453\/revisions\/30197"}],"up":[{"embeddable":true,"href":"https:\/\/skippersplan.com\/fr\/wp-json\/wp\/v2\/pages\/29469"}],"wp:featuredmedia":[{"embeddable":true,"href":"https:\/\/skippersplan.com\/fr\/wp-json\/wp\/v2\/media\/30040"}],"wp:attachment":[{"href":"https:\/\/skippersplan.com\/fr\/wp-json\/wp\/v2\/media?parent=29453"}],"curies":[{"name":"wp","href":"https:\/\/api.w.org\/{rel}","templated":true}]}}