{"id":29451,"date":"2025-03-06T09:52:53","date_gmt":"2025-03-06T14:52:53","guid":{"rendered":"https:\/\/skippersplan.com\/assurance-pour-voiliers-canadiens\/"},"modified":"2025-03-10T13:41:03","modified_gmt":"2025-03-10T17:41:03","slug":"assurance-pour-voiliers-canadiens","status":"publish","type":"page","link":"https:\/\/skippersplan.com\/fr\/ce-que-nous-assurons\/assurance-pour-voiliers-canadiens\/","title":{"rendered":"Assurance pour voiliers canadiens"},"content":{"rendered":"\t\t<div data-elementor-type=\"wp-page\" data-elementor-id=\"29451\" class=\"elementor elementor-29451 elementor-27671\" data-elementor-post-type=\"page\">\n\t\t\t\t<div class=\"elementor-element elementor-element-24d5a94 e-flex e-con-boxed e-con e-parent\" data-id=\"24d5a94\" data-element_type=\"container\" data-e-type=\"container\">\n\t\t\t\t\t<div class=\"e-con-inner\">\n\t\t<div class=\"elementor-element elementor-element-f76e97d e-con-full e-flex e-con e-child\" data-id=\"f76e97d\" data-element_type=\"container\" data-e-type=\"container\">\n\t\t\t\t<div class=\"elementor-element elementor-element-7eb5075 elementor-widget elementor-widget-text-editor\" data-id=\"7eb5075\" data-element_type=\"widget\" data-e-type=\"widget\" data-widget_type=\"text-editor.default\">\n\t\t\t\t<div class=\"elementor-widget-container\">\n\t\t\t\t\t\t\t\t\t<p>Chez Gallagher Skippers&rsquo; Plan, nous sommes conscients des besoins uniques des passionn\u00e9s de voiliers. Que vous exploriez les eaux claires de l&rsquo;un des Grands Lacs, profitiez des douces brises du lac Bras d&rsquo;Or ou naviguiez sur l&rsquo;un des autres lacs ou rivi\u00e8res majestueux du Canada, nos plans d&rsquo;assurance pour voiliers canadiens peuvent \u00eatre adapt\u00e9s \u00e0 vos besoins sp\u00e9cifiques.<\/p><p>En prot\u00e9geant votre investissement avec notre plan d&rsquo;assurance pour voilier, vous pourrez vous concentrer sur ce qui compte vraiment : cr\u00e9er des souvenirs inoubliables tout en naviguant avec votre famille et vos amis. Avec le Plan Skippers de Gallagher, vous avez un partenaire qui offre une assurance nautique de confiance au Canada depuis plus de 70 ans. Notre \u00e9quipe de professionnels de l\u2019assurance est enti\u00e8rement d\u00e9di\u00e9e \u00e0 vous permettre de profiter de chaque minute sur l\u2019eau en toute tranquillit\u00e9 d\u2019esprit.<\/p><p><strong>S\u00e9lectionnez votre province pour en savoir plus sur la couverture d&rsquo;assurance pour voiliers du Plan Skippers de Gallagher.<\/strong><\/p><ul><li><a title=\"Assurance pour voiliers en Alberta\" href=\"https:\/\/skippersplan.com\/fr\/assurance-pour-voiliers-en-alberta\/\">Alberta<\/a><\/li><li><a title=\"Assurance pour voiliers en Colombie-Britannique\" href=\"https:\/\/skippersplan.com\/fr\/assurance-pour-voiliers-en-colombie-britannique\/\">Colombie-Britannique<\/a><\/li><li><a title=\"Assurance pour voiliers au Manitoba\" href=\"https:\/\/skippersplan.com\/fr\/assurance-pour-voiliers-au-manitoba\/\">Manitoba<\/a><\/li><li><a title=\"Assurance pour voiliers au Nouveau-Brunswick\" href=\"https:\/\/skippersplan.com\/fr\/assurance-pour-voiliers-au-nouveau-brunswick\/\">Nouveau-Brunswick<\/a><\/li><li><a title=\"Assurance pour voiliers \u00e0 Terre-Neuve-et-Labrador\" href=\"https:\/\/skippersplan.com\/fr\/assurance-pour-voiliers-a-terre-neuve-et-labrador\/\">Terre-Neuve-et-Labrador<\/a><\/li><li><a title=\"Assurance pour voiliers en Nouvelle-\u00c9cosse\" href=\"https:\/\/skippersplan.com\/fr\/assurance-pour-voiliers-en-nouvelle-ecosse\/\">Nouvelle-\u00c9cosse<\/a><\/li><li><a title=\"Assurance pour voiliers en Ontario\" href=\"https:\/\/skippersplan.com\/fr\/assurance-pour-voiliers-en-ontario\/\">Ontario<\/a><\/li><li><a title=\"Assurance pour voiliers \u00e0 l'\u00cele-du-Prince-\u00c9douard\" href=\"https:\/\/skippersplan.com\/fr\/assurance-pour-voiliers-a-lile-du-prince-edouard\/\">\u00cele-du-Prince-\u00c9douard<\/a><\/li><li><a title=\"Assurance pour voiliers en Saskatchewan\" href=\"https:\/\/skippersplan.com\/fr\/assurance-pour-voiliers-en-saskatchewan\/\">Saskatchewan<\/a><\/li><\/ul>\t\t\t\t\t\t\t\t<\/div>\n\t\t\t\t<\/div>\n\t\t\t\t<\/div>\n\t\t\t\t\t<\/div>\n\t\t\t\t<\/div>\n\t\t<div class=\"elementor-element elementor-element-f667fb0 e-flex e-con-boxed elementor-invisible e-con e-parent\" data-id=\"f667fb0\" data-element_type=\"container\" data-e-type=\"container\" data-settings=\"{&quot;background_background&quot;:&quot;classic&quot;,&quot;animation&quot;:&quot;slideInUp&quot;}\">\n\t\t\t\t\t<div class=\"e-con-inner\">\n\t\t<div class=\"elementor-element elementor-element-caedd0a e-flex e-con-boxed e-con e-child\" data-id=\"caedd0a\" data-element_type=\"container\" data-e-type=\"container\">\n\t\t\t\t\t<div class=\"e-con-inner\">\n\t\t\t\t<div class=\"elementor-element elementor-element-59057b7 elementor-widget elementor-widget-spacer\" data-id=\"59057b7\" data-element_type=\"widget\" data-e-type=\"widget\" data-widget_type=\"spacer.default\">\n\t\t\t\t<div class=\"elementor-widget-container\">\n\t\t\t\t\t\t\t<div class=\"elementor-spacer\">\n\t\t\t<div class=\"elementor-spacer-inner\"><\/div>\n\t\t<\/div>\n\t\t\t\t\t\t<\/div>\n\t\t\t\t<\/div>\n\t\t\t\t<div class=\"elementor-element elementor-element-df57408 elementor-align-center elementor-widget elementor-widget-button\" data-id=\"df57408\" data-element_type=\"widget\" data-e-type=\"widget\" data-widget_type=\"button.default\">\n\t\t\t\t<div class=\"elementor-widget-container\">\n\t\t\t\t\t\t\t\t\t<div class=\"elementor-button-wrapper\">\n\t\t\t\t\t<a class=\"elementor-button elementor-button-link elementor-size-sm\" href=\"https:\/\/skippersplan.com\/fr\/obtenez-un-devis-dassurance-bateau\/\">\n\t\t\t\t\t\t<span class=\"elementor-button-content-wrapper\">\n\t\t\t\t\t\t\t\t\t<span class=\"elementor-button-text\">Obtenez un devis d\u00e8s aujourd'hui!<\/span>\n\t\t\t\t\t<\/span>\n\t\t\t\t\t<\/a>\n\t\t\t\t<\/div>\n\t\t\t\t\t\t\t\t<\/div>\n\t\t\t\t<\/div>\n\t\t\t\t<div class=\"elementor-element elementor-element-49b7782 elementor-widget elementor-widget-text-editor\" data-id=\"49b7782\" data-element_type=\"widget\" data-e-type=\"widget\" data-widget_type=\"text-editor.default\">\n\t\t\t\t<div class=\"elementor-widget-container\">\n\t\t\t\t\t\t\t\t\t<p>Ne laissez pas la s\u00e9curit\u00e9 de votre assurance voilier au hasard. Obtenez d\u00e8s aujourd&rsquo;hui un devis d&rsquo;assurance personnalis\u00e9 aupr\u00e8s de Gallagher Skippers&rsquo; Plan. Notre syst\u00e8me de devis en ligne facile \u00e0 utiliser vous garantit de recevoir un devis comp\u00e9titif et personnalis\u00e9 adapt\u00e9 \u00e0 vos besoins sp\u00e9cifiques. Prot\u00e9gez votre bateau aujourd&rsquo;hui.<\/p>\n\t\t\t\t\t\t\t\t<\/div>\n\t\t\t\t<\/div>\n\t\t\t\t<div class=\"elementor-element elementor-element-aabe953 elementor-widget elementor-widget-spacer\" data-id=\"aabe953\" data-element_type=\"widget\" data-e-type=\"widget\" data-widget_type=\"spacer.default\">\n\t\t\t\t<div class=\"elementor-widget-container\">\n\t\t\t\t\t\t\t<div class=\"elementor-spacer\">\n\t\t\t<div class=\"elementor-spacer-inner\"><\/div>\n\t\t<\/div>\n\t\t\t\t\t\t<\/div>\n\t\t\t\t<\/div>\n\t\t\t\t\t<\/div>\n\t\t\t\t<\/div>\n\t\t\t\t\t<\/div>\n\t\t\t\t<\/div>\n\t\t\t\t<\/div>\n\t\t","protected":false},"excerpt":{"rendered":"<p>Chez Gallagher Skippers&rsquo; Plan, nous sommes conscients des besoins uniques des passionn\u00e9s de voiliers. Que vous exploriez les eaux claires de l&rsquo;un des Grands Lacs, profitiez des douces brises du lac Bras d&rsquo;Or ou naviguiez sur l&rsquo;un des autres lacs ou rivi\u00e8res majestueux du Canada, nos plans d&rsquo;assurance pour voiliers canadiens peuvent \u00eatre adapt\u00e9s \u00e0 [&hellip;]<\/p>\n","protected":false},"author":3,"featured_media":30029,"parent":29469,"menu_order":0,"comment_status":"closed","ping_status":"closed","template":"","meta":{"_acf_changed":false,"_monsterinsights_skip_tracking":false,"_monsterinsights_sitenote_active":false,"_monsterinsights_sitenote_note":"","_monsterinsights_sitenote_category":0,"footnotes":""},"class_list":["post-29451","page","type-page","status-publish","has-post-thumbnail","hentry"],"acf":[],"aioseo_notices":[],"_links":{"self":[{"href":"https:\/\/skippersplan.com\/fr\/wp-json\/wp\/v2\/pages\/29451","targetHints":{"allow":["GET"]}}],"collection":[{"href":"https:\/\/skippersplan.com\/fr\/wp-json\/wp\/v2\/pages"}],"about":[{"href":"https:\/\/skippersplan.com\/fr\/wp-json\/wp\/v2\/types\/page"}],"author":[{"embeddable":true,"href":"https:\/\/skippersplan.com\/fr\/wp-json\/wp\/v2\/users\/3"}],"replies":[{"embeddable":true,"href":"https:\/\/skippersplan.com\/fr\/wp-json\/wp\/v2\/comments?post=29451"}],"version-history":[{"count":4,"href":"https:\/\/skippersplan.com\/fr\/wp-json\/wp\/v2\/pages\/29451\/revisions"}],"predecessor-version":[{"id":30189,"href":"https:\/\/skippersplan.com\/fr\/wp-json\/wp\/v2\/pages\/29451\/revisions\/30189"}],"up":[{"embeddable":true,"href":"https:\/\/skippersplan.com\/fr\/wp-json\/wp\/v2\/pages\/29469"}],"wp:featuredmedia":[{"embeddable":true,"href":"https:\/\/skippersplan.com\/fr\/wp-json\/wp\/v2\/media\/30029"}],"wp:attachment":[{"href":"https:\/\/skippersplan.com\/fr\/wp-json\/wp\/v2\/media?parent=29451"}],"curies":[{"name":"wp","href":"https:\/\/api.w.org\/{rel}","templated":true}]}}