{"id":29440,"date":"2025-03-06T09:50:13","date_gmt":"2025-03-06T14:50:13","guid":{"rendered":"https:\/\/skippersplan.com\/a-propos-du-plan-des-capitaines-de-gallagher\/"},"modified":"2025-03-06T09:50:13","modified_gmt":"2025-03-06T14:50:13","slug":"a-propos-du-plan-des-capitaines-de-gallagher","status":"publish","type":"page","link":"https:\/\/skippersplan.com\/fr\/a-propos-du-plan-des-capitaines-de-gallagher\/","title":{"rendered":"\u00c0 propos du plan des capitaines de Gallagher"},"content":{"rendered":"\t\t<div data-elementor-type=\"wp-page\" data-elementor-id=\"29440\" class=\"elementor elementor-29440 elementor-10\" data-elementor-post-type=\"page\">\n\t\t\t\t<div class=\"elementor-element elementor-element-446396d6 e-flex e-con-boxed e-con e-parent\" data-id=\"446396d6\" data-element_type=\"container\" data-e-type=\"container\">\n\t\t\t\t\t<div class=\"e-con-inner\">\n\t\t<div class=\"elementor-element elementor-element-f5114ca e-con-full e-flex e-con e-child\" data-id=\"f5114ca\" data-element_type=\"container\" data-e-type=\"container\">\n\t\t\t\t<div class=\"elementor-element elementor-element-68527563 elementor-widget elementor-widget-heading\" data-id=\"68527563\" data-element_type=\"widget\" data-e-type=\"widget\" data-widget_type=\"heading.default\">\n\t\t\t\t<div class=\"elementor-widget-container\">\n\t\t\t\t\t<h2 class=\"elementor-heading-title elementor-size-default\">Histoire de Gallagher<br> Plan des skippers<\/h2>\t\t\t\t<\/div>\n\t\t\t\t<\/div>\n\t\t\t\t<div class=\"elementor-element elementor-element-31a15d92 elementor-widget elementor-widget-text-editor\" data-id=\"31a15d92\" data-element_type=\"widget\" data-e-type=\"widget\" data-widget_type=\"text-editor.default\">\n\t\t\t\t<div class=\"elementor-widget-container\">\n\t\t\t\t\t\t\t\t\t<p>Il y a plus de sept d\u00e9cennies, en 1943, WJ \u00ab Bill \u00bb Robertson a ouvert une agence d&rsquo;assurance g\u00e9n\u00e9rale \u00e0 Toronto. Au d\u00e9but des ann\u00e9es 1950, Bill a d\u00e9velopp\u00e9 une passion pour la navigation et a cr\u00e9\u00e9 le concept <strong>Skippers&rsquo; Plan<\/strong> pour offrir une assurance bateau aux plaisanciers de l&rsquo;Ontario. <\/p>\n<p><strong>Skippers&rsquo; Plan<\/strong> s&rsquo;est d\u00e9velopp\u00e9 en tant qu&rsquo;entreprise familiale sur trois g\u00e9n\u00e9rations sous le nom de courtage Robertson &amp; Robertson Yacht Insurance.<\/p>\n<p>En 2010, Robertson &amp; Robertson Yacht Insurance a rejoint le Groupe CG&amp;B, l&rsquo;un des plus importants courtiers au Canada, et nos clients ont pu b\u00e9n\u00e9ficier de l&rsquo;avantage de faire partie d&rsquo;un d\u00e9partement d&rsquo;assurance maritime plus vaste. En plus de l&rsquo;assurance bateau, nous avons pu offrir \u00e0 nos clients des assurances auto, habitation et entreprise. <\/p>\n<p>En 2011, l&rsquo;Association canadienne de yachting (aujourd&rsquo;hui <a href=\"http:\/\/www.sailing.ca\/\" target=\"_blank\" rel=\"noopener noreferrer\"><strong>Voile Canada<\/strong><\/a> ) a choisi <strong>Skippers&rsquo; Plan<\/strong> comme fournisseur exclusif de services d&rsquo;assurance au Canada. Le <a href=\"https:\/\/skippersplan.com\/fr\/voile-canada\/\" target=\"_blank\" rel=\"noopener noreferrer\"><strong>programme des membres de<\/strong><\/a> <strong>Skippers&rsquo; Plan<\/strong> de Voile Canada offre des avantages suppl\u00e9mentaires sur les plans d&rsquo;assurance bateau individuels ainsi que des tarifs pr\u00e9f\u00e9rentiels sur les assurances habitation, automobile et commerciale. <\/p>\n<p>En 2014, CG&amp;B a \u00e9t\u00e9 acquise par <a href=\"http:\/\/ajgcanada.com\/\" target=\"_blank\" rel=\"noopener noreferrer\"><strong>Arthur J. Gallagher Canada Limited,<\/strong><\/a> l&rsquo;un des trois plus grands courtiers d&rsquo;assurance au monde. Arthur J. Gallagher est l&rsquo;un des principaux courtiers d&rsquo;assurance maritime au monde et, une fois de plus, nos clients b\u00e9n\u00e9ficient de la gamme am\u00e9lior\u00e9e de produits disponibles. <\/p>\n<p>Aujourd&rsquo;hui, l&rsquo;\u00e9quipe <strong>de Gallagher Skippers&rsquo; Plan<\/strong> , qui fait partie d&rsquo;Arthur J. Gallagher Canada Limited, reste d\u00e9termin\u00e9e \u00e0 am\u00e9liorer la navigation de plaisance et \u00e0 r\u00e9pondre aux besoins d&rsquo;assurance des plaisanciers canadiens au Canada et partout dans le monde.<\/p>\n<p><a href=\"https:\/\/skippersplan.com\/fr\/contact\/\"><strong>Contactez l&rsquo;un de nos conseillers professionnels en assurance<\/strong><\/a> pour obtenir plus d&rsquo;informations sur l&rsquo;assurance bateau et l&rsquo;avantage du Plan Skipper <strong>Gallagher<\/strong> <strong>.<\/strong><\/p>\n\t\t\t\t\t\t\t\t<\/div>\n\t\t\t\t<\/div>\n\t\t\t\t<div class=\"elementor-element elementor-element-7085afc4 elementor-widget elementor-widget-spacer\" data-id=\"7085afc4\" data-element_type=\"widget\" data-e-type=\"widget\" data-widget_type=\"spacer.default\">\n\t\t\t\t<div class=\"elementor-widget-container\">\n\t\t\t\t\t\t\t<div class=\"elementor-spacer\">\n\t\t\t<div class=\"elementor-spacer-inner\"><\/div>\n\t\t<\/div>\n\t\t\t\t\t\t<\/div>\n\t\t\t\t<\/div>\n\t\t\t\t<\/div>\n\t\t<div class=\"elementor-element elementor-element-5d34aa51 e-con-full e-flex e-con e-child\" data-id=\"5d34aa51\" data-element_type=\"container\" data-e-type=\"container\">\n\t\t\t\t<div class=\"elementor-element elementor-element-394f555 elementor-widget elementor-widget-spacer\" data-id=\"394f555\" data-element_type=\"widget\" data-e-type=\"widget\" data-widget_type=\"spacer.default\">\n\t\t\t\t<div class=\"elementor-widget-container\">\n\t\t\t\t\t\t\t<div class=\"elementor-spacer\">\n\t\t\t<div class=\"elementor-spacer-inner\"><\/div>\n\t\t<\/div>\n\t\t\t\t\t\t<\/div>\n\t\t\t\t<\/div>\n\t\t\t\t<div class=\"elementor-element elementor-element-73452281 elementor-widget elementor-widget-spacer\" data-id=\"73452281\" data-element_type=\"widget\" data-e-type=\"widget\" data-widget_type=\"spacer.default\">\n\t\t\t\t<div class=\"elementor-widget-container\">\n\t\t\t\t\t\t\t<div class=\"elementor-spacer\">\n\t\t\t<div class=\"elementor-spacer-inner\"><\/div>\n\t\t<\/div>\n\t\t\t\t\t\t<\/div>\n\t\t\t\t<\/div>\n\t\t\t\t<\/div>\n\t\t<div class=\"elementor-element elementor-element-181037d9 e-con-full e-flex e-con e-child\" data-id=\"181037d9\" data-element_type=\"container\" data-e-type=\"container\">\n\t\t\t\t<div class=\"elementor-element elementor-element-2c9e54e3 elementor-widget elementor-widget-heading\" data-id=\"2c9e54e3\" data-element_type=\"widget\" data-e-type=\"widget\" data-widget_type=\"heading.default\">\n\t\t\t\t<div class=\"elementor-widget-container\">\n\t\t\t\t\t<p class=\"elementor-heading-title elementor-size-default\">Certains des groupes parrain\u00e9s ou soutenus par Gallagher Skippers' Plan<\/p>\t\t\t\t<\/div>\n\t\t\t\t<\/div>\n\t\t\t\t<div class=\"elementor-element elementor-element-12c1191c about-listed-points elementor-widget elementor-widget-text-editor\" data-id=\"12c1191c\" data-element_type=\"widget\" data-e-type=\"widget\" data-widget_type=\"text-editor.default\">\n\t\t\t\t<div class=\"elementor-widget-container\">\n\t\t\t\t\t\t\t\t\t<ul>\n<li>Voile Canada<\/li>\n<li>Semaine de courses de Chester<\/li>\n<li>Association de la classe J105<\/li>\n<li>Navigation de plaisance en Ontario<\/li>\n<li>Association de voile pour personnes handicap\u00e9es de l&rsquo;Ontario<\/li>\n<li>Association du club de croisi\u00e8re du lac Ontario<\/li>\n<li>Soci\u00e9t\u00e9 des bateaux anciens et classiques<\/li>\n<li>Association des bateaux anciens et classiques de Trent Severn<\/li>\n<li>Coll\u00e8ge Georgian \u2013 Programme de navigation de plaisance<\/li>\n<li>Centre d&rsquo;excellence en mati\u00e8re de plaisance nautique Vic Carpenter<\/li>\n<li>\u00c9v\u00e9nements du Yachts Club \u00e0 travers l&rsquo;Ontario<\/li>\n<li>Association de courses de yachts sur le lac<\/li>\n<li>Conseil des courses du lac Ontario<\/li>\n<li>Navigation de plaisance pour les \u0153uvres caritatives en faveur des enfants<\/li>\n<li>Club de Croisi\u00e8re Mondiale<\/li>\n<li>Salon nautique de Toronto<\/li>\n<li>D\u00e9fi Atlantique Canada<\/li>\n<li>L\u2019esprit du Canada \u2013 Derek Hatfield<\/li>\n<li>Association des propri\u00e9taires de Dispro<\/li>\n<li>Association internationale de la classe Thunderbird<\/li>\n<li>D\u00e9couvrir la navigation de plaisance<\/li>\n<li>Conseil canadien de s\u00e9curit\u00e9 nautique<\/li>\n<li>Lac Ontario 300<\/li>\n<li>S\u00e9rie de courses en \u00e9quipage r\u00e9duit sur le lac Ontario<\/li>\n<li>Club de croisi\u00e8re des Grands Lacs<\/li>\n<li>Soci\u00e9t\u00e9 de navigation \u00e0 vapeur de Muskoka<\/li>\n<li>Salon nautique classique de la Muskoka Lakes Association<\/li>\n<\/ul>\n\t\t\t\t\t\t\t\t<\/div>\n\t\t\t\t<\/div>\n\t\t\t\t<\/div>\n\t\t\t\t\t<\/div>\n\t\t\t\t<\/div>\n\t\t\t\t<\/div>\n\t\t","protected":false},"excerpt":{"rendered":"<p>Histoire de Gallagher Plan des skippers Il y a plus de sept d\u00e9cennies, en 1943, WJ \u00ab Bill \u00bb Robertson a ouvert une agence d&rsquo;assurance g\u00e9n\u00e9rale \u00e0 Toronto. Au d\u00e9but des ann\u00e9es 1950, Bill a d\u00e9velopp\u00e9 une passion pour la navigation et a cr\u00e9\u00e9 le concept Skippers&rsquo; Plan pour offrir une assurance bateau aux plaisanciers [&hellip;]<\/p>\n","protected":false},"author":1,"featured_media":30029,"parent":0,"menu_order":0,"comment_status":"closed","ping_status":"open","template":"","meta":{"_acf_changed":false,"_monsterinsights_skip_tracking":false,"_monsterinsights_sitenote_active":false,"_monsterinsights_sitenote_note":"","_monsterinsights_sitenote_category":0,"footnotes":""},"class_list":["post-29440","page","type-page","status-publish","has-post-thumbnail","hentry"],"acf":[],"aioseo_notices":[],"_links":{"self":[{"href":"https:\/\/skippersplan.com\/fr\/wp-json\/wp\/v2\/pages\/29440","targetHints":{"allow":["GET"]}}],"collection":[{"href":"https:\/\/skippersplan.com\/fr\/wp-json\/wp\/v2\/pages"}],"about":[{"href":"https:\/\/skippersplan.com\/fr\/wp-json\/wp\/v2\/types\/page"}],"author":[{"embeddable":true,"href":"https:\/\/skippersplan.com\/fr\/wp-json\/wp\/v2\/users\/1"}],"replies":[{"embeddable":true,"href":"https:\/\/skippersplan.com\/fr\/wp-json\/wp\/v2\/comments?post=29440"}],"version-history":[{"count":1,"href":"https:\/\/skippersplan.com\/fr\/wp-json\/wp\/v2\/pages\/29440\/revisions"}],"predecessor-version":[{"id":29441,"href":"https:\/\/skippersplan.com\/fr\/wp-json\/wp\/v2\/pages\/29440\/revisions\/29441"}],"wp:featuredmedia":[{"embeddable":true,"href":"https:\/\/skippersplan.com\/fr\/wp-json\/wp\/v2\/media\/30029"}],"wp:attachment":[{"href":"https:\/\/skippersplan.com\/fr\/wp-json\/wp\/v2\/media?parent=29440"}],"curies":[{"name":"wp","href":"https:\/\/api.w.org\/{rel}","templated":true}]}}