{"id":29424,"date":"2025-03-06T09:43:30","date_gmt":"2025-03-06T14:43:30","guid":{"rendered":"https:\/\/skippersplan.com\/blog\/"},"modified":"2026-03-24T15:40:53","modified_gmt":"2026-03-24T19:40:53","slug":"blog","status":"publish","type":"page","link":"https:\/\/skippersplan.com\/fr\/blog\/","title":{"rendered":"Blog"},"content":{"rendered":"\t\t<div data-elementor-type=\"wp-page\" data-elementor-id=\"29424\" class=\"elementor elementor-29424 elementor-12\" data-elementor-post-type=\"page\">\n\t\t\t\t<div class=\"elementor-element elementor-element-d6cbc7b e-flex e-con-boxed e-con e-parent\" data-id=\"d6cbc7b\" data-element_type=\"container\" data-e-type=\"container\">\n\t\t\t\t\t<div class=\"e-con-inner\">\n\t\t\t\t<div class=\"elementor-element elementor-element-48a42c5 elementor-widget elementor-widget-spacer\" data-id=\"48a42c5\" data-element_type=\"widget\" data-e-type=\"widget\" data-widget_type=\"spacer.default\">\n\t\t\t\t<div class=\"elementor-widget-container\">\n\t\t\t\t\t\t\t<div class=\"elementor-spacer\">\n\t\t\t<div class=\"elementor-spacer-inner\"><\/div>\n\t\t<\/div>\n\t\t\t\t\t\t<\/div>\n\t\t\t\t<\/div>\n\t\t\t\t<div class=\"elementor-element elementor-element-2c7c5fc elementor-grid-2 elementor-grid-tablet-2 elementor-grid-mobile-1 elementor-posts--thumbnail-top elementor-card-shadow-yes elementor-posts__hover-gradient elementor-widget elementor-widget-posts\" data-id=\"2c7c5fc\" data-element_type=\"widget\" data-e-type=\"widget\" data-settings=\"{&quot;cards_columns&quot;:&quot;2&quot;,&quot;pagination_type&quot;:&quot;numbers&quot;,&quot;cards_columns_tablet&quot;:&quot;2&quot;,&quot;cards_columns_mobile&quot;:&quot;1&quot;,&quot;cards_row_gap&quot;:{&quot;unit&quot;:&quot;px&quot;,&quot;size&quot;:35,&quot;sizes&quot;:[]},&quot;cards_row_gap_tablet&quot;:{&quot;unit&quot;:&quot;px&quot;,&quot;size&quot;:&quot;&quot;,&quot;sizes&quot;:[]},&quot;cards_row_gap_mobile&quot;:{&quot;unit&quot;:&quot;px&quot;,&quot;size&quot;:&quot;&quot;,&quot;sizes&quot;:[]}}\" data-widget_type=\"posts.cards\">\n\t\t\t\t<div class=\"elementor-widget-container\">\n\t\t\t\t\t\t\t<div class=\"elementor-posts-container elementor-posts elementor-posts--skin-cards elementor-grid\" role=\"list\">\n\t\t\t\t<article class=\"elementor-post elementor-grid-item post-30868 post type-post status-publish format-standard has-post-thumbnail hentry category-assurance-bateau category-informations-generales\" role=\"listitem\">\n\t\t\t<div class=\"elementor-post__card\">\n\t\t\t\t<a class=\"elementor-post__thumbnail__link\" href=\"https:\/\/skippersplan.com\/fr\/assurer-les-bateaux-anciens-au-canada-ce-que-tout-plaisancier-devrait-savoir\/\" tabindex=\"-1\" ><div class=\"elementor-post__thumbnail\"><img fetchpriority=\"high\" decoding=\"async\" width=\"800\" height=\"800\" src=\"https:\/\/skippersplan.com\/wp-content\/uploads\/2014\/12\/IMG_20141027_162055-1024x1024.jpg\" class=\"attachment-large size-large wp-image-488\" alt=\"\" srcset=\"https:\/\/skippersplan.com\/wp-content\/uploads\/2014\/12\/IMG_20141027_162055-1024x1024.jpg 1024w, https:\/\/skippersplan.com\/wp-content\/uploads\/2014\/12\/IMG_20141027_162055-150x150.jpg 150w, https:\/\/skippersplan.com\/wp-content\/uploads\/2014\/12\/IMG_20141027_162055-300x300.jpg 300w, https:\/\/skippersplan.com\/wp-content\/uploads\/2014\/12\/IMG_20141027_162055-377x377.jpg 377w, https:\/\/skippersplan.com\/wp-content\/uploads\/2014\/12\/IMG_20141027_162055-200x200.jpg 200w, https:\/\/skippersplan.com\/wp-content\/uploads\/2014\/12\/IMG_20141027_162055-500x500.jpg 500w\" sizes=\"(max-width: 800px) 100vw, 800px\" \/><\/div><\/a>\n\t\t\t\t<div class=\"elementor-post__text\">\n\t\t\t\t<h3 class=\"elementor-post__title\">\n\t\t\t<a href=\"https:\/\/skippersplan.com\/fr\/assurer-les-bateaux-anciens-au-canada-ce-que-tout-plaisancier-devrait-savoir\/\" >\n\t\t\t\tAssurer les bateaux anciens au Canada&nbsp;: ce que tout plaisancier devrait savoir\t\t\t<\/a>\n\t\t<\/h3>\n\t\t\t\t<div class=\"elementor-post__excerpt\">\n\t\t\t<p>Pour de nombreux plaisanciers canadiens, poss\u00e9der un croiseur classique \u00e0 coque en bois, un voilier d&rsquo;antan qu&rsquo;ils affectionnent particuli\u00e8rement ou un bateau \u00e0 moteur bien<\/p>\n\t\t<\/div>\n\t\t\t\t\t<div class=\"elementor-post__read-more-wrapper\">\n\t\t\n\t\t<a class=\"elementor-post__read-more\" href=\"https:\/\/skippersplan.com\/fr\/assurer-les-bateaux-anciens-au-canada-ce-que-tout-plaisancier-devrait-savoir\/\" aria-label=\"En savoir plus sur Assurer les bateaux anciens au Canada&nbsp;: ce que tout plaisancier devrait savoir\" tabindex=\"-1\" >\n\t\t\tEn savoir plus \u00bb\t\t<\/a>\n\n\t\t\t\t\t<\/div>\n\t\t\t\t<\/div>\n\t\t\t\t\t<\/div>\n\t\t<\/article>\n\t\t\t\t<article class=\"elementor-post elementor-grid-item post-30767 post type-post status-publish format-standard has-post-thumbnail hentry category-assurance-bateau category-conseils-de-navigation category-informations-generales\" role=\"listitem\">\n\t\t\t<div class=\"elementor-post__card\">\n\t\t\t\t<a class=\"elementor-post__thumbnail__link\" href=\"https:\/\/skippersplan.com\/fr\/vous-achetez-un-bateau-comprendre-lassurance-avec-le-plan-gallagher-skippers\/\" tabindex=\"-1\" ><div class=\"elementor-post__thumbnail\"><img decoding=\"async\" width=\"800\" height=\"800\" src=\"https:\/\/skippersplan.com\/wp-content\/uploads\/2025\/12\/DiscoverBoating_Boat_Buying-1024x1024.jpg\" class=\"attachment-large size-large wp-image-30766\" alt=\"D\u00e9couvrez la navigation de plaisance et l&#039;achat de bateaux\" srcset=\"https:\/\/skippersplan.com\/wp-content\/uploads\/2025\/12\/DiscoverBoating_Boat_Buying-1024x1024.jpg 1024w, https:\/\/skippersplan.com\/wp-content\/uploads\/2025\/12\/DiscoverBoating_Boat_Buying-300x300.jpg 300w, https:\/\/skippersplan.com\/wp-content\/uploads\/2025\/12\/DiscoverBoating_Boat_Buying-150x150.jpg 150w, https:\/\/skippersplan.com\/wp-content\/uploads\/2025\/12\/DiscoverBoating_Boat_Buying-768x768.jpg 768w, https:\/\/skippersplan.com\/wp-content\/uploads\/2025\/12\/DiscoverBoating_Boat_Buying-360x360.jpg 360w, https:\/\/skippersplan.com\/wp-content\/uploads\/2025\/12\/DiscoverBoating_Boat_Buying.jpg 1080w\" sizes=\"(max-width: 800px) 100vw, 800px\" \/><\/div><\/a>\n\t\t\t\t<div class=\"elementor-post__text\">\n\t\t\t\t<h3 class=\"elementor-post__title\">\n\t\t\t<a href=\"https:\/\/skippersplan.com\/fr\/vous-achetez-un-bateau-comprendre-lassurance-avec-le-plan-gallagher-skippers\/\" >\n\t\t\t\tVous achetez un bateau ? Comprendre l&rsquo;assurance avec le plan Gallagher Skippers\t\t\t<\/a>\n\t\t<\/h3>\n\t\t\t\t<div class=\"elementor-post__excerpt\">\n\t\t\t<p>L&rsquo;achat d&rsquo;un bateau, voilier ou croiseur, grand ou petit, neuf ou d&rsquo;occasion, est une aventure exaltante. Que vous soyez un marin chevronn\u00e9 ou que vous<\/p>\n\t\t<\/div>\n\t\t\t\t\t<div class=\"elementor-post__read-more-wrapper\">\n\t\t\n\t\t<a class=\"elementor-post__read-more\" href=\"https:\/\/skippersplan.com\/fr\/vous-achetez-un-bateau-comprendre-lassurance-avec-le-plan-gallagher-skippers\/\" aria-label=\"En savoir plus sur Vous achetez un bateau ? Comprendre l&rsquo;assurance avec le plan Gallagher Skippers\" tabindex=\"-1\" >\n\t\t\tEn savoir plus \u00bb\t\t<\/a>\n\n\t\t\t\t\t<\/div>\n\t\t\t\t<\/div>\n\t\t\t\t\t<\/div>\n\t\t<\/article>\n\t\t\t\t<article class=\"elementor-post elementor-grid-item post-30759 post type-post status-publish format-standard has-post-thumbnail hentry category-assurance-bateau category-evenements-nautiques\" role=\"listitem\">\n\t\t\t<div class=\"elementor-post__card\">\n\t\t\t\t<a class=\"elementor-post__thumbnail__link\" href=\"https:\/\/skippersplan.com\/fr\/rejoignez-nous-au-salon-nautique-international-dhalifax-2026\/\" tabindex=\"-1\" ><div class=\"elementor-post__thumbnail\"><img decoding=\"async\" width=\"300\" height=\"250\" src=\"https:\/\/skippersplan.com\/wp-content\/uploads\/2025\/12\/halifax-international-boat-show-300x250-2026.jpg\" class=\"attachment-large size-large wp-image-30757\" alt=\"\" \/><\/div><\/a>\n\t\t\t\t<div class=\"elementor-post__text\">\n\t\t\t\t<h3 class=\"elementor-post__title\">\n\t\t\t<a href=\"https:\/\/skippersplan.com\/fr\/rejoignez-nous-au-salon-nautique-international-dhalifax-2026\/\" >\n\t\t\t\tRejoignez-nous au Salon nautique international d&rsquo;Halifax 2026 !\t\t\t<\/a>\n\t\t<\/h3>\n\t\t\t\t<div class=\"elementor-post__excerpt\">\n\t\t\t<p>Avis aux passionn\u00e9s de navigation de la c\u00f4te Est&nbsp;! Gallagher Skippers&rsquo; Plan est ravi d&rsquo;annoncer son retour au Salon nautique international d&rsquo;Halifax, du 5 au<\/p>\n\t\t<\/div>\n\t\t\t\t\t<div class=\"elementor-post__read-more-wrapper\">\n\t\t\n\t\t<a class=\"elementor-post__read-more\" href=\"https:\/\/skippersplan.com\/fr\/rejoignez-nous-au-salon-nautique-international-dhalifax-2026\/\" aria-label=\"En savoir plus sur Rejoignez-nous au Salon nautique international d&rsquo;Halifax 2026 !\" tabindex=\"-1\" >\n\t\t\tEn savoir plus \u00bb\t\t<\/a>\n\n\t\t\t\t\t<\/div>\n\t\t\t\t<\/div>\n\t\t\t\t\t<\/div>\n\t\t<\/article>\n\t\t\t\t<article class=\"elementor-post elementor-grid-item post-30747 post type-post status-publish format-standard has-post-thumbnail hentry category-assurance-bateau category-evenements-nautiques\" role=\"listitem\">\n\t\t\t<div class=\"elementor-post__card\">\n\t\t\t\t<a class=\"elementor-post__thumbnail__link\" href=\"https:\/\/skippersplan.com\/fr\/rejoignez-nous-au-salon-international-du-bateau-de-toronto-2026\/\" tabindex=\"-1\" ><div class=\"elementor-post__thumbnail\"><img loading=\"lazy\" decoding=\"async\" width=\"300\" height=\"250\" src=\"https:\/\/skippersplan.com\/wp-content\/uploads\/2025\/12\/TIBS-2026-300x250-1.jpg\" class=\"attachment-large size-large wp-image-30746\" alt=\"Salon nautique international de Toronto 2026\" \/><\/div><\/a>\n\t\t\t\t<div class=\"elementor-post__text\">\n\t\t\t\t<h3 class=\"elementor-post__title\">\n\t\t\t<a href=\"https:\/\/skippersplan.com\/fr\/rejoignez-nous-au-salon-international-du-bateau-de-toronto-2026\/\" >\n\t\t\t\tRejoignez-nous au Salon international du bateau de Toronto 2026 !\t\t\t<\/a>\n\t\t<\/h3>\n\t\t\t\t<div class=\"elementor-post__excerpt\">\n\t\t\t<p>Salut \u00e0 tous les passionn\u00e9s de navigation de l&rsquo;Ontario ! Gallagher Skippers&rsquo; Plan est ravi d&rsquo;annoncer son retour au Salon international du bateau de Toronto,<\/p>\n\t\t<\/div>\n\t\t\t\t\t<div class=\"elementor-post__read-more-wrapper\">\n\t\t\n\t\t<a class=\"elementor-post__read-more\" href=\"https:\/\/skippersplan.com\/fr\/rejoignez-nous-au-salon-international-du-bateau-de-toronto-2026\/\" aria-label=\"En savoir plus sur Rejoignez-nous au Salon international du bateau de Toronto 2026 !\" tabindex=\"-1\" >\n\t\t\tEn savoir plus \u00bb\t\t<\/a>\n\n\t\t\t\t\t<\/div>\n\t\t\t\t<\/div>\n\t\t\t\t\t<\/div>\n\t\t<\/article>\n\t\t\t\t<\/div>\n\t\t\n\t\t\t\t<div class=\"e-load-more-anchor\" data-page=\"1\" data-max-page=\"25\" data-next-page=\"https:\/\/skippersplan.com\/fr\/wp-json\/wp\/v2\/pages\/29424\/page\/2\/\"><\/div>\n\t\t\t\t<nav class=\"elementor-pagination\" aria-label=\"Pagination\">\n\t\t\t<span aria-current=\"page\" class=\"page-numbers current\"><span class=\"elementor-screen-only\">Page<\/span>1<\/span>\n<a class=\"page-numbers\" href=\"https:\/\/skippersplan.com\/fr\/wp-json\/wp\/v2\/pages\/29424\/page\/2\/\"><span class=\"elementor-screen-only\">Page<\/span>2<\/a>\n<a class=\"page-numbers\" href=\"https:\/\/skippersplan.com\/fr\/wp-json\/wp\/v2\/pages\/29424\/page\/3\/\"><span class=\"elementor-screen-only\">Page<\/span>3<\/a>\n<span class=\"page-numbers dots\">\u2026<\/span>\n<a class=\"page-numbers\" href=\"https:\/\/skippersplan.com\/fr\/wp-json\/wp\/v2\/pages\/29424\/page\/20\/\"><span class=\"elementor-screen-only\">Page<\/span>20<\/a>\t\t<\/nav>\n\t\t\t\t\t\t<\/div>\n\t\t\t\t<\/div>\n\t\t\t\t\t<\/div>\n\t\t\t\t<\/div>\n\t\t\t\t<\/div>\n\t\t","protected":false},"excerpt":{"rendered":"","protected":false},"author":1,"featured_media":30029,"parent":0,"menu_order":0,"comment_status":"closed","ping_status":"open","template":"","meta":{"_acf_changed":false,"_monsterinsights_skip_tracking":false,"_monsterinsights_sitenote_active":false,"_monsterinsights_sitenote_note":"","_monsterinsights_sitenote_category":0,"footnotes":""},"class_list":["post-29424","page","type-page","status-publish","has-post-thumbnail","hentry"],"acf":[],"aioseo_notices":[],"_links":{"self":[{"href":"https:\/\/skippersplan.com\/fr\/wp-json\/wp\/v2\/pages\/29424","targetHints":{"allow":["GET"]}}],"collection":[{"href":"https:\/\/skippersplan.com\/fr\/wp-json\/wp\/v2\/pages"}],"about":[{"href":"https:\/\/skippersplan.com\/fr\/wp-json\/wp\/v2\/types\/page"}],"author":[{"embeddable":true,"href":"https:\/\/skippersplan.com\/fr\/wp-json\/wp\/v2\/users\/1"}],"replies":[{"embeddable":true,"href":"https:\/\/skippersplan.com\/fr\/wp-json\/wp\/v2\/comments?post=29424"}],"version-history":[{"count":1,"href":"https:\/\/skippersplan.com\/fr\/wp-json\/wp\/v2\/pages\/29424\/revisions"}],"predecessor-version":[{"id":29425,"href":"https:\/\/skippersplan.com\/fr\/wp-json\/wp\/v2\/pages\/29424\/revisions\/29425"}],"wp:featuredmedia":[{"embeddable":true,"href":"https:\/\/skippersplan.com\/fr\/wp-json\/wp\/v2\/media\/30029"}],"wp:attachment":[{"href":"https:\/\/skippersplan.com\/fr\/wp-json\/wp\/v2\/media?parent=29424"}],"curies":[{"name":"wp","href":"https:\/\/api.w.org\/{rel}","templated":true}]}}