{"id":29418,"date":"2025-03-06T09:39:19","date_gmt":"2025-03-06T14:39:19","guid":{"rendered":"https:\/\/skippersplan.com\/exigences-relatives-a-lenquete-et-a-la-photographie\/"},"modified":"2026-03-25T09:42:19","modified_gmt":"2026-03-25T13:42:19","slug":"exigences-relatives-a-lenquete-et-a-la-photographie","status":"publish","type":"page","link":"https:\/\/skippersplan.com\/fr\/exigences-relatives-a-lenquete-et-a-la-photographie\/","title":{"rendered":"Exigences relatives \u00e0 l&rsquo;enqu\u00eate et \u00e0 la photographie"},"content":{"rendered":"\t\t<div data-elementor-type=\"wp-page\" data-elementor-id=\"29418\" class=\"elementor elementor-29418 elementor-26780\" data-elementor-post-type=\"page\">\n\t\t\t\t<div class=\"elementor-element elementor-element-1da18db e-flex e-con-boxed e-con e-parent\" data-id=\"1da18db\" data-element_type=\"container\" data-e-type=\"container\">\n\t\t\t\t\t<div class=\"e-con-inner\">\n\t\t<div class=\"elementor-element elementor-element-7a289908 e-con-full e-flex e-con e-child\" data-id=\"7a289908\" data-element_type=\"container\" data-e-type=\"container\">\n\t\t\t\t<div class=\"elementor-element elementor-element-59125bd8 elementor-widget elementor-widget-spacer\" data-id=\"59125bd8\" data-element_type=\"widget\" data-e-type=\"widget\" data-widget_type=\"spacer.default\">\n\t\t\t\t<div class=\"elementor-widget-container\">\n\t\t\t\t\t\t\t<div class=\"elementor-spacer\">\n\t\t\t<div class=\"elementor-spacer-inner\"><\/div>\n\t\t<\/div>\n\t\t\t\t\t\t<\/div>\n\t\t\t\t<\/div>\n\t\t\t\t<div class=\"elementor-element elementor-element-514a49a elementor-widget elementor-widget-heading\" data-id=\"514a49a\" data-element_type=\"widget\" data-e-type=\"widget\" data-widget_type=\"heading.default\">\n\t\t\t\t<div class=\"elementor-widget-container\">\n\t\t\t\t\t<h2 class=\"elementor-heading-title elementor-size-default\">Pourquoi ai-je besoin d\u2019une enqu\u00eate ou de photos ?<\/h2>\t\t\t\t<\/div>\n\t\t\t\t<\/div>\n\t\t\t\t<div class=\"elementor-element elementor-element-4d14085c elementor-widget elementor-widget-text-editor\" data-id=\"4d14085c\" data-element_type=\"widget\" data-e-type=\"widget\" data-widget_type=\"text-editor.default\">\n\t\t\t\t<div class=\"elementor-widget-container\">\n\t\t\t\t\t\t\t\t\t<p>Vous achetez un bateau ou nous avons demand\u00e9 une expertise ou des photos avec votre police d&rsquo;assurance ou avant de l&rsquo;\u00e9mettre. Pourquoi ai-je besoin d&rsquo;une expertise ou de photos ? Les expertises marines sont une exigence standard dans le secteur de l&rsquo;assurance des bateaux sur les navires plus anciens (15 \u00e0 20 ans et plus), et nous continuons \u00e0 les recommander si vous achetez un bateau. Cela peut \u00e9galement \u00eatre obligatoire. Les expertises offrent aux acheteurs de bateaux une tranquillit\u00e9 d&rsquo;esprit avant l&rsquo;achat, identifient les probl\u00e8mes potentiels de s\u00e9curit\u00e9 et d&rsquo;entretien et peuvent fournir une valeur actualis\u00e9e du navire, ce qui permet de d\u00e9terminer s&rsquo;il est sur-assur\u00e9 ou sous-assur\u00e9. Et surtout, la navigabilit\u00e9 du navire.     <\/p>\n\t\t\t\t\t\t\t\t<\/div>\n\t\t\t\t<\/div>\n\t\t\t\t<div class=\"elementor-element elementor-element-59738bd elementor-widget elementor-widget-heading\" data-id=\"59738bd\" data-element_type=\"widget\" data-e-type=\"widget\" data-widget_type=\"heading.default\">\n\t\t\t\t<div class=\"elementor-widget-container\">\n\t\t\t\t\t<h5 class=\"elementor-heading-title elementor-size-default\">Quand une enqu\u00eate est-elle n\u00e9cessaire?<\/h5>\t\t\t\t<\/div>\n\t\t\t\t<\/div>\n\t\t\t\t<div class=\"elementor-element elementor-element-6324bc7 elementor-widget elementor-widget-text-editor\" data-id=\"6324bc7\" data-element_type=\"widget\" data-e-type=\"widget\" data-widget_type=\"text-editor.default\">\n\t\t\t\t<div class=\"elementor-widget-container\">\n\t\t\t\t\t\t\t\t\t<p>Nos compagnies d&rsquo;assurance demandent des expertises lorsque votre bateau est :<\/p>\n<ul>\n<li>\u00c2g\u00e9 de plus de 20 ans et<\/li>\n<li>30 pieds de longueur hors tout et plus, ou<\/li>\n<li>d\u2019une valeur de 50 000 $ et plus;<\/li>\n<li>Ou maintenir la couverture \u00e0 valeur convenue \u00e0 partir de 15 ans&nbsp;;<\/li>\n<li>Ou des bateaux \u00e0 r\u00e9action Sea-Doo  <\/li>\n<\/ul>\n<p>Tous les bateaux de collection et anciens avec le plan Gallagher Skippers n\u00e9cessiteront une inspection, quel que soit leur \u00e2ge.<\/p>\n<p>Une expertise maritime peut \u00eatre demand\u00e9e par le service d&rsquo;assurance d&rsquo;un assureur \u00e0 tout moment. Si l&rsquo;expertise maritime ou le rapport d&rsquo;\u00e9valuation sont jug\u00e9s inacceptables, ils se r\u00e9servent le droit de refuser le risque \/ d&rsquo;annuler la police. <\/p>\n\t\t\t\t\t\t\t\t<\/div>\n\t\t\t\t<\/div>\n\t\t\t\t<div class=\"elementor-element elementor-element-9e849a6 elementor-widget elementor-widget-heading\" data-id=\"9e849a6\" data-element_type=\"widget\" data-e-type=\"widget\" data-widget_type=\"heading.default\">\n\t\t\t\t<div class=\"elementor-widget-container\">\n\t\t\t\t\t<h5 class=\"elementor-heading-title elementor-size-default\">Le souscripteur demande une expertise marine avec mon renouvellement, quand sera-t-elle due ?<\/h5>\t\t\t\t<\/div>\n\t\t\t\t<\/div>\n\t\t\t\t<div class=\"elementor-element elementor-element-f9ba4d3 elementor-widget elementor-widget-text-editor\" data-id=\"f9ba4d3\" data-element_type=\"widget\" data-e-type=\"widget\" data-widget_type=\"text-editor.default\">\n\t\t\t\t<div class=\"elementor-widget-container\">\n\t\t\t\t\t\t\t\t\t<p>Une demande d&rsquo;inspection est envoy\u00e9e un an avant sa date d&rsquo;\u00e9ch\u00e9ance. Si vos documents indiquent qu&rsquo;une inspection est demand\u00e9e, vous aurez jusqu&rsquo;\u00e0 la date de renouvellement de l&rsquo;ann\u00e9e suivante pour la faire effectuer. Les inspections sont g\u00e9n\u00e9ralement effectu\u00e9es avant la mise \u00e0 l&rsquo;eau ou juste apr\u00e8s la sortie du bateau, car elles doivent \u00eatre effectu\u00e9es hors de l&rsquo;eau. Nous vous sugg\u00e9rons donc de planifier votre inspection pour qu&rsquo;elle soit effectu\u00e9e \u00e0 l&rsquo;une de ces p\u00e9riodes au cours de l&rsquo;ann\u00e9e suivante.  <\/p>\n\t\t\t\t\t\t\t\t<\/div>\n\t\t\t\t<\/div>\n\t\t\t\t<div class=\"elementor-element elementor-element-bef93f4 elementor-widget elementor-widget-heading\" data-id=\"bef93f4\" data-element_type=\"widget\" data-e-type=\"widget\" data-widget_type=\"heading.default\">\n\t\t\t\t<div class=\"elementor-widget-container\">\n\t\t\t\t\t<h5 class=\"elementor-heading-title elementor-size-default\">Quelle est la dur\u00e9e de validit\u00e9 d\u2019une enqu\u00eate ?<\/h5>\t\t\t\t<\/div>\n\t\t\t\t<\/div>\n\t\t\t\t<div class=\"elementor-element elementor-element-443e8105 elementor-widget elementor-widget-text-editor\" data-id=\"443e8105\" data-element_type=\"widget\" data-e-type=\"widget\" data-widget_type=\"text-editor.default\">\n\t\t\t\t<div class=\"elementor-widget-container\">\n\t\t\t\t\t\t\t\t\t<p>Les sondages sont valables deux (2) ans pour les nouvelles polices, et pour nos clients existants et leurs renouvellements, les sondages seront demand\u00e9s tous les cinq (5) ans \u00e0 compter de la date du dernier sondage.<\/p>\n\t\t\t\t\t\t\t\t<\/div>\n\t\t\t\t<\/div>\n\t\t\t\t<div class=\"elementor-element elementor-element-37206f1 elementor-widget elementor-widget-heading\" data-id=\"37206f1\" data-element_type=\"widget\" data-e-type=\"widget\" data-widget_type=\"heading.default\">\n\t\t\t\t<div class=\"elementor-widget-container\">\n\t\t\t\t\t<h5 class=\"elementor-heading-title elementor-size-default\">J'ai un relev\u00e9 dans mes dossiers aupr\u00e8s de Skippers' Plan, et mes documents indiquent que le prochain relev\u00e9 requis aura lieu en 20XX. Qu'est-ce que cela signifie ? <\/h5>\t\t\t\t<\/div>\n\t\t\t\t<\/div>\n\t\t\t\t<div class=\"elementor-element elementor-element-110d5cb4 elementor-widget elementor-widget-text-editor\" data-id=\"110d5cb4\" data-element_type=\"widget\" data-e-type=\"widget\" data-widget_type=\"text-editor.default\">\n\t\t\t\t<div class=\"elementor-widget-container\">\n\t\t\t\t\t\t\t\t\t<p>Cela signifie que l&rsquo;expertise sera demand\u00e9e \u00e0 la date de renouvellement de l&rsquo;ann\u00e9e en question et que vous disposerez d&rsquo;un an pour la faire r\u00e9aliser apr\u00e8s avoir re\u00e7u l&rsquo;avis. Par exemple, si la mention \u00ab Prochaine expertise requise : 2025 \u00bb est indiqu\u00e9e, cela signifie qu&rsquo;une expertise sera demand\u00e9e \u00e0 la date de renouvellement de 2025 et que vous aurez jusqu&rsquo;\u00e0 la date de renouvellement de 2026 pour soumettre le rapport pour examen. Certaines compagnies d&rsquo;assurance accordent ensuite jusqu&rsquo;\u00e0 deux ans pour obtenir l&rsquo;expertise, compte tenu de la saisonnalit\u00e9 et du nombre limit\u00e9 d&rsquo;experts dans certaines r\u00e9gions du Canada.   <\/p>\n\t\t\t\t\t\t\t\t<\/div>\n\t\t\t\t<\/div>\n\t\t\t\t<div class=\"elementor-element elementor-element-c0521ec elementor-widget elementor-widget-heading\" data-id=\"c0521ec\" data-element_type=\"widget\" data-e-type=\"widget\" data-widget_type=\"heading.default\">\n\t\t\t\t<div class=\"elementor-widget-container\">\n\t\t\t\t\t<h5 class=\"elementor-heading-title elementor-size-default\">Que fait-on lors d'une inspection marine ?<\/h5>\t\t\t\t<\/div>\n\t\t\t\t<\/div>\n\t\t\t\t<div class=\"elementor-element elementor-element-501dec22 elementor-widget elementor-widget-text-editor\" data-id=\"501dec22\" data-element_type=\"widget\" data-e-type=\"widget\" data-widget_type=\"text-editor.default\">\n\t\t\t\t<div class=\"elementor-widget-container\">\n\t\t\t\t\t\t\t\t\t<p>Une expertise maritime est une inspection d\u00e9taill\u00e9e de l&rsquo;ext\u00e9rieur, du gr\u00e9ement, de l&rsquo;int\u00e9rieur, de l&rsquo;\u00e9quipement de s\u00e9curit\u00e9, de l&rsquo;\u00e9lectronique et des composants m\u00e9caniques de votre bateau. Au fur et \u00e0 mesure que l&rsquo;expert inspecte le bateau, il notera tous les probl\u00e8mes potentiels et vous pr\u00e9sentera une documentation r\u00e9pertoriant l&rsquo;\u00e9tat actuel et la navigabilit\u00e9 du navire, ainsi qu&rsquo;une estimation de sa valeur. L&rsquo;expert inclura de nombreuses photos dans son rapport. Si une estimation de la valeur est fournie, la valeur n&rsquo;est pas utilis\u00e9e par la plupart des compagnies d&rsquo;assurance. (L&rsquo;int\u00e9r\u00eat assurable, le montant pour lequel vous avez achet\u00e9 votre navire plus les annexes, les accessoires, les am\u00e9liorations et les am\u00e9nagements plus les taxes, est la valeur pour laquelle les compagnies d&rsquo;assurance vous permettent, \u00e0 vous et \u00e0 nous, d&rsquo;assurer votre navire).    <\/p>\n\t\t\t\t\t\t\t\t<\/div>\n\t\t\t\t<\/div>\n\t\t\t\t<div class=\"elementor-element elementor-element-6cebf8f elementor-widget elementor-widget-heading\" data-id=\"6cebf8f\" data-element_type=\"widget\" data-e-type=\"widget\" data-widget_type=\"heading.default\">\n\t\t\t\t<div class=\"elementor-widget-container\">\n\t\t\t\t\t<h5 class=\"elementor-heading-title elementor-size-default\">Que faire si l\u2019expert constate des probl\u00e8mes potentiels ?<\/h5>\t\t\t\t<\/div>\n\t\t\t\t<\/div>\n\t\t\t\t<div class=\"elementor-element elementor-element-b433674 elementor-widget elementor-widget-text-editor\" data-id=\"b433674\" data-element_type=\"widget\" data-e-type=\"widget\" data-widget_type=\"text-editor.default\">\n\t\t\t\t<div class=\"elementor-widget-container\">\n\t\t\t\t\t\t\t\t\t<p>Votre expert prendra note de l&rsquo;importance de l&rsquo;inspection pour la navigabilit\u00e9 et la s\u00e9curit\u00e9. L&rsquo;assureur exigera que les points urgents et non urgents soient trait\u00e9s dans les meilleurs d\u00e9lais. Certains probl\u00e8mes peuvent affecter votre assurabilit\u00e9. Votre courtier vous contactera \u00e0 ce sujet pour en discuter plus en d\u00e9tail avec vous une fois que le rapport d&rsquo;inspection aura \u00e9t\u00e9 examin\u00e9 par le souscripteur.   <\/p>\n\t\t\t\t\t\t\t\t<\/div>\n\t\t\t\t<\/div>\n\t\t\t\t<div class=\"elementor-element elementor-element-14f1b09 elementor-widget elementor-widget-heading\" data-id=\"14f1b09\" data-element_type=\"widget\" data-e-type=\"widget\" data-widget_type=\"heading.default\">\n\t\t\t\t<div class=\"elementor-widget-container\">\n\t\t\t\t\t<h5 class=\"elementor-heading-title elementor-size-default\">Combien co\u00fbte une expertise marine ?<\/h5>\t\t\t\t<\/div>\n\t\t\t\t<\/div>\n\t\t\t\t<div class=\"elementor-element elementor-element-3329ebc2 elementor-widget elementor-widget-text-editor\" data-id=\"3329ebc2\" data-element_type=\"widget\" data-e-type=\"widget\" data-widget_type=\"text-editor.default\">\n\t\t\t\t<div class=\"elementor-widget-container\">\n\t\t\t\t\t\t\t\t\t<p>Le co\u00fbt d&rsquo;une expertise de bateau pour l&rsquo;assurance est g\u00e9n\u00e9ralement factur\u00e9 en fonction de la taille du bateau, g\u00e9n\u00e9ralement par pied. Vous pouvez g\u00e9n\u00e9ralement vous attendre \u00e0 payer environ 20 $ par pied ou plus. En plus de la longueur du navire, les co\u00fbts d&rsquo;expertise du bateau peuvent \u00eatre affect\u00e9s par l&rsquo;\u00e2ge du bateau, son type de construction et son emplacement.  <\/p>\n\t\t\t\t\t\t\t\t<\/div>\n\t\t\t\t<\/div>\n\t\t\t\t<div class=\"elementor-element elementor-element-31ad745 elementor-widget elementor-widget-heading\" data-id=\"31ad745\" data-element_type=\"widget\" data-e-type=\"widget\" data-widget_type=\"heading.default\">\n\t\t\t\t<div class=\"elementor-widget-container\">\n\t\t\t\t\t<h5 class=\"elementor-heading-title elementor-size-default\">Qui paie pour une expertise marine ?<\/h5>\t\t\t\t<\/div>\n\t\t\t\t<\/div>\n\t\t\t\t<div class=\"elementor-element elementor-element-674cfb38 elementor-widget elementor-widget-text-editor\" data-id=\"674cfb38\" data-element_type=\"widget\" data-e-type=\"widget\" data-widget_type=\"text-editor.default\">\n\t\t\t\t<div class=\"elementor-widget-container\">\n\t\t\t\t\t\t\t\t\t<p>En r\u00e8gle g\u00e9n\u00e9rale, c&rsquo;est le futur preneur d&rsquo;assurance du navire qui paie l&rsquo;expertise. Une compagnie d&rsquo;assurance ne paiera pas l&rsquo;expertise n\u00e9cessaire pour satisfaire \u00e0 ses exigences. <\/p>\n\t\t\t\t\t\t\t\t<\/div>\n\t\t\t\t<\/div>\n\t\t\t\t<div class=\"elementor-element elementor-element-615a2b90 elementor-widget elementor-widget-text-editor\" data-id=\"615a2b90\" data-element_type=\"widget\" data-e-type=\"widget\" data-widget_type=\"text-editor.default\">\n\t\t\t\t<div class=\"elementor-widget-container\">\n\t\t\t\t\t\t\t\t\t<p>Si vous envisagez d&rsquo;acheter un bateau et que vous souhaitez le faire inspecter avant de l&rsquo;acheter, vous pourrez peut-\u00eatre trouver un arrangement avec le propri\u00e9taire actuel pour qu&rsquo;il prenne en charge une partie des frais. Mais, en r\u00e8gle g\u00e9n\u00e9rale, vous devez vous attendre \u00e0 payer la facture des inspections d&rsquo;assurance dont vous aurez besoin. <\/p>\n\t\t\t\t\t\t\t\t<\/div>\n\t\t\t\t<\/div>\n\t\t\t\t<div class=\"elementor-element elementor-element-77a7b762 elementor-widget elementor-widget-text-editor\" data-id=\"77a7b762\" data-element_type=\"widget\" data-e-type=\"widget\" data-widget_type=\"text-editor.default\">\n\t\t\t\t<div class=\"elementor-widget-container\">\n\t\t\t\t\t\t\t\t\t<p>Le co\u00fbt de la mise \u00e0 l&rsquo;eau n&rsquo;est g\u00e9n\u00e9ralement pas inclus dans le prix de l&rsquo;inspection, mais vous devrez probablement payer pour cela aussi, s&rsquo;il n&rsquo;est pas d\u00e9j\u00e0 sorti de l&rsquo;eau. C&rsquo;est une autre raison pour laquelle il faut savoir ce que votre assureur attend avant de faire effectuer l&rsquo;inspection. Si vous d\u00e9couvrez que vous devrez faire sortir votre bateau pour une inspection, vous devrez l&rsquo;organiser \u00e0 l&rsquo;avance avec la marina. La plupart des propri\u00e9taires de bateaux ont tendance \u00e0 planifier les inspections avant leur mise \u00e0 l&rsquo;eau au printemps ou juste apr\u00e8s leur mise \u00e0 l&rsquo;eau \u00e0 l&rsquo;automne, alors assurez-vous de planifier les inspections \u00e0 l&rsquo;avance, car ils sont les plus occup\u00e9s \u00e0 ces p\u00e9riodes de l&rsquo;ann\u00e9e.   <\/p>\n\t\t\t\t\t\t\t\t<\/div>\n\t\t\t\t<\/div>\n\t\t\t\t<div class=\"elementor-element elementor-element-1f4fd7a elementor-widget elementor-widget-heading\" data-id=\"1f4fd7a\" data-element_type=\"widget\" data-e-type=\"widget\" data-widget_type=\"heading.default\">\n\t\t\t\t<div class=\"elementor-widget-container\">\n\t\t\t\t\t<h5 class=\"elementor-heading-title elementor-size-default\">Comment trouver un expert maritime ?<\/h5>\t\t\t\t<\/div>\n\t\t\t\t<\/div>\n\t\t\t\t<div class=\"elementor-element elementor-element-3d9533f6 elementor-widget elementor-widget-text-editor\" data-id=\"3d9533f6\" data-element_type=\"widget\" data-e-type=\"widget\" data-widget_type=\"text-editor.default\">\n\t\t\t\t<div class=\"elementor-widget-container\">\n\t\t\t\t\t\t\t\t\t<p>Pour trouver un expert maritime pr\u00e8s de chez vous, vous pouvez vous adresser \u00e0 l&rsquo; <a href=\"https:\/\/abycinc.org\/mpage\/findasurveyor\">American Boat &amp; Yacht Council,<\/a> dont les membres ont re\u00e7u leur formation. Nous vous recommandons toutefois de vous adresser \u00e0 un membre accr\u00e9dit\u00e9 de la <a href=\"https:\/\/www.marinesurvey.org\/\">Society of Accredited Marine Surveyors<\/a> ou <a href=\"https:\/\/www.namsglobal.org\/\">de l&rsquo;International Association of Marine Surveyors<\/a> . Ces soci\u00e9t\u00e9s disposent de bases de donn\u00e9es par pays, province et \u00e9tat, et vous pourrez en trouver un \u00e0 proximit\u00e9. Les experts se d\u00e9placent souvent pour inspecter un bateau.  <\/p>\n\t\t\t\t\t\t\t\t<\/div>\n\t\t\t\t<\/div>\n\t\t\t\t<div class=\"elementor-element elementor-element-8206e00 elementor-widget elementor-widget-heading\" data-id=\"8206e00\" data-element_type=\"widget\" data-e-type=\"widget\" data-widget_type=\"heading.default\">\n\t\t\t\t<div class=\"elementor-widget-container\">\n\t\t\t\t\t<h5 class=\"elementor-heading-title elementor-size-default\">Puis-je soumettre des photos au lieu d\u2019un sondage ?<\/h5>\t\t\t\t<\/div>\n\t\t\t\t<\/div>\n\t\t\t\t<div class=\"elementor-element elementor-element-6bd77bbb elementor-widget elementor-widget-text-editor\" data-id=\"6bd77bbb\" data-element_type=\"widget\" data-e-type=\"widget\" data-widget_type=\"text-editor.default\">\n\t\t\t\t<div class=\"elementor-widget-container\">\n\t\t\t\t\t\t\t\t\t<p>Les photos sont une alternative \u00e0 une expertise lorsque votre bateau est couvert par un formulaire de couverture de valeur marchande r\u00e9elle et&nbsp;:<\/p>\n<ul>\n<li>Plus de 15 ans, et<\/li>\n<li>Moins de 30 pieds de LOA, et<\/li>\n<li>D&rsquo;une valeur inf\u00e9rieure \u00e0 50 000 $ et<\/li>\n<li>pas un bateau \u00e0 r\u00e9action Sea-Doo<\/li>\n<\/ul>\n\t\t\t\t\t\t\t\t<\/div>\n\t\t\t\t<\/div>\n\t\t\t\t<div class=\"elementor-element elementor-element-30507cd elementor-widget elementor-widget-heading\" data-id=\"30507cd\" data-element_type=\"widget\" data-e-type=\"widget\" data-widget_type=\"heading.default\">\n\t\t\t\t<div class=\"elementor-widget-container\">\n\t\t\t\t\t<h5 class=\"elementor-heading-title elementor-size-default\">Mon bateau doit-il \u00eatre hors de l'eau pour une inspection et des photos ?<\/h5>\t\t\t\t<\/div>\n\t\t\t\t<\/div>\n\t\t\t\t<div class=\"elementor-element elementor-element-6f0bd6b3 elementor-widget elementor-widget-text-editor\" data-id=\"6f0bd6b3\" data-element_type=\"widget\" data-e-type=\"widget\" data-widget_type=\"text-editor.default\">\n\t\t\t\t<div class=\"elementor-widget-container\">\n\t\t\t\t\t\t\t\t\t<p>Nos compagnies d&rsquo;assurance exigent des inspections et des photos hors de l&rsquo;eau. Pour les inspections marines, un expert mesurera l&rsquo;humidit\u00e9 sur votre coque et votre pont. Afin d&rsquo;obtenir des relev\u00e9s ou des sondages d&rsquo;humidit\u00e9 pr\u00e9cis, ils peuvent recommander que votre bateau soit hors de l&rsquo;eau pendant sept (7) jours ou plus.  <\/p>\n<p>Certains experts vous proposeront de faire une partie du relev\u00e9 dans l&rsquo;eau et une partie hors de l&rsquo;eau \u00e0 une date diff\u00e9rente. Cela ne pose pas de probl\u00e8me et est acceptable tant que la partie hors de l&rsquo;eau est suffisamment \u00e9tendue pour couvrir tous les \u00e9l\u00e9ments d&rsquo;int\u00e9r\u00eat connexes (par exemple, les mesures d&rsquo;humidit\u00e9 ne peuvent pas \u00eatre effectu\u00e9es dans l&rsquo;eau et devraient quand m\u00eame \u00eatre incluses dans la partie hors de l&rsquo;eau). Veuillez noter que, si vous effectuez un relev\u00e9 dans l&rsquo;eau et hors de l&rsquo;eau, le relev\u00e9 complet est requis avant la date limite pour satisfaire \u00e0 l&rsquo;exigence. Soumettre uniquement la partie dans l&rsquo;eau du relev\u00e9 et demander une prolongation pour effectuer la partie hors de l&rsquo;eau peut ne pas \u00eatre accord\u00e9.   <\/p>\n\t\t\t\t\t\t\t\t<\/div>\n\t\t\t\t<\/div>\n\t\t\t\t<div class=\"elementor-element elementor-element-258945b elementor-widget elementor-widget-heading\" data-id=\"258945b\" data-element_type=\"widget\" data-e-type=\"widget\" data-widget_type=\"heading.default\">\n\t\t\t\t<div class=\"elementor-widget-container\">\n\t\t\t\t\t<h5 class=\"elementor-heading-title elementor-size-default\">Quelles photos sont requises \u00e0 la place d\u2019une enqu\u00eate ?\n<\/h5>\t\t\t\t<\/div>\n\t\t\t\t<\/div>\n\t\t\t\t<div class=\"elementor-element elementor-element-59b01c6c elementor-widget elementor-widget-text-editor\" data-id=\"59b01c6c\" data-element_type=\"widget\" data-e-type=\"widget\" data-widget_type=\"text-editor.default\">\n\t\t\t\t<div class=\"elementor-widget-container\">\n\t\t\t\t\t\t\t\t\t<p>Photos de tous les c\u00f4t\u00e9s ext\u00e9rieurs du bateau, de l&rsquo;int\u00e9rieur, du moteur ou des compartiments moteurs, du ou des syst\u00e8mes \u00e9lectriques, de l&rsquo;\u00e9lectronique, du num\u00e9ro d&rsquo;identification de la coque (HIN) et\/ou du num\u00e9ro de s\u00e9rie de la coque.<\/p>\n\t\t\t\t\t\t\t\t<\/div>\n\t\t\t\t<\/div>\n\t\t\t\t<\/div>\n\t\t\t\t\t<\/div>\n\t\t\t\t<\/div>\n\t\t<div class=\"elementor-element elementor-element-c6747c1 e-flex e-con-boxed e-con e-parent\" data-id=\"c6747c1\" data-element_type=\"container\" data-e-type=\"container\">\n\t\t\t\t\t<div class=\"e-con-inner\">\n\t\t\t\t<div class=\"elementor-element elementor-element-8164632 elementor-widget elementor-widget-heading\" data-id=\"8164632\" data-element_type=\"widget\" data-e-type=\"widget\" data-widget_type=\"heading.default\">\n\t\t\t\t<div class=\"elementor-widget-container\">\n\t\t\t\t\t<h5 class=\"elementor-heading-title elementor-size-default\">Que faire si je ne trouve pas d\u2019expert maritime ?<\/h5>\t\t\t\t<\/div>\n\t\t\t\t<\/div>\n\t\t\t\t<div class=\"elementor-element elementor-element-cb4274c elementor-widget elementor-widget-text-editor\" data-id=\"cb4274c\" data-element_type=\"widget\" data-e-type=\"widget\" data-widget_type=\"text-editor.default\">\n\t\t\t\t<div class=\"elementor-widget-container\">\n\t\t\t\t\t\t\t\t\t<p><span style=\"color: #333333;\">Dans la plupart des centres urbains et des ports de plaisance, trouver un expert peut n\u00e9cessiter quelques recherches pour trouver un expert avec lequel vous vous sentez \u00e0 l&rsquo;aise. Si vous r\u00e9sidez dans une r\u00e9gion \u00e9loign\u00e9e du Canada et qu&rsquo;aucun expert ne peut se d\u00e9placer, vous devrez tout de m\u00eame obtenir un rapport d&rsquo;\u00e9valuation et d&rsquo;\u00e9tat aupr\u00e8s d&rsquo;une marina locale ou d&rsquo;un technicien maritime certifi\u00e9 ABYC. Ce rapport comprendra \u00e9galement des photos de votre bateau. Nous le soumettrons \u00e0 votre compagnie d&rsquo;assurance, mais la d\u00e9cision finale lui appartient.   <\/span><\/p>\n\t\t\t\t\t\t\t\t<\/div>\n\t\t\t\t<\/div>\n\t\t\t\t<div class=\"elementor-element elementor-element-7e9735d elementor-widget elementor-widget-text-editor\" data-id=\"7e9735d\" data-element_type=\"widget\" data-e-type=\"widget\" data-widget_type=\"text-editor.default\">\n\t\t\t\t<div class=\"elementor-widget-container\">\n\t\t\t\t\t\t\t\t\t<p><span style=\"color: #333333;\">Vous souhaitez toujours en savoir plus \u2013 Discover Boating a un excellent article<\/span> <a href=\"https:\/\/www.discoverboating.com\/resources\/marine-surveys-and-surveyors\">ici.<\/a><\/p>\n\t\t\t\t\t\t\t\t<\/div>\n\t\t\t\t<\/div>\n\t\t\t\t<div class=\"elementor-element elementor-element-648a9d0e elementor-widget elementor-widget-text-editor\" data-id=\"648a9d0e\" data-element_type=\"widget\" data-e-type=\"widget\" data-widget_type=\"text-editor.default\">\n\t\t\t\t<div class=\"elementor-widget-container\">\n\t\t\t\t\t\t\t\t\t<p>Quand il est temps de partir en bateau, l&rsquo;\u00e9quipage de Gallagher Skippers Plan est pr\u00eat \u00e0 vous accueillir. Pour un devis sans engagement, cliquez sur <a href=\"https:\/\/skippersplan.com\/fr\/obtenez-un-devis-dassurance-bateau\/\"><strong>Obtenir un devis<\/strong><\/a> ou appelez-nous au 800-661-7211. <\/p>\n\t\t\t\t\t\t\t\t<\/div>\n\t\t\t\t<\/div>\n\t\t\t\t\t<\/div>\n\t\t\t\t<\/div>\n\t\t\t\t<\/div>\n\t\t","protected":false},"excerpt":{"rendered":"<p>Pourquoi ai-je besoin d\u2019une enqu\u00eate ou de photos ? Vous achetez un bateau ou nous avons demand\u00e9 une expertise ou des photos avec votre police d&rsquo;assurance ou avant de l&rsquo;\u00e9mettre. Pourquoi ai-je besoin d&rsquo;une expertise ou de photos ? Les expertises marines sont une exigence standard dans le secteur de l&rsquo;assurance des bateaux sur les [&hellip;]<\/p>\n","protected":false},"author":2,"featured_media":30029,"parent":0,"menu_order":0,"comment_status":"closed","ping_status":"closed","template":"","meta":{"_acf_changed":false,"_monsterinsights_skip_tracking":false,"_monsterinsights_sitenote_active":false,"_monsterinsights_sitenote_note":"","_monsterinsights_sitenote_category":0,"footnotes":""},"class_list":["post-29418","page","type-page","status-publish","has-post-thumbnail","hentry"],"acf":[],"aioseo_notices":[],"_links":{"self":[{"href":"https:\/\/skippersplan.com\/fr\/wp-json\/wp\/v2\/pages\/29418","targetHints":{"allow":["GET"]}}],"collection":[{"href":"https:\/\/skippersplan.com\/fr\/wp-json\/wp\/v2\/pages"}],"about":[{"href":"https:\/\/skippersplan.com\/fr\/wp-json\/wp\/v2\/types\/page"}],"author":[{"embeddable":true,"href":"https:\/\/skippersplan.com\/fr\/wp-json\/wp\/v2\/users\/2"}],"replies":[{"embeddable":true,"href":"https:\/\/skippersplan.com\/fr\/wp-json\/wp\/v2\/comments?post=29418"}],"version-history":[{"count":4,"href":"https:\/\/skippersplan.com\/fr\/wp-json\/wp\/v2\/pages\/29418\/revisions"}],"predecessor-version":[{"id":30937,"href":"https:\/\/skippersplan.com\/fr\/wp-json\/wp\/v2\/pages\/29418\/revisions\/30937"}],"wp:featuredmedia":[{"embeddable":true,"href":"https:\/\/skippersplan.com\/fr\/wp-json\/wp\/v2\/media\/30029"}],"wp:attachment":[{"href":"https:\/\/skippersplan.com\/fr\/wp-json\/wp\/v2\/media?parent=29418"}],"curies":[{"name":"wp","href":"https:\/\/api.w.org\/{rel}","templated":true}]}}