{"id":29416,"date":"2025-03-06T09:38:39","date_gmt":"2025-03-06T14:38:39","guid":{"rendered":"https:\/\/skippersplan.com\/effectuer-un-paiement\/"},"modified":"2025-03-06T09:40:21","modified_gmt":"2025-03-06T14:40:21","slug":"effectuer-un-paiement","status":"publish","type":"page","link":"https:\/\/skippersplan.com\/fr\/ressources\/effectuer-un-paiement\/","title":{"rendered":"Effectuer un paiement"},"content":{"rendered":"\t\t<div data-elementor-type=\"wp-page\" data-elementor-id=\"29416\" class=\"elementor elementor-29416 elementor-26729\" data-elementor-post-type=\"page\">\n\t\t\t\t<div class=\"elementor-element elementor-element-705415a5 e-flex e-con-boxed e-con e-parent\" data-id=\"705415a5\" data-element_type=\"container\" data-e-type=\"container\">\n\t\t\t\t\t<div class=\"e-con-inner\">\n\t\t<div class=\"elementor-element elementor-element-3326d8f4 e-con-full e-flex e-con e-child\" data-id=\"3326d8f4\" data-element_type=\"container\" data-e-type=\"container\">\n\t\t\t\t<div class=\"elementor-element elementor-element-1aa3b94a elementor-widget elementor-widget-spacer\" data-id=\"1aa3b94a\" data-element_type=\"widget\" data-e-type=\"widget\" data-widget_type=\"spacer.default\">\n\t\t\t\t<div class=\"elementor-widget-container\">\n\t\t\t\t\t\t\t<div class=\"elementor-spacer\">\n\t\t\t<div class=\"elementor-spacer-inner\"><\/div>\n\t\t<\/div>\n\t\t\t\t\t\t<\/div>\n\t\t\t\t<\/div>\n\t\t\t\t<div class=\"elementor-element elementor-element-549fcada elementor-widget elementor-widget-heading\" data-id=\"549fcada\" data-element_type=\"widget\" data-e-type=\"widget\" data-widget_type=\"heading.default\">\n\t\t\t\t<div class=\"elementor-widget-container\">\n\t\t\t\t\t<h1 class=\"elementor-heading-title elementor-size-default\">Comment payer votre police d'assurance<\/h1>\t\t\t\t<\/div>\n\t\t\t\t<\/div>\n\t\t\t\t<div class=\"elementor-element elementor-element-464a80b2 elementor-position-left elementor-vertical-align-bottom elementor-widget elementor-widget-image-box\" data-id=\"464a80b2\" data-element_type=\"widget\" data-e-type=\"widget\" data-widget_type=\"image-box.default\">\n\t\t\t\t<div class=\"elementor-widget-container\">\n\t\t\t\t\t<div class=\"elementor-image-box-wrapper\"><figure class=\"elementor-image-box-img\"><img fetchpriority=\"high\" decoding=\"async\" width=\"1621\" height=\"296\" src=\"https:\/\/skippersplan.com\/wp-content\/uploads\/2023\/04\/AV.L_BIG-cfa62cbb.png\" class=\"attachment-full size-full wp-image-26797\" alt=\"\" title=\"AV.L_BIG-cfa62cbb - Gallagher Skippers&#039; Plan\" srcset=\"https:\/\/skippersplan.com\/wp-content\/uploads\/2023\/04\/AV.L_BIG-cfa62cbb.png 1621w, https:\/\/skippersplan.com\/wp-content\/uploads\/2023\/04\/AV.L_BIG-cfa62cbb-300x55.png 300w, https:\/\/skippersplan.com\/wp-content\/uploads\/2023\/04\/AV.L_BIG-cfa62cbb-1024x187.png 1024w, https:\/\/skippersplan.com\/wp-content\/uploads\/2023\/04\/AV.L_BIG-cfa62cbb-768x140.png 768w, https:\/\/skippersplan.com\/wp-content\/uploads\/2023\/04\/AV.L_BIG-cfa62cbb-1536x280.png 1536w, https:\/\/skippersplan.com\/wp-content\/uploads\/2023\/04\/AV.L_BIG-cfa62cbb-1400x256.png 1400w, https:\/\/skippersplan.com\/wp-content\/uploads\/2023\/04\/AV.L_BIG-cfa62cbb-200x37.png 200w\" sizes=\"(max-width: 1621px) 100vw, 1621px\" \/><\/figure><div class=\"elementor-image-box-content\"><h3 class=\"elementor-image-box-title\">Compagnie d'assurance Elite<\/h3><\/div><\/div>\t\t\t\t<\/div>\n\t\t\t\t<\/div>\n\t\t\t\t<div class=\"elementor-element elementor-element-a6bcdc1 elementor-widget elementor-widget-text-editor\" data-id=\"a6bcdc1\" data-element_type=\"widget\" data-e-type=\"widget\" data-widget_type=\"text-editor.default\">\n\t\t\t\t<div class=\"elementor-widget-container\">\n\t\t\t\t\t\t\t\t\t<p>Choisissez l&rsquo;option qui vous convient le mieux. Vous aurez besoin de votre num\u00e9ro de compte client Aviva figurant sur votre contrat d&rsquo;assurance (page 1 du verso). Votre num\u00e9ro de compte est compos\u00e9 de 13 chiffres.  <\/p>\n<p><strong>1. Services bancaires en ligne et par t\u00e9l\u00e9phone<\/strong><\/p>\n<ul class=\"list-inline\">\n<li class=\"list-inline-item\">Connectez-vous au site Web de services bancaires en ligne de votre banque ou appelez le num\u00e9ro de service bancaire t\u00e9l\u00e9phonique de votre banque.<\/li>\n<li class=\"list-inline-item\">Sous votre liste de b\u00e9n\u00e9ficiaires de factures, ajoutez le b\u00e9n\u00e9ficiaire \u00ab Elite Insurance Company \u00bb et entrez votre num\u00e9ro de compte.<\/li>\n<\/ul>\n\t\t\t\t\t\t\t\t<\/div>\n\t\t\t\t<\/div>\n\t\t\t\t<div class=\"elementor-element elementor-element-63188a elementor-widget elementor-widget-text-editor\" data-id=\"63188a\" data-element_type=\"widget\" data-e-type=\"widget\" data-widget_type=\"text-editor.default\">\n\t\t\t\t<div class=\"elementor-widget-container\">\n\t\t\t\t\t\t\t\t\t<p><strong>2. Carte de cr\u00e9dit<\/strong><\/p>\n<ul class=\"list-inline\">\n<li class=\"list-inline-item\">Payez en toute s\u00e9curit\u00e9 par carte de cr\u00e9dit via le portail de paiement d&rsquo;Aviva Canada.  <a href=\"https:\/\/www.aviva.ca\/en\/payment-broker\/\" target=\"_blank\" rel=\"noopener\"><strong>PAYER PAR CARTE DE CR\u00c9DIT ICI<\/strong><\/a><\/li>\n<\/ul>\n\t\t\t\t\t\t\t\t<\/div>\n\t\t\t\t<\/div>\n\t\t\t\t<div class=\"elementor-element elementor-element-9817856 elementor-widget elementor-widget-text-editor\" data-id=\"9817856\" data-element_type=\"widget\" data-e-type=\"widget\" data-widget_type=\"text-editor.default\">\n\t\t\t\t<div class=\"elementor-widget-container\">\n\t\t\t\t\t\t\t\t\t<p><strong>3. Paiement mensuel pr\u00e9autoris\u00e9 \u00e0 partir de votre compte bancaire<\/strong><\/p>\n<ul class=\"list-inline\">\n<li class=\"list-inline-item\">Pour souscrire au plan de paiement mensuel d&rsquo;Aviva, remplissez le formulaire PAC qui se trouve dans vos documents de police. Remplissez-le, signez-le et renvoyez-le \u00e0 votre courtier, accompagn\u00e9 d&rsquo;un \u00e9chantillon de ch\u00e8que portant la mention ANNUL\u00c9. <\/li>\n<\/ul>\n\t\t\t\t\t\t\t\t<\/div>\n\t\t\t\t<\/div>\n\t\t\t\t<div class=\"elementor-element elementor-element-2d92d6b9 elementor-position-left elementor-vertical-align-middle elementor-widget elementor-widget-image-box\" data-id=\"2d92d6b9\" data-element_type=\"widget\" data-e-type=\"widget\" data-widget_type=\"image-box.default\">\n\t\t\t\t<div class=\"elementor-widget-container\">\n\t\t\t\t\t<div class=\"elementor-image-box-wrapper\"><figure class=\"elementor-image-box-img\"><img decoding=\"async\" width=\"300\" height=\"131\" src=\"https:\/\/skippersplan.com\/wp-content\/uploads\/2023\/07\/Intact-e1688759043583-300x131.png\" class=\"attachment-medium size-medium wp-image-26878\" alt=\"\" title=\"Intact - Gallagher Skippers&#039; Plan\" \/><\/figure><div class=\"elementor-image-box-content\"><h3 class=\"elementor-image-box-title\">Intact Assurance<\/h3><\/div><\/div>\t\t\t\t<\/div>\n\t\t\t\t<\/div>\n\t\t\t\t<div class=\"elementor-element elementor-element-3dcd395d elementor-widget elementor-widget-text-editor\" data-id=\"3dcd395d\" data-element_type=\"widget\" data-e-type=\"widget\" data-widget_type=\"text-editor.default\">\n\t\t\t\t<div class=\"elementor-widget-container\">\n\t\t\t\t\t\t\t\t\t<p>Choisissez l&rsquo;option qui vous convient le mieux. Vous aurez besoin de votre num\u00e9ro de police Intact qui se trouve sur vos documents de police (en haut \u00e0 droite, sous le symbole d&rsquo;assurance Intact sur votre facture). Le format du num\u00e9ro de compte est 0 00000000 0000. N&rsquo;incluez pas d&rsquo;espaces ni de caract\u00e8res suppl\u00e9mentaires dans le num\u00e9ro de police.   <\/p>\n<p><strong>1. Services bancaires en ligne et par t\u00e9l\u00e9phone<\/strong><\/p>\n<ul class=\"list-inline\">\n<li class=\"list-inline-item\">Connectez-vous au site Web de services bancaires en ligne de votre banque ou appelez le num\u00e9ro de service bancaire t\u00e9l\u00e9phonique de votre banque.<\/li>\n<li class=\"list-inline-item\">Sous votre liste de b\u00e9n\u00e9ficiaires de factures, ajoutez le b\u00e9n\u00e9ficiaire \u00ab Intact Assurance \u00bb et entrez votre num\u00e9ro de police.<\/li>\n<\/ul>\n\t\t\t\t\t\t\t\t<\/div>\n\t\t\t\t<\/div>\n\t\t\t\t<div class=\"elementor-element elementor-element-115648ee elementor-widget elementor-widget-text-editor\" data-id=\"115648ee\" data-element_type=\"widget\" data-e-type=\"widget\" data-widget_type=\"text-editor.default\">\n\t\t\t\t<div class=\"elementor-widget-container\">\n\t\t\t\t\t\t\t\t\t<p><strong>2. Carte de cr\u00e9dit<\/strong><\/p>\n<ul>\n<li>Payez en toute s\u00e9curit\u00e9 par carte de cr\u00e9dit via le portail Assurance d&rsquo;Intact. <strong><a title=\"PAYER PAR CARTE DE CR\u00c9DIT ICI\" href=\"https:\/\/apps.intactinsurance.com\/on\/secure\/payment-ontario.html\" target=\"_blank\" rel=\"noopener\">PAYEZ PAR CARTE DE CR\u00c9DIT ICI<\/a> .<\/strong><\/li>\n<li>Pour mettre \u00e0 jour les renseignements sur votre carte de cr\u00e9dit ou parler \u00e0 un sp\u00e9cialiste de la facturation d\u2019Intact, appelez le 1&nbsp;844&nbsp;574-7981 (s\u00e9lectionnez l\u2019option 4\u20261\u20263) \u2013 du lundi au vendredi, de 8 h \u00e0 19 h (heure de l\u2019Est).<\/li>\n<\/ul>\n\t\t\t\t\t\t\t\t<\/div>\n\t\t\t\t<\/div>\n\t\t\t\t<div class=\"elementor-element elementor-element-37114bca elementor-widget elementor-widget-text-editor\" data-id=\"37114bca\" data-element_type=\"widget\" data-e-type=\"widget\" data-widget_type=\"text-editor.default\">\n\t\t\t\t<div class=\"elementor-widget-container\">\n\t\t\t\t\t\t\t\t\t<p><strong>3. Paiement mensuel pr\u00e9autoris\u00e9 \u00e0 partir de votre compte bancaire<\/strong><\/p>\n<ul class=\"list-inline\">\n<li class=\"list-inline-item\">Pour vous inscrire au plan de paiement mensuel d&rsquo;Intact, remplissez le formulaire PAC qui se trouve dans vos documents de police. Remplissez-le, signez-le et retournez-le \u00e0 votre courtier, accompagn\u00e9 d&rsquo;un sp\u00e9cimen de ch\u00e8que portant la mention ANNUL\u00c9. Des frais d&rsquo;int\u00e9r\u00eat de 3 % s&rsquo;appliquent. D&rsquo;autres frais peuvent s&rsquo;appliquer. Veuillez consulter votre facture d&rsquo;Intact.   <\/li>\n<\/ul>\n\t\t\t\t\t\t\t\t<\/div>\n\t\t\t\t<\/div>\n\t\t<div class=\"elementor-element elementor-element-e0aec4c e-flex e-con-boxed e-con e-child\" data-id=\"e0aec4c\" data-element_type=\"container\" data-e-type=\"container\">\n\t\t\t\t\t<div class=\"e-con-inner\">\n\t\t\t\t\t<\/div>\n\t\t\t\t<\/div>\n\t\t\t\t<div class=\"elementor-element elementor-element-214016b elementor-widget elementor-widget-image\" data-id=\"214016b\" data-element_type=\"widget\" data-e-type=\"widget\" data-widget_type=\"image.default\">\n\t\t\t\t<div class=\"elementor-widget-container\">\n\t\t\t\t\t\t\t\t\t\t\t\t\t\t\t<img decoding=\"async\" width=\"225\" height=\"104\" src=\"https:\/\/skippersplan.com\/wp-content\/uploads\/2024\/07\/PMU-1.JPEG\" class=\"attachment-medium size-medium wp-image-28724\" alt=\"\" title=\"PMU - Gallagher Skippers&#039; Plan\" \/>\t\t\t\t\t\t\t\t\t\t\t\t\t\t\t<\/div>\n\t\t\t\t<\/div>\n\t\t\t\t<div class=\"elementor-element elementor-element-af71d59 elementor-widget elementor-widget-text-editor\" data-id=\"af71d59\" data-element_type=\"widget\" data-e-type=\"widget\" data-widget_type=\"text-editor.default\">\n\t\t\t\t<div class=\"elementor-widget-container\">\n\t\t\t\t\t\t\t\t\t<p>Choisissez l&rsquo;option qui vous convient le mieux. Veuillez vous r\u00e9f\u00e9rer \u00e0 la facture incluse sur la premi\u00e8re page de vos documents de police pour les informations requises pour vos paiements et votre num\u00e9ro de compte. <\/p>\n<p style=\"padding-left: 40px;\">\n\t\t\t\t\t\t\t\t<\/div>\n\t\t\t\t<\/div>\n\t\t\t\t<div class=\"elementor-element elementor-element-fb2d992 elementor-widget elementor-widget-text-editor\" data-id=\"fb2d992\" data-element_type=\"widget\" data-e-type=\"widget\" data-widget_type=\"text-editor.default\">\n\t\t\t\t<div class=\"elementor-widget-container\">\n\t\t\t\t\t\t\t\t\t<p><strong>  1. Carte de cr\u00e9dit <\/strong><\/p>\n<ul>\n<li>Payez en toute s\u00e9curit\u00e9 par carte bancaire via le portail Assurance du PMU.  <strong style=\"background-color: transparent; color: var( --e-global-color-text ); font-family: var( --e-global-typography-text-font-family ), Sans-serif; text-align: var(--text-align);\"><a href=\"https:\/\/pacificmarine.ca\/make-a-payment\/\" target=\"_blank\" rel=\"noopener\">PAYEZ PAR CARTE DE CR\u00c9DIT ICI.<\/a><\/strong><\/li>\n<\/ul>\n\t\t\t\t\t\t\t\t<\/div>\n\t\t\t\t<\/div>\n\t\t\t\t<div class=\"elementor-element elementor-element-5bb6445 elementor-widget elementor-widget-text-editor\" data-id=\"5bb6445\" data-element_type=\"widget\" data-e-type=\"widget\" data-widget_type=\"text-editor.default\">\n\t\t\t\t<div class=\"elementor-widget-container\">\n\t\t\t\t\t\t\t\t\t<p><strong>  2. Services bancaires en ligne et par t\u00e9l\u00e9phone <\/strong><\/p>\n<ul class=\"list-inline\">\n<li class=\"list-inline-item\">Connectez-vous au site Web de services bancaires en ligne de votre banque ou appelez le num\u00e9ro de service bancaire t\u00e9l\u00e9phonique de votre banque.<\/li>\n<li class=\"list-inline-item\">Sous votre liste de b\u00e9n\u00e9ficiaires de factures, ajoutez le b\u00e9n\u00e9ficiaire \u00ab Pacific Marine Underwriting \u00bb et saisissez votre num\u00e9ro de compte.<\/li>\n<\/ul>\n\t\t\t\t\t\t\t\t<\/div>\n\t\t\t\t<\/div>\n\t\t\t\t<div class=\"elementor-element elementor-element-6b32ba9 elementor-widget elementor-widget-text-editor\" data-id=\"6b32ba9\" data-element_type=\"widget\" data-e-type=\"widget\" data-widget_type=\"text-editor.default\">\n\t\t\t\t<div class=\"elementor-widget-container\">\n\t\t\t\t\t\t\t\t\t<p><strong>  3. Ch\u00e8que <\/strong><\/p>\n<ul>\n<li>Envoyez votre ch\u00e8que \u00e0 l&rsquo;ordre de Pacific Marine avec votre facture \u00e0 Pacific Marine, 4853 Hastings St, Burnaby BC, V5C 2L1<\/li>\n<\/ul>\n\t\t\t\t\t\t\t\t<\/div>\n\t\t\t\t<\/div>\n\t\t<div class=\"elementor-element elementor-element-f4f28f2 e-flex e-con-boxed e-con e-child\" data-id=\"f4f28f2\" data-element_type=\"container\" data-e-type=\"container\">\n\t\t\t\t\t<div class=\"e-con-inner\">\n\t\t\t\t\t<\/div>\n\t\t\t\t<\/div>\n\t\t\t\t<div class=\"elementor-element elementor-element-7da6132c elementor-widget elementor-widget-text-editor\" data-id=\"7da6132c\" data-element_type=\"widget\" data-e-type=\"widget\" data-widget_type=\"text-editor.default\">\n\t\t\t\t<div class=\"elementor-widget-container\">\n\t\t\t\t\t\t\t\t\t<p><strong>Pour toutes les autres compagnies\/assureurs, veuillez contacter votre sp\u00e9cialiste maritime du plan Skippers de Gallagher. 1.800.661.7211 <\/strong><\/p>\n\t\t\t\t\t\t\t\t<\/div>\n\t\t\t\t<\/div>\n\t\t\t\t<\/div>\n\t\t\t\t\t<\/div>\n\t\t\t\t<\/div>\n\t\t\t\t<\/div>\n\t\t","protected":false},"excerpt":{"rendered":"<p>Comment payer votre police d&rsquo;assurance Compagnie d&rsquo;assurance Elite Choisissez l&rsquo;option qui vous convient le mieux. Vous aurez besoin de votre num\u00e9ro de compte client Aviva figurant sur votre contrat d&rsquo;assurance (page 1 du verso). Votre num\u00e9ro de compte est compos\u00e9 de 13 chiffres. 1. Services bancaires en ligne et par t\u00e9l\u00e9phone Connectez-vous au site Web [&hellip;]<\/p>\n","protected":false},"author":2,"featured_media":30029,"parent":29420,"menu_order":0,"comment_status":"closed","ping_status":"closed","template":"","meta":{"_acf_changed":false,"_monsterinsights_skip_tracking":false,"_monsterinsights_sitenote_active":false,"_monsterinsights_sitenote_note":"","_monsterinsights_sitenote_category":0,"footnotes":""},"class_list":["post-29416","page","type-page","status-publish","has-post-thumbnail","hentry"],"acf":[],"aioseo_notices":[],"_links":{"self":[{"href":"https:\/\/skippersplan.com\/fr\/wp-json\/wp\/v2\/pages\/29416","targetHints":{"allow":["GET"]}}],"collection":[{"href":"https:\/\/skippersplan.com\/fr\/wp-json\/wp\/v2\/pages"}],"about":[{"href":"https:\/\/skippersplan.com\/fr\/wp-json\/wp\/v2\/types\/page"}],"author":[{"embeddable":true,"href":"https:\/\/skippersplan.com\/fr\/wp-json\/wp\/v2\/users\/2"}],"replies":[{"embeddable":true,"href":"https:\/\/skippersplan.com\/fr\/wp-json\/wp\/v2\/comments?post=29416"}],"version-history":[{"count":1,"href":"https:\/\/skippersplan.com\/fr\/wp-json\/wp\/v2\/pages\/29416\/revisions"}],"predecessor-version":[{"id":29417,"href":"https:\/\/skippersplan.com\/fr\/wp-json\/wp\/v2\/pages\/29416\/revisions\/29417"}],"up":[{"embeddable":true,"href":"https:\/\/skippersplan.com\/fr\/wp-json\/wp\/v2\/pages\/29420"}],"wp:featuredmedia":[{"embeddable":true,"href":"https:\/\/skippersplan.com\/fr\/wp-json\/wp\/v2\/media\/30029"}],"wp:attachment":[{"href":"https:\/\/skippersplan.com\/fr\/wp-json\/wp\/v2\/media?parent=29416"}],"curies":[{"name":"wp","href":"https:\/\/api.w.org\/{rel}","templated":true}]}}