{"id":288,"date":"2014-06-23T14:03:26","date_gmt":"2014-06-23T18:03:26","guid":{"rendered":"https:\/\/skippersplan.com\/?page_id=288"},"modified":"2026-03-25T09:57:45","modified_gmt":"2026-03-25T13:57:45","slug":"assurance-responsabilite-pour-les-moniteursinstructeurs-de-voile-canada","status":"publish","type":"page","link":"https:\/\/skippersplan.com\/fr\/voile-canada\/assurance-responsabilite-pour-les-moniteursinstructeurs-de-voile-canada\/","title":{"rendered":"Assurance responsabilit\u00e9 civile des instructeurs"},"content":{"rendered":"\t\t<div data-elementor-type=\"wp-page\" data-elementor-id=\"288\" class=\"elementor elementor-288 elementor-185\" data-elementor-post-type=\"page\">\n\t\t\t\t<div class=\"elementor-element elementor-element-504368b9 e-flex e-con-boxed e-con e-parent\" data-id=\"504368b9\" data-element_type=\"container\" data-e-type=\"container\" data-settings=\"{&quot;background_background&quot;:&quot;classic&quot;}\">\n\t\t\t\t\t<div class=\"e-con-inner\">\n\t\t\t\t<div class=\"elementor-element elementor-element-228a8802 elementor-widget elementor-widget-heading\" data-id=\"228a8802\" data-element_type=\"widget\" data-e-type=\"widget\" data-widget_type=\"heading.default\">\n\t\t\t\t<div class=\"elementor-widget-container\">\n\t\t\t\t\t<h2 class=\"elementor-heading-title elementor-size-default\"><a href=\"https:\/\/skippersplan.com\/fr\/assurance-responsabilite-pour-les-moniteursinstructeurs-de-voile-canada\/\">Contenu disponible en anglais<\/a><\/h2>\t\t\t\t<\/div>\n\t\t\t\t<\/div>\n\t\t\t\t\t<\/div>\n\t\t\t\t<\/div>\n\t\t<div class=\"elementor-element elementor-element-6d6be2d5 e-flex e-con-boxed e-con e-parent\" data-id=\"6d6be2d5\" data-element_type=\"container\" data-e-type=\"container\">\n\t\t\t\t\t<div class=\"e-con-inner\">\n\t\t<div class=\"elementor-element elementor-element-67dd3146 e-con-full e-flex e-con e-child\" data-id=\"67dd3146\" data-element_type=\"container\" data-e-type=\"container\">\n\t\t\t\t<div class=\"elementor-element elementor-element-2afe3962 elementor-widget elementor-widget-spacer\" data-id=\"2afe3962\" data-element_type=\"widget\" data-e-type=\"widget\" data-widget_type=\"spacer.default\">\n\t\t\t\t<div class=\"elementor-widget-container\">\n\t\t\t\t\t\t\t<div class=\"elementor-spacer\">\n\t\t\t<div class=\"elementor-spacer-inner\"><\/div>\n\t\t<\/div>\n\t\t\t\t\t\t<\/div>\n\t\t\t\t<\/div>\n\t\t\t\t<div class=\"elementor-element elementor-element-7b63c08c elementor-widget elementor-widget-heading\" data-id=\"7b63c08c\" data-element_type=\"widget\" data-e-type=\"widget\" data-widget_type=\"heading.default\">\n\t\t\t\t<div class=\"elementor-widget-container\">\n\t\t\t\t\t<p class=\"elementor-heading-title elementor-size-default\">Dur\u00e9e de la police<\/p>\t\t\t\t<\/div>\n\t\t\t\t<\/div>\n\t\t\t\t<div class=\"elementor-element elementor-element-3ff4e40e elementor-widget elementor-widget-text-editor\" data-id=\"3ff4e40e\" data-element_type=\"widget\" data-e-type=\"widget\" data-widget_type=\"text-editor.default\">\n\t\t\t\t<div class=\"elementor-widget-container\">\n\t\t\t\t\t\t\t\t\t<p>Du 31 d\u00e9cembre au 31 d\u00e9cembre 00h01 heure normale<\/p>\n\t\t\t\t\t\t\t\t<\/div>\n\t\t\t\t<\/div>\n\t\t\t\t<div class=\"elementor-element elementor-element-2a4bdfe9 elementor-widget-divider--view-line elementor-widget elementor-widget-divider\" data-id=\"2a4bdfe9\" data-element_type=\"widget\" data-e-type=\"widget\" data-widget_type=\"divider.default\">\n\t\t\t\t<div class=\"elementor-widget-container\">\n\t\t\t\t\t\t\t<div class=\"elementor-divider\">\n\t\t\t<span class=\"elementor-divider-separator\">\n\t\t\t\t\t\t<\/span>\n\t\t<\/div>\n\t\t\t\t\t\t<\/div>\n\t\t\t\t<\/div>\n\t\t\t\t<div class=\"elementor-element elementor-element-6d2faedf elementor-widget elementor-widget-heading\" data-id=\"6d2faedf\" data-element_type=\"widget\" data-e-type=\"widget\" data-widget_type=\"heading.default\">\n\t\t\t\t<div class=\"elementor-widget-container\">\n\t\t\t\t\t<p class=\"elementor-heading-title elementor-size-default\">Limite de couverture<\/p>\t\t\t\t<\/div>\n\t\t\t\t<\/div>\n\t\t\t\t<div class=\"elementor-element elementor-element-41199d61 elementor-widget elementor-widget-text-editor\" data-id=\"41199d61\" data-element_type=\"widget\" data-e-type=\"widget\" data-widget_type=\"text-editor.default\">\n\t\t\t\t<div class=\"elementor-widget-container\">\n\t\t\t\t\t\t\t\t\t<p>5 000 000 $ par \u00e9v\u00e9nement et montant global annuel.<\/p>\n\t\t\t\t\t\t\t\t<\/div>\n\t\t\t\t<\/div>\n\t\t\t\t<div class=\"elementor-element elementor-element-a292944 elementor-widget-divider--view-line elementor-widget elementor-widget-divider\" data-id=\"a292944\" data-element_type=\"widget\" data-e-type=\"widget\" data-widget_type=\"divider.default\">\n\t\t\t\t<div class=\"elementor-widget-container\">\n\t\t\t\t\t\t\t<div class=\"elementor-divider\">\n\t\t\t<span class=\"elementor-divider-separator\">\n\t\t\t\t\t\t<\/span>\n\t\t<\/div>\n\t\t\t\t\t\t<\/div>\n\t\t\t\t<\/div>\n\t\t\t\t<div class=\"elementor-element elementor-element-1e14fdb9 elementor-widget elementor-widget-heading\" data-id=\"1e14fdb9\" data-element_type=\"widget\" data-e-type=\"widget\" data-widget_type=\"heading.default\">\n\t\t\t\t<div class=\"elementor-widget-container\">\n\t\t\t\t\t<p class=\"elementor-heading-title elementor-size-default\">R\u00e9sum\u00e9<\/p>\t\t\t\t<\/div>\n\t\t\t\t<\/div>\n\t\t\t\t<div class=\"elementor-element elementor-element-490a62b1 elementor-widget elementor-widget-text-editor\" data-id=\"490a62b1\" data-element_type=\"widget\" data-e-type=\"widget\" data-widget_type=\"text-editor.default\">\n\t\t\t\t<div class=\"elementor-widget-container\">\n\t\t\t\t\t\t\t\t\t<p>Cette politique couvre les instructeurs et entra\u00eeneurs certifi\u00e9s enregistr\u00e9s aupr\u00e8s de Voile Canada contre les r\u00e9clamations pour blessures corporelles et\/ou dommages mat\u00e9riels caus\u00e9s \u00e0 des tiers. Les frais juridiques li\u00e9s \u00e0 toute d\u00e9fense sont \u00e9galement couverts.<\/p>\n<p>Si, au moment du sinistre, il existe une autre assurance qui s\u2019appliquerait en l\u2019absence de la pr\u00e9sente police, l\u2019assurance pr\u00e9vue par la pr\u00e9sente police s\u2019appliquera uniquement comme assurance compl\u00e9mentaire sur toutes les autres couvertures d\u2019assurance.<\/p>\n\t\t\t\t\t\t\t\t<\/div>\n\t\t\t\t<\/div>\n\t\t\t\t<div class=\"elementor-element elementor-element-331f5c79 elementor-widget elementor-widget-heading\" data-id=\"331f5c79\" data-element_type=\"widget\" data-e-type=\"widget\" data-widget_type=\"heading.default\">\n\t\t\t\t<div class=\"elementor-widget-container\">\n\t\t\t\t\t<p class=\"elementor-heading-title elementor-size-default\">Remarques importantes<\/p>\t\t\t\t<\/div>\n\t\t\t\t<\/div>\n\t\t\t\t<div class=\"elementor-element elementor-element-6d59d32a elementor-widget elementor-widget-text-editor\" data-id=\"6d59d32a\" data-element_type=\"widget\" data-e-type=\"widget\" data-widget_type=\"text-editor.default\">\n\t\t\t\t<div class=\"elementor-widget-container\">\n\t\t\t\t\t\t\t\t\t<ol>\n<li>Ne couvre pas les pertes ou r\u00e9clamations li\u00e9es \u00e0 l&rsquo;utilisation ou \u00e0 l&rsquo;exploitation d&#8217;embarcations de 70 pieds ou plus<\/li>\n<li>Cette couverture exclut tout dommage aux biens qui sont sous la \u00ab garde, la garde ou le contr\u00f4le des instructeurs \u00bb.<\/li>\n<li>Cette couverture s\u2019applique aux op\u00e9rations normales des instructeurs et des entra\u00eeneurs.<\/li>\n<li>Le territoire de couverture est le Canada<\/li>\n<\/ol>\n\t\t\t\t\t\t\t\t<\/div>\n\t\t\t\t<\/div>\n\t\t\t\t<div class=\"elementor-element elementor-element-4e0b3800 elementor-widget elementor-widget-spacer\" data-id=\"4e0b3800\" data-element_type=\"widget\" data-e-type=\"widget\" data-widget_type=\"spacer.default\">\n\t\t\t\t<div class=\"elementor-widget-container\">\n\t\t\t\t\t\t\t<div class=\"elementor-spacer\">\n\t\t\t<div class=\"elementor-spacer-inner\"><\/div>\n\t\t<\/div>\n\t\t\t\t\t\t<\/div>\n\t\t\t\t<\/div>\n\t\t\t\t<\/div>\n\t\t<div class=\"elementor-element elementor-element-2b767abb e-con-full e-flex e-con e-child\" data-id=\"2b767abb\" data-element_type=\"container\" data-e-type=\"container\">\n\t\t\t\t<div class=\"elementor-element elementor-element-720b0a2c elementor-widget elementor-widget-spacer\" data-id=\"720b0a2c\" data-element_type=\"widget\" data-e-type=\"widget\" data-widget_type=\"spacer.default\">\n\t\t\t\t<div class=\"elementor-widget-container\">\n\t\t\t\t\t\t\t<div class=\"elementor-spacer\">\n\t\t\t<div class=\"elementor-spacer-inner\"><\/div>\n\t\t<\/div>\n\t\t\t\t\t\t<\/div>\n\t\t\t\t<\/div>\n\t\t\t\t<\/div>\n\t\t<div class=\"elementor-element elementor-element-25451b36 e-con-full e-flex e-con e-child\" data-id=\"25451b36\" data-element_type=\"container\" data-e-type=\"container\">\n\t\t\t\t<div class=\"elementor-element elementor-element-30e390bc elementor-widget elementor-widget-spacer\" data-id=\"30e390bc\" data-element_type=\"widget\" data-e-type=\"widget\" data-widget_type=\"spacer.default\">\n\t\t\t\t<div class=\"elementor-widget-container\">\n\t\t\t\t\t\t\t<div class=\"elementor-spacer\">\n\t\t\t<div class=\"elementor-spacer-inner\"><\/div>\n\t\t<\/div>\n\t\t\t\t\t\t<\/div>\n\t\t\t\t<\/div>\n\t\t\t\t<div class=\"elementor-element elementor-element-3f236954 elementor-widget elementor-widget-heading\" data-id=\"3f236954\" data-element_type=\"widget\" data-e-type=\"widget\" data-widget_type=\"heading.default\">\n\t\t\t\t<div class=\"elementor-widget-container\">\n\t\t\t\t\t<p class=\"elementor-heading-title elementor-size-default\">D\u00e9claration de sinistre<\/p>\t\t\t\t<\/div>\n\t\t\t\t<\/div>\n\t\t\t\t<div class=\"elementor-element elementor-element-3dfc238c elementor-widget elementor-widget-text-editor\" data-id=\"3dfc238c\" data-element_type=\"widget\" data-e-type=\"widget\" data-widget_type=\"text-editor.default\">\n\t\t\t\t<div class=\"elementor-widget-container\">\n\t\t\t\t\t\t\t\t\t<p>Arthur J Gallagher Canada Limited doit \u00eatre imm\u00e9diatement inform\u00e9 de tout \u00e9v\u00e9nement pouvant donner lieu \u00e0 une r\u00e9clamation en vertu de la pr\u00e9sente police.<\/p>\n<p><strong>Ce r\u00e9sum\u00e9 ne fait pas partie de la politique. Consultez le libell\u00e9 de la police pour conna\u00eetre les modalit\u00e9s, conditions et exclusions applicables.<\/strong><\/p>\n<p>Pour plus d&rsquo;informations, veuillez contacter <strong>Brent Brandham<\/strong><br \/> <a href=\"mailto:Brent_brandham@ajg.com\">Brent_Brandham@ajg.com<\/a><br \/> T: 416.408.5457<\/p>\n\t\t\t\t\t\t\t\t<\/div>\n\t\t\t\t<\/div>\n\t\t\t\t<\/div>\n\t\t\t\t\t<\/div>\n\t\t\t\t<\/div>\n\t\t\t\t<\/div>\n\t\t","protected":false},"excerpt":{"rendered":"<p>Contenu disponible en anglais Dur\u00e9e de la police Du 31 d\u00e9cembre au 31 d\u00e9cembre 00h01 heure normale Limite de couverture 5 000 000 $ par \u00e9v\u00e9nement et montant global annuel. R\u00e9sum\u00e9 Cette politique couvre les instructeurs et entra\u00eeneurs certifi\u00e9s enregistr\u00e9s aupr\u00e8s de Voile Canada contre les r\u00e9clamations pour blessures corporelles et\/ou dommages mat\u00e9riels caus\u00e9s \u00e0 [&hellip;]<\/p>\n","protected":false},"author":1,"featured_media":26962,"parent":256,"menu_order":0,"comment_status":"closed","ping_status":"open","template":"","meta":{"_acf_changed":false,"_monsterinsights_skip_tracking":false,"_monsterinsights_sitenote_active":false,"_monsterinsights_sitenote_note":"","_monsterinsights_sitenote_category":0,"footnotes":""},"class_list":["post-288","page","type-page","status-publish","has-post-thumbnail","hentry"],"acf":[],"aioseo_notices":[],"_links":{"self":[{"href":"https:\/\/skippersplan.com\/fr\/wp-json\/wp\/v2\/pages\/288","targetHints":{"allow":["GET"]}}],"collection":[{"href":"https:\/\/skippersplan.com\/fr\/wp-json\/wp\/v2\/pages"}],"about":[{"href":"https:\/\/skippersplan.com\/fr\/wp-json\/wp\/v2\/types\/page"}],"author":[{"embeddable":true,"href":"https:\/\/skippersplan.com\/fr\/wp-json\/wp\/v2\/users\/1"}],"replies":[{"embeddable":true,"href":"https:\/\/skippersplan.com\/fr\/wp-json\/wp\/v2\/comments?post=288"}],"version-history":[{"count":21,"href":"https:\/\/skippersplan.com\/fr\/wp-json\/wp\/v2\/pages\/288\/revisions"}],"predecessor-version":[{"id":30969,"href":"https:\/\/skippersplan.com\/fr\/wp-json\/wp\/v2\/pages\/288\/revisions\/30969"}],"up":[{"embeddable":true,"href":"https:\/\/skippersplan.com\/fr\/wp-json\/wp\/v2\/pages\/256"}],"wp:featuredmedia":[{"embeddable":true,"href":"https:\/\/skippersplan.com\/fr\/wp-json\/wp\/v2\/media\/26962"}],"wp:attachment":[{"href":"https:\/\/skippersplan.com\/fr\/wp-json\/wp\/v2\/media?parent=288"}],"curies":[{"name":"wp","href":"https:\/\/api.w.org\/{rel}","templated":true}]}}