{"id":283,"date":"2014-06-23T14:00:33","date_gmt":"2014-06-23T14:00:33","guid":{"rendered":"https:\/\/skippersplan.com\/?page_id=283"},"modified":"2026-03-25T09:57:56","modified_gmt":"2026-03-25T13:57:56","slug":"directors-officers-insurance","status":"publish","type":"page","link":"https:\/\/skippersplan.com\/fr\/voile-canada\/directors-officers-insurance\/","title":{"rendered":"Assurance des administrateurs et dirigeants"},"content":{"rendered":"\t\t<div data-elementor-type=\"wp-page\" data-elementor-id=\"283\" class=\"elementor elementor-283 elementor-194\" data-elementor-post-type=\"page\">\n\t\t\t\t<div class=\"elementor-element elementor-element-34b1a097 e-flex e-con-boxed e-con e-parent\" data-id=\"34b1a097\" data-element_type=\"container\" data-e-type=\"container\" data-settings=\"{&quot;background_background&quot;:&quot;classic&quot;}\">\n\t\t\t\t\t<div class=\"e-con-inner\">\n\t\t\t\t<div class=\"elementor-element elementor-element-66facbdc elementor-widget elementor-widget-heading\" data-id=\"66facbdc\" data-element_type=\"widget\" data-e-type=\"widget\" data-widget_type=\"heading.default\">\n\t\t\t\t<div class=\"elementor-widget-container\">\n\t\t\t\t\t<h2 class=\"elementor-heading-title elementor-size-default\"><a href=\"https:\/\/skippersplan.com\/fr\/voile-canada\/directors-officers-insurance\/\">Contenu disponible en anglais<\/a><\/h2>\t\t\t\t<\/div>\n\t\t\t\t<\/div>\n\t\t\t\t\t<\/div>\n\t\t\t\t<\/div>\n\t\t<div class=\"elementor-element elementor-element-72ab273b e-flex e-con-boxed e-con e-parent\" data-id=\"72ab273b\" data-element_type=\"container\" data-e-type=\"container\">\n\t\t\t\t\t<div class=\"e-con-inner\">\n\t\t<div class=\"elementor-element elementor-element-5b28372b e-con-full e-flex e-con e-child\" data-id=\"5b28372b\" data-element_type=\"container\" data-e-type=\"container\">\n\t\t\t\t<div class=\"elementor-element elementor-element-71425c2 elementor-widget elementor-widget-spacer\" data-id=\"71425c2\" data-element_type=\"widget\" data-e-type=\"widget\" data-widget_type=\"spacer.default\">\n\t\t\t\t<div class=\"elementor-widget-container\">\n\t\t\t\t\t\t\t<div class=\"elementor-spacer\">\n\t\t\t<div class=\"elementor-spacer-inner\"><\/div>\n\t\t<\/div>\n\t\t\t\t\t\t<\/div>\n\t\t\t\t<\/div>\n\t\t\t\t<div class=\"elementor-element elementor-element-23504c9 elementor-widget elementor-widget-text-editor\" data-id=\"23504c9\" data-element_type=\"widget\" data-e-type=\"widget\" data-widget_type=\"text-editor.default\">\n\t\t\t\t<div class=\"elementor-widget-container\">\n\t\t\t\t\t\t\t\t\t<div class=\"column large-6 medium-6 small-12\">\n<p>Cette politique prot\u00e8ge tous les administrateurs et dirigeants de Voile Canada, pass\u00e9s, pr\u00e9sents et futurs, ainsi que l\u2019association elle-m\u00eame, contre les poursuites judiciaires fond\u00e9es sur l\u2019exercice de leurs fonctions ou en cas d\u2019acte r\u00e9pr\u00e9hensible. Il existe litt\u00e9ralement des centaines de textes de loi qui ont un impact sur la responsabilit\u00e9 personnelle des dirigeants et des administrateurs. Le statut d\u2019organisme \u00e0 but non lucratif n\u2019\u00e9limine pas la responsabilit\u00e9, donc Voile Canada et ses b\u00e9n\u00e9voles courent des risques personnels sans assurance ad\u00e9quate. La police d\u2019assurance D&amp;O de Sail Canada couvre \u00e9galement les officiels de course certifi\u00e9s en service au Canada et dans le monde entier. De nombreux clubs ont leur propre police d\u2019assurance D&amp;O qui offre une couverture principale, mais un officiel de course qui se porte volontaire loin de son club d\u2019origine ou \u00e0 l\u2019ext\u00e9rieur du Canada au nom de Voile Canada n\u2019a aucun moyen de s\u2019assurer que le club h\u00f4te dispose d\u2019une protection ad\u00e9quate. Voile Canada prot\u00e8ge ses officiels de course b\u00e9n\u00e9voles de toute responsabilit\u00e9 personnelle gr\u00e2ce \u00e0 cette police d&rsquo;assurance D&amp;O.<\/p>\n<p><a href=\"https:\/\/skippersplan.com\/wp-content\/uploads\/2019\/02\/DO-Application.pdf\">Demande de D&amp;O<\/a><\/p>\n<\/div>\n\t\t\t\t\t\t\t\t<\/div>\n\t\t\t\t<\/div>\n\t\t\t\t<\/div>\n\t\t<div class=\"elementor-element elementor-element-712c4775 e-con-full e-flex e-con e-child\" data-id=\"712c4775\" data-element_type=\"container\" data-e-type=\"container\">\n\t\t\t\t<div class=\"elementor-element elementor-element-37f419e5 elementor-widget elementor-widget-spacer\" data-id=\"37f419e5\" data-element_type=\"widget\" data-e-type=\"widget\" data-widget_type=\"spacer.default\">\n\t\t\t\t<div class=\"elementor-widget-container\">\n\t\t\t\t\t\t\t<div class=\"elementor-spacer\">\n\t\t\t<div class=\"elementor-spacer-inner\"><\/div>\n\t\t<\/div>\n\t\t\t\t\t\t<\/div>\n\t\t\t\t<\/div>\n\t\t\t\t<\/div>\n\t\t<div class=\"elementor-element elementor-element-c5429ea e-con-full e-flex e-con e-child\" data-id=\"c5429ea\" data-element_type=\"container\" data-e-type=\"container\">\n\t\t\t\t<div class=\"elementor-element elementor-element-76dc15e4 elementor-widget elementor-widget-spacer\" data-id=\"76dc15e4\" data-element_type=\"widget\" data-e-type=\"widget\" data-widget_type=\"spacer.default\">\n\t\t\t\t<div class=\"elementor-widget-container\">\n\t\t\t\t\t\t\t<div class=\"elementor-spacer\">\n\t\t\t<div class=\"elementor-spacer-inner\"><\/div>\n\t\t<\/div>\n\t\t\t\t\t\t<\/div>\n\t\t\t\t<\/div>\n\t\t\t\t<div class=\"elementor-element elementor-element-71f4a40d elementor-widget elementor-widget-text-editor\" data-id=\"71f4a40d\" data-element_type=\"widget\" data-e-type=\"widget\" data-widget_type=\"text-editor.default\">\n\t\t\t\t<div class=\"elementor-widget-container\">\n\t\t\t\t\t\t\t\t\t<p>Si votre club ou association souhaite un devis pour une assurance D&amp;O, soumettez le formulaire de demande \u00e0 Arthur J Gallagher Canada Limited.<br \/> Pour plus d&rsquo;informations, veuillez contacter <strong>Jerry Giroux<\/strong><br \/> <a href=\"mailto:jerry_giroux@ajg.com\">jerry_giroux@ajg.com<\/a><br \/> T: 905.754.3846<\/p>\n\t\t\t\t\t\t\t\t<\/div>\n\t\t\t\t<\/div>\n\t\t\t\t<\/div>\n\t\t\t\t\t<\/div>\n\t\t\t\t<\/div>\n\t\t\t\t<\/div>\n\t\t","protected":false},"excerpt":{"rendered":"<p>Contenu disponible en anglais Cette politique prot\u00e8ge tous les administrateurs et dirigeants de Voile Canada, pass\u00e9s, pr\u00e9sents et futurs, ainsi que l\u2019association elle-m\u00eame, contre les poursuites judiciaires fond\u00e9es sur l\u2019exercice de leurs fonctions ou en cas d\u2019acte r\u00e9pr\u00e9hensible. Il existe litt\u00e9ralement des centaines de textes de loi qui ont un impact sur la responsabilit\u00e9 personnelle [&hellip;]<\/p>\n","protected":false},"author":1,"featured_media":26962,"parent":256,"menu_order":0,"comment_status":"closed","ping_status":"open","template":"","meta":{"_acf_changed":false,"_monsterinsights_skip_tracking":false,"_monsterinsights_sitenote_active":false,"_monsterinsights_sitenote_note":"","_monsterinsights_sitenote_category":0,"footnotes":""},"class_list":["post-283","page","type-page","status-publish","has-post-thumbnail","hentry"],"acf":[],"aioseo_notices":[],"_links":{"self":[{"href":"https:\/\/skippersplan.com\/fr\/wp-json\/wp\/v2\/pages\/283","targetHints":{"allow":["GET"]}}],"collection":[{"href":"https:\/\/skippersplan.com\/fr\/wp-json\/wp\/v2\/pages"}],"about":[{"href":"https:\/\/skippersplan.com\/fr\/wp-json\/wp\/v2\/types\/page"}],"author":[{"embeddable":true,"href":"https:\/\/skippersplan.com\/fr\/wp-json\/wp\/v2\/users\/1"}],"replies":[{"embeddable":true,"href":"https:\/\/skippersplan.com\/fr\/wp-json\/wp\/v2\/comments?post=283"}],"version-history":[{"count":23,"href":"https:\/\/skippersplan.com\/fr\/wp-json\/wp\/v2\/pages\/283\/revisions"}],"predecessor-version":[{"id":29436,"href":"https:\/\/skippersplan.com\/fr\/wp-json\/wp\/v2\/pages\/283\/revisions\/29436"}],"up":[{"embeddable":true,"href":"https:\/\/skippersplan.com\/fr\/wp-json\/wp\/v2\/pages\/256"}],"wp:featuredmedia":[{"embeddable":true,"href":"https:\/\/skippersplan.com\/fr\/wp-json\/wp\/v2\/media\/26962"}],"wp:attachment":[{"href":"https:\/\/skippersplan.com\/fr\/wp-json\/wp\/v2\/media?parent=283"}],"curies":[{"name":"wp","href":"https:\/\/api.w.org\/{rel}","templated":true}]}}