{"id":27272,"date":"2024-04-23T09:30:40","date_gmt":"2024-04-23T13:30:40","guid":{"rendered":"https:\/\/skippersplan.com\/?page_id=27272"},"modified":"2025-03-10T11:29:30","modified_gmt":"2025-03-10T15:29:30","slug":"accueil","status":"publish","type":"page","link":"https:\/\/skippersplan.com\/fr\/","title":{"rendered":"Assurance bateau canadienne \u2013 Plan Skipper"},"content":{"rendered":"\t\t<div data-elementor-type=\"wp-page\" data-elementor-id=\"27272\" class=\"elementor elementor-27272 elementor-19\" data-elementor-post-type=\"page\">\n\t\t\t\t<div class=\"elementor-element elementor-element-3078a1c8 e-flex e-con-boxed e-con e-parent\" data-id=\"3078a1c8\" data-element_type=\"container\" data-e-type=\"container\">\n\t\t\t\t\t<div class=\"e-con-inner\">\n\t\t<div class=\"elementor-element elementor-element-2d02b4f6 e-con-full e-flex e-con e-child\" data-id=\"2d02b4f6\" data-element_type=\"container\" data-e-type=\"container\">\n\t\t\t\t<div class=\"elementor-element elementor-element-408bcda1 elementor-widget elementor-widget-spacer\" data-id=\"408bcda1\" data-element_type=\"widget\" data-e-type=\"widget\" data-widget_type=\"spacer.default\">\n\t\t\t\t<div class=\"elementor-widget-container\">\n\t\t\t\t\t\t\t<div class=\"elementor-spacer\">\n\t\t\t<div class=\"elementor-spacer-inner\"><\/div>\n\t\t<\/div>\n\t\t\t\t\t\t<\/div>\n\t\t\t\t<\/div>\n\t\t\t\t<div class=\"elementor-element elementor-element-3c28de17 elementor-widget elementor-widget-heading\" data-id=\"3c28de17\" data-element_type=\"widget\" data-e-type=\"widget\" data-widget_type=\"heading.default\">\n\t\t\t\t<div class=\"elementor-widget-container\">\n\t\t\t\t\t<h2 class=\"elementor-heading-title elementor-size-default\">Avantage du plan des capitaines Gallagher<\/h2>\t\t\t\t<\/div>\n\t\t\t\t<\/div>\n\t\t\t\t<div class=\"elementor-element elementor-element-52d9cfcf elementor-widget elementor-widget-text-editor\" data-id=\"52d9cfcf\" data-element_type=\"widget\" data-e-type=\"widget\" data-widget_type=\"text-editor.default\">\n\t\t\t\t<div class=\"elementor-widget-container\">\n\t\t\t\t\t\t\t\t\t<p>La couverture d\u2019assurance bateau la plus compl\u00e8te disponible pour tous les types de bateaux. Nos professionnels de l\u2019assurance agr\u00e9\u00e9s agissent en tant que votre conseiller personnel en vous fournissant des conseils d\u2019experts et une couverture d\u2019assurance bateau personnalis\u00e9e en fonction de vos besoins personnels.<\/p>\n\t\t\t\t\t\t\t\t<\/div>\n\t\t\t\t<\/div>\n\t\t\t\t<div class=\"elementor-element elementor-element-250e1eb3 elementor-widget elementor-widget-text-editor\" data-id=\"250e1eb3\" data-element_type=\"widget\" data-e-type=\"widget\" data-widget_type=\"text-editor.default\">\n\t\t\t\t<div class=\"elementor-widget-container\">\n\t\t\t\t\t\t\t\t\tNous ne vous vendons pas d&rsquo;assurance bateau,\n nous offrons des solutions d\u2019assurance pour la tranquillit\u00e9 d\u2019esprit des plaisanciers.\t\t\t\t\t\t\t\t<\/div>\n\t\t\t\t<\/div>\n\t\t\t\t<div class=\"elementor-element elementor-element-4313f6b0 elementor-widget-divider--view-line elementor-widget elementor-widget-divider\" data-id=\"4313f6b0\" data-element_type=\"widget\" data-e-type=\"widget\" data-widget_type=\"divider.default\">\n\t\t\t\t<div class=\"elementor-widget-container\">\n\t\t\t\t\t\t\t<div class=\"elementor-divider\">\n\t\t\t<span class=\"elementor-divider-separator\">\n\t\t\t\t\t\t<\/span>\n\t\t<\/div>\n\t\t\t\t\t\t<\/div>\n\t\t\t\t<\/div>\n\t\t\t\t<div class=\"elementor-element elementor-element-f41649b elementor-widget elementor-widget-heading\" data-id=\"f41649b\" data-element_type=\"widget\" data-e-type=\"widget\" data-widget_type=\"heading.default\">\n\t\t\t\t<div class=\"elementor-widget-container\">\n\t\t\t\t\t<p class=\"elementor-heading-title elementor-size-default\"><a href=\"https:\/\/skippersplan.com\/fr\/voile-canada\/\">Prot\u00e9gez votre bateau \u00e0 moteur ou<br> voilier aujourd'hui !<\/a><\/p>\t\t\t\t<\/div>\n\t\t\t\t<\/div>\n\t\t\t\t<\/div>\n\t\t<div class=\"elementor-element elementor-element-42c6e5d4 e-con-full e-flex e-con e-child\" data-id=\"42c6e5d4\" data-element_type=\"container\" data-e-type=\"container\">\n\t\t\t\t<div class=\"elementor-element elementor-element-ee11959 elementor-widget elementor-widget-spacer\" data-id=\"ee11959\" data-element_type=\"widget\" data-e-type=\"widget\" data-widget_type=\"spacer.default\">\n\t\t\t\t<div class=\"elementor-widget-container\">\n\t\t\t\t\t\t\t<div class=\"elementor-spacer\">\n\t\t\t<div class=\"elementor-spacer-inner\"><\/div>\n\t\t<\/div>\n\t\t\t\t\t\t<\/div>\n\t\t\t\t<\/div>\n\t\t\t\t<div class=\"elementor-element elementor-element-7a72931d elementor-widget elementor-widget-image\" data-id=\"7a72931d\" data-element_type=\"widget\" data-e-type=\"widget\" data-widget_type=\"image.default\">\n\t\t\t\t<div class=\"elementor-widget-container\">\n\t\t\t\t\t\t\t\t\t\t\t\t\t\t\t\t<a href=\"https:\/\/skippersplan.com\/fr\/obtenez-un-devis-dassurance-bateau\/\">\n\t\t\t\t\t\t\t<img fetchpriority=\"high\" decoding=\"async\" width=\"800\" height=\"516\" src=\"https:\/\/skippersplan.com\/wp-content\/uploads\/2025\/03\/Gallagher-Website-_-Banner-Image-Skippers-Plan-v3-1024x823-fr.jpg\" class=\"attachment-large size-large wp-image-30064\" alt=\"\" srcset=\"https:\/\/skippersplan.com\/wp-content\/uploads\/2025\/03\/Gallagher-Website-_-Banner-Image-Skippers-Plan-v3-1024x823-fr.jpg 1024w, https:\/\/skippersplan.com\/wp-content\/uploads\/2025\/03\/Gallagher-Website-_-Banner-Image-Skippers-Plan-v3-1024x823-fr-300x194.jpg 300w, https:\/\/skippersplan.com\/wp-content\/uploads\/2025\/03\/Gallagher-Website-_-Banner-Image-Skippers-Plan-v3-1024x823-fr-768x496.jpg 768w\" sizes=\"(max-width: 800px) 100vw, 800px\" title=\"Gallagher-Website-_-Banner-Image-Skippers-Plan-v3-1024x823-fr - Gallagher Skippers&#039; Plan\" \/>\t\t\t\t\t\t\t\t<\/a>\n\t\t\t\t\t\t\t\t\t\t\t\t\t\t\t<\/div>\n\t\t\t\t<\/div>\n\t\t\t\t<div class=\"elementor-element elementor-element-83629e2 elementor-align-center elementor-widget elementor-widget-button\" data-id=\"83629e2\" data-element_type=\"widget\" data-e-type=\"widget\" data-widget_type=\"button.default\">\n\t\t\t\t<div class=\"elementor-widget-container\">\n\t\t\t\t\t\t\t\t\t<div class=\"elementor-button-wrapper\">\n\t\t\t\t\t<a class=\"elementor-button elementor-button-link elementor-size-sm\" href=\"https:\/\/skippersplan.com\/fr\/obtenez-un-devis-dassurance-bateau\/\">\n\t\t\t\t\t\t<span class=\"elementor-button-content-wrapper\">\n\t\t\t\t\t\t<span class=\"elementor-button-icon\">\n\t\t\t\t<i aria-hidden=\"true\" class=\"fas fa-greater-than\"><\/i>\t\t\t<\/span>\n\t\t\t\t\t\t\t\t\t<span class=\"elementor-button-text\">OBTENEZ VOTRE DEVIS EN LIGNE<\/span>\n\t\t\t\t\t<\/span>\n\t\t\t\t\t<\/a>\n\t\t\t\t<\/div>\n\t\t\t\t\t\t\t\t<\/div>\n\t\t\t\t<\/div>\n\t\t\t\t<\/div>\n\t\t\t\t\t<\/div>\n\t\t\t\t<\/div>\n\t\t<div class=\"elementor-element elementor-element-2c25a794 e-flex e-con-boxed e-con e-parent\" data-id=\"2c25a794\" data-element_type=\"container\" data-e-type=\"container\">\n\t\t\t\t\t<div class=\"e-con-inner\">\n\t\t<div class=\"elementor-element elementor-element-91a3ac9 e-con-full e-flex e-con e-child\" data-id=\"91a3ac9\" data-element_type=\"container\" data-e-type=\"container\">\n\t\t\t\t<div class=\"elementor-element elementor-element-289038dd elementor-widget elementor-widget-spacer\" data-id=\"289038dd\" data-element_type=\"widget\" data-e-type=\"widget\" data-widget_type=\"spacer.default\">\n\t\t\t\t<div class=\"elementor-widget-container\">\n\t\t\t\t\t\t\t<div class=\"elementor-spacer\">\n\t\t\t<div class=\"elementor-spacer-inner\"><\/div>\n\t\t<\/div>\n\t\t\t\t\t\t<\/div>\n\t\t\t\t<\/div>\n\t\t\t\t<div class=\"elementor-element elementor-element-5f18d636 elementor-widget elementor-widget-heading\" data-id=\"5f18d636\" data-element_type=\"widget\" data-e-type=\"widget\" data-widget_type=\"heading.default\">\n\t\t\t\t<div class=\"elementor-widget-container\">\n\t\t\t\t\t<h2 class=\"elementor-heading-title elementor-size-default\">Nous partageons votre passion.<\/h2>\t\t\t\t<\/div>\n\t\t\t\t<\/div>\n\t\t\t\t<div class=\"elementor-element elementor-element-324a9822 elementor-widget elementor-widget-text-editor\" data-id=\"324a9822\" data-element_type=\"widget\" data-e-type=\"widget\" data-widget_type=\"text-editor.default\">\n\t\t\t\t<div class=\"elementor-widget-container\">\n\t\t\t\t\t\t\t\t\t<p>Nous prot\u00e9geons le style de vie canadien sur l&rsquo;eau depuis plus de 70 ans, que vous soyez propri\u00e9taire d&rsquo;un :<\/p>\n<ul>\n<li>Voilier<\/li>\n<li>Croiseur<\/li>\n<li>Runabout<\/li>\n<li>Ponton<\/li>\n<li>Motomarine<\/li>\n<li>Bateau de p\u00eache<\/li>\n<li>Bateau pont\u00e9<\/li>\n<li>Bateau de p\u00eache \u00e0 la ligne<\/li>\n<li>Bateau de sport<\/li>\n<li>Bateau \u00e0 r\u00e9action<\/li>\n<\/ul>\n\t\t\t\t\t\t\t\t<\/div>\n\t\t\t\t<\/div>\n\t\t\t\t<div class=\"elementor-element elementor-element-4a1fe7d1 elementor-widget elementor-widget-spacer\" data-id=\"4a1fe7d1\" data-element_type=\"widget\" data-e-type=\"widget\" data-widget_type=\"spacer.default\">\n\t\t\t\t<div class=\"elementor-widget-container\">\n\t\t\t\t\t\t\t<div class=\"elementor-spacer\">\n\t\t\t<div class=\"elementor-spacer-inner\"><\/div>\n\t\t<\/div>\n\t\t\t\t\t\t<\/div>\n\t\t\t\t<\/div>\n\t\t\t\t<\/div>\n\t\t<div class=\"elementor-element elementor-element-2925d25c e-con-full e-flex e-con e-child\" data-id=\"2925d25c\" data-element_type=\"container\" data-e-type=\"container\">\n\t\t\t\t<div class=\"elementor-element elementor-element-b90687f elementor-widget elementor-widget-spacer\" data-id=\"b90687f\" data-element_type=\"widget\" data-e-type=\"widget\" data-widget_type=\"spacer.default\">\n\t\t\t\t<div class=\"elementor-widget-container\">\n\t\t\t\t\t\t\t<div class=\"elementor-spacer\">\n\t\t\t<div class=\"elementor-spacer-inner\"><\/div>\n\t\t<\/div>\n\t\t\t\t\t\t<\/div>\n\t\t\t\t<\/div>\n\t\t\t\t<div class=\"elementor-element elementor-element-53339db3 elementor-hidden-desktop elementor-hidden-tablet elementor-hidden-mobile elementor-widget elementor-widget-image\" data-id=\"53339db3\" data-element_type=\"widget\" data-e-type=\"widget\" data-widget_type=\"image.default\">\n\t\t\t\t<div class=\"elementor-widget-container\">\n\t\t\t\t\t\t\t\t\t\t\t\t\t\t\t\t<a href=\"https:\/\/skippersplan.com\/fr\/obtenez-un-devis-dassurance-bateau\/\">\n\t\t\t\t\t\t\t<img decoding=\"async\" width=\"800\" height=\"227\" src=\"https:\/\/skippersplan.com\/wp-content\/uploads\/2019\/11\/Gallagher-Skippers-Plan-Text-1024x291.png\" class=\"attachment-large size-large wp-image-29994\" alt=\"\" srcset=\"https:\/\/skippersplan.com\/wp-content\/uploads\/2019\/11\/Gallagher-Skippers-Plan-Text-1024x291.png 1024w, https:\/\/skippersplan.com\/wp-content\/uploads\/2019\/11\/Gallagher-Skippers-Plan-Text-300x85.png 300w, https:\/\/skippersplan.com\/wp-content\/uploads\/2019\/11\/Gallagher-Skippers-Plan-Text-768x218.png 768w, https:\/\/skippersplan.com\/wp-content\/uploads\/2019\/11\/Gallagher-Skippers-Plan-Text-1327x377.png 1327w, https:\/\/skippersplan.com\/wp-content\/uploads\/2019\/11\/Gallagher-Skippers-Plan-Text-200x57.png 200w, https:\/\/skippersplan.com\/wp-content\/uploads\/2019\/11\/Gallagher-Skippers-Plan-Text.png 1770w\" sizes=\"(max-width: 800px) 100vw, 800px\" title=\"Gallagher Skippers Plan Text - Gallagher Skippers&#039; Plan\" \/>\t\t\t\t\t\t\t\t<\/a>\n\t\t\t\t\t\t\t\t\t\t\t\t\t\t\t<\/div>\n\t\t\t\t<\/div>\n\t\t\t\t<div class=\"elementor-element elementor-element-ee0d26f elementor-widget elementor-widget-heading\" data-id=\"ee0d26f\" data-element_type=\"widget\" data-e-type=\"widget\" data-widget_type=\"heading.default\">\n\t\t\t\t<div class=\"elementor-widget-container\">\n\t\t\t\t\t<p class=\"elementor-heading-title elementor-size-default\">Skippers' Plan est d\u00e9sormais<br>\nGallagher Skippers' Plan.<\/p>\t\t\t\t<\/div>\n\t\t\t\t<\/div>\n\t\t\t\t<div class=\"elementor-element elementor-element-ef75153 elementor-widget elementor-widget-heading\" data-id=\"ef75153\" data-element_type=\"widget\" data-e-type=\"widget\" data-widget_type=\"heading.default\">\n\t\t\t\t<div class=\"elementor-widget-container\">\n\t\t\t\t\t<p class=\"elementor-heading-title elementor-size-default\">M\u00eame \u00e9quipe. M\u00eame service exceptionnel.<\/p>\t\t\t\t<\/div>\n\t\t\t\t<\/div>\n\t\t\t\t<div class=\"elementor-element elementor-element-183f0ff9 elementor-widget elementor-widget-spacer\" data-id=\"183f0ff9\" data-element_type=\"widget\" data-e-type=\"widget\" data-widget_type=\"spacer.default\">\n\t\t\t\t<div class=\"elementor-widget-container\">\n\t\t\t\t\t\t\t<div class=\"elementor-spacer\">\n\t\t\t<div class=\"elementor-spacer-inner\"><\/div>\n\t\t<\/div>\n\t\t\t\t\t\t<\/div>\n\t\t\t\t<\/div>\n\t\t\t\t<\/div>\n\t\t\t\t\t<\/div>\n\t\t\t\t<\/div>\n\t\t\t\t<\/div>\n\t\t","protected":false},"excerpt":{"rendered":"<p>Avantage du plan des capitaines Gallagher La couverture d\u2019assurance bateau la plus compl\u00e8te disponible pour tous les types de bateaux. Nos professionnels de l\u2019assurance agr\u00e9\u00e9s agissent en tant que votre conseiller personnel en vous fournissant des conseils d\u2019experts et une couverture d\u2019assurance bateau personnalis\u00e9e en fonction de vos besoins personnels. Nous ne vous vendons pas [&hellip;]<\/p>\n","protected":false},"author":1,"featured_media":0,"parent":0,"menu_order":0,"comment_status":"closed","ping_status":"open","template":"","meta":{"_acf_changed":false,"_monsterinsights_skip_tracking":false,"_monsterinsights_sitenote_active":false,"_monsterinsights_sitenote_note":"","_monsterinsights_sitenote_category":0,"footnotes":""},"class_list":["post-27272","page","type-page","status-publish","hentry"],"acf":[],"aioseo_notices":[],"_links":{"self":[{"href":"https:\/\/skippersplan.com\/fr\/wp-json\/wp\/v2\/pages\/27272","targetHints":{"allow":["GET"]}}],"collection":[{"href":"https:\/\/skippersplan.com\/fr\/wp-json\/wp\/v2\/pages"}],"about":[{"href":"https:\/\/skippersplan.com\/fr\/wp-json\/wp\/v2\/types\/page"}],"author":[{"embeddable":true,"href":"https:\/\/skippersplan.com\/fr\/wp-json\/wp\/v2\/users\/1"}],"replies":[{"embeddable":true,"href":"https:\/\/skippersplan.com\/fr\/wp-json\/wp\/v2\/comments?post=27272"}],"version-history":[{"count":22,"href":"https:\/\/skippersplan.com\/fr\/wp-json\/wp\/v2\/pages\/27272\/revisions"}],"predecessor-version":[{"id":30080,"href":"https:\/\/skippersplan.com\/fr\/wp-json\/wp\/v2\/pages\/27272\/revisions\/30080"}],"wp:attachment":[{"href":"https:\/\/skippersplan.com\/fr\/wp-json\/wp\/v2\/media?parent=27272"}],"curies":[{"name":"wp","href":"https:\/\/api.w.org\/{rel}","templated":true}]}}