{"id":256,"date":"2014-06-23T13:09:33","date_gmt":"2014-06-23T13:09:33","guid":{"rendered":"https:\/\/skippersplan.com\/?page_id=256"},"modified":"2025-03-10T11:13:32","modified_gmt":"2025-03-10T15:13:32","slug":"voile-canada","status":"publish","type":"page","link":"https:\/\/skippersplan.com\/fr\/voile-canada\/","title":{"rendered":"Programme des membres de Voile Canada"},"content":{"rendered":"\t\t<div data-elementor-type=\"wp-page\" data-elementor-id=\"256\" class=\"elementor elementor-256 elementor-79\" data-elementor-post-type=\"page\">\n\t\t\t\t<div class=\"elementor-element elementor-element-53429272 elementor-hidden-desktop elementor-hidden-tablet elementor-hidden-mobile e-flex e-con-boxed e-con e-parent\" data-id=\"53429272\" data-element_type=\"container\" data-e-type=\"container\" data-settings=\"{&quot;background_background&quot;:&quot;classic&quot;}\">\n\t\t\t\t\t<div class=\"e-con-inner\">\n\t\t\t\t<div class=\"elementor-element elementor-element-7e4d62ae elementor-widget elementor-widget-heading\" data-id=\"7e4d62ae\" data-element_type=\"widget\" data-e-type=\"widget\" data-widget_type=\"heading.default\">\n\t\t\t\t<div class=\"elementor-widget-container\">\n\t\t\t\t\t<h2 class=\"elementor-heading-title elementor-size-default\"><a href=\"https:\/\/skippersplan.com\/fr\/voile-canada\/\">Contenu disponible en anglais<\/a><\/h2>\t\t\t\t<\/div>\n\t\t\t\t<\/div>\n\t\t\t\t\t<\/div>\n\t\t\t\t<\/div>\n\t\t<div class=\"elementor-element elementor-element-52176dd9 e-flex e-con-boxed e-con e-parent\" data-id=\"52176dd9\" data-element_type=\"container\" data-e-type=\"container\">\n\t\t\t\t\t<div class=\"e-con-inner\">\n\t\t\t\t<div class=\"elementor-element elementor-element-3ed65f59 elementor-widget elementor-widget-spacer\" data-id=\"3ed65f59\" data-element_type=\"widget\" data-e-type=\"widget\" data-widget_type=\"spacer.default\">\n\t\t\t\t<div class=\"elementor-widget-container\">\n\t\t\t\t\t\t\t<div class=\"elementor-spacer\">\n\t\t\t<div class=\"elementor-spacer-inner\"><\/div>\n\t\t<\/div>\n\t\t\t\t\t\t<\/div>\n\t\t\t\t<\/div>\n\t\t\t\t<div class=\"elementor-element elementor-element-1fda6f59 elementor-widget elementor-widget-text-editor\" data-id=\"1fda6f59\" data-element_type=\"widget\" data-e-type=\"widget\" data-widget_type=\"text-editor.default\">\n\t\t\t\t<div class=\"elementor-widget-container\">\n\t\t\t\t\t\t\t\t\tVous avez pris soin de votre bateau et l&rsquo;avez gard\u00e9 dans un bon club. Maintenant, gr\u00e2ce \u00e0 votre adh\u00e9sion \u00e0 Sail Canada,\n votre bateau peut vous r\u00e9compenser en vous donnant un acc\u00e8s exclusif \u00e0 des avantages suppl\u00e9mentaires sur votre assurance Skippers&rsquo; Plan. \t\t\t\t\t\t\t\t<\/div>\n\t\t\t\t<\/div>\n\t\t\t\t\t<\/div>\n\t\t\t\t<\/div>\n\t\t<div class=\"elementor-element elementor-element-1eee5cfc e-flex e-con-boxed e-con e-parent\" data-id=\"1eee5cfc\" data-element_type=\"container\" data-e-type=\"container\">\n\t\t\t\t\t<div class=\"e-con-inner\">\n\t\t<div class=\"elementor-element elementor-element-770da6dd e-con-full e-flex e-con e-child\" data-id=\"770da6dd\" data-element_type=\"container\" data-e-type=\"container\">\n\t\t\t\t<div class=\"elementor-element elementor-element-7bdfeed1 elementor-widget elementor-widget-heading\" data-id=\"7bdfeed1\" data-element_type=\"widget\" data-e-type=\"widget\" data-widget_type=\"heading.default\">\n\t\t\t\t<div class=\"elementor-widget-container\">\n\t\t\t\t\t<h2 class=\"elementor-heading-title elementor-size-default\">Qui est \u00e9ligible ?<\/h2>\t\t\t\t<\/div>\n\t\t\t\t<\/div>\n\t\t\t\t<div class=\"elementor-element elementor-element-39f54c6 elementor-widget elementor-widget-text-editor\" data-id=\"39f54c6\" data-element_type=\"widget\" data-e-type=\"widget\" data-widget_type=\"text-editor.default\">\n\t\t\t\t<div class=\"elementor-widget-container\">\n\t\t\t\t\t\t\t\t\t<ul>\n<li>Tous les membres de Voile Canada, y compris les membres actuels des clubs de yacht et des \u00e9coles de voile<\/li>\n<li>Conjoints des membres admissibles<\/li>\n<li>Tous les enfants \u00e0 charge des membres \u00e0 condition qu&rsquo;ils r\u00e9sident avec la personne et qu&rsquo;ils soient \u00e2g\u00e9s de 25 ans ou moins, ou qu&rsquo;ils fr\u00e9quentent une \u00e9cole ou un coll\u00e8ge<\/li>\n<\/ul>\n\t\t\t\t\t\t\t\t<\/div>\n\t\t\t\t<\/div>\n\t\t\t\t<div class=\"elementor-element elementor-element-cae8f03 elementor-widget-divider--view-line elementor-widget elementor-widget-divider\" data-id=\"cae8f03\" data-element_type=\"widget\" data-e-type=\"widget\" data-widget_type=\"divider.default\">\n\t\t\t\t<div class=\"elementor-widget-container\">\n\t\t\t\t\t\t\t<div class=\"elementor-divider\">\n\t\t\t<span class=\"elementor-divider-separator\">\n\t\t\t\t\t\t<\/span>\n\t\t<\/div>\n\t\t\t\t\t\t<\/div>\n\t\t\t\t<\/div>\n\t\t\t\t<div class=\"elementor-element elementor-element-3061d2f9 elementor-widget elementor-widget-heading\" data-id=\"3061d2f9\" data-element_type=\"widget\" data-e-type=\"widget\" data-widget_type=\"heading.default\">\n\t\t\t\t<div class=\"elementor-widget-container\">\n\t\t\t\t\t<p class=\"elementor-heading-title elementor-size-default\">Approbations exclusives du plan de skippers Gallagher de Sail Canada*<\/p>\t\t\t\t<\/div>\n\t\t\t\t<\/div>\n\t\t\t\t<div class=\"elementor-element elementor-element-66b9026b elementor-widget elementor-widget-text-editor\" data-id=\"66b9026b\" data-element_type=\"widget\" data-e-type=\"widget\" data-widget_type=\"text-editor.default\">\n\t\t\t\t<div class=\"elementor-widget-container\">\n\t\t\t\t\t\t\t\t\t<ul>\n<li>Avenant d\u00e9croissant de franchise<\/li>\n<li>Avenant aux d\u00e9penses d&rsquo;urgence pour le remorquage du v\u00e9hicule et de la remorque<\/li>\n<li>Couverture des frais de r\u00e9gate<\/li>\n<li>Les r\u00e9clamations pour collisions en course r\u00e9gl\u00e9es sur la base d&rsquo;une d\u00e9cision du comit\u00e9 de protestation<\/li>\n<\/ul>\n<p>*non applicable aux politiques de navigation de jour\/d\u00e9riveur de course<\/p>\n\t\t\t\t\t\t\t\t<\/div>\n\t\t\t\t<\/div>\n\t\t\t\t<div class=\"elementor-element elementor-element-24382771 elementor-widget-divider--view-line elementor-widget elementor-widget-divider\" data-id=\"24382771\" data-element_type=\"widget\" data-e-type=\"widget\" data-widget_type=\"divider.default\">\n\t\t\t\t<div class=\"elementor-widget-container\">\n\t\t\t\t\t\t\t<div class=\"elementor-divider\">\n\t\t\t<span class=\"elementor-divider-separator\">\n\t\t\t\t\t\t<\/span>\n\t\t<\/div>\n\t\t\t\t\t\t<\/div>\n\t\t\t\t<\/div>\n\t\t\t\t<div class=\"elementor-element elementor-element-7415c269 elementor-widget elementor-widget-heading\" data-id=\"7415c269\" data-element_type=\"widget\" data-e-type=\"widget\" data-widget_type=\"heading.default\">\n\t\t\t\t<div class=\"elementor-widget-container\">\n\t\t\t\t\t<p class=\"elementor-heading-title elementor-size-default\">Points saillants du plan des capitaines de Gallagher<\/p>\t\t\t\t<\/div>\n\t\t\t\t<\/div>\n\t\t\t\t<div class=\"elementor-element elementor-element-7733bd1e elementor-widget elementor-widget-text-editor\" data-id=\"7733bd1e\" data-element_type=\"widget\" data-e-type=\"widget\" data-widget_type=\"text-editor.default\">\n\t\t\t\t<div class=\"elementor-widget-container\">\n\t\t\t\t\t\t\t\t\t<ul>\n<li>Couverture de la valeur agr\u00e9\u00e9e sur les bateaux jusqu&rsquo;\u00e0 20 ans<\/li>\n<li>Couverture du co\u00fbt de remplacement en cas de pertes partielles<\/li>\n<li>Couverture de valeur de remplacement garantie disponible pour les bateaux neufs<\/li>\n<li>Couverture en cas de d\u00e9versement accidentel de carburant<\/li>\n<li>D\u00e9g\u00e2ts de gel inclus<\/li>\n<li>Embarcation nouvellement acquise incluse<\/li>\n<li>Zone de navigation \u00e9tendue<\/li>\n<li>Avenants disponibles pour extension aux \u00c9tats-Unis et aux Cara\u00efbes<\/li>\n<li>Couverture des biens personnels<\/li>\n<li>Couverture des frais de remorquage d&rsquo;urgence<\/li>\n<li>Paiement m\u00e9dical volontaire<\/li>\n<li>Assurance pour plaisanciers non assur\u00e9s ou sous-assur\u00e9s<\/li>\n<li>Perte d&rsquo;utilisation<\/li>\n<li>R\u00e9clamations sans remise<\/li>\n<li>Rabais premium pour les cours de Sail Canada<\/li>\n<li>Planification de voyage<\/li>\n<li>Services de conciergerie<\/li>\n<li>Formulation sp\u00e9ciale pour les plaisanciers de jour\/d\u00e9riveurs de course au Canada et dans les \u00c9tats contigus des \u00c9tats-Unis<\/li>\n<\/ul>\n\t\t\t\t\t\t\t\t<\/div>\n\t\t\t\t<\/div>\n\t\t\t\t<div class=\"elementor-element elementor-element-64c5a755 elementor-widget elementor-widget-heading\" data-id=\"64c5a755\" data-element_type=\"widget\" data-e-type=\"widget\" data-widget_type=\"heading.default\">\n\t\t\t\t<div class=\"elementor-widget-container\">\n\t\t\t\t\t<p class=\"elementor-heading-title elementor-size-default\">En savoir plus<\/p>\t\t\t\t<\/div>\n\t\t\t\t<\/div>\n\t\t\t\t<div class=\"elementor-element elementor-element-25bdc4df elementor-widget elementor-widget-text-editor\" data-id=\"25bdc4df\" data-element_type=\"widget\" data-e-type=\"widget\" data-widget_type=\"text-editor.default\">\n\t\t\t\t<div class=\"elementor-widget-container\">\n\t\t\t\t\t\t\t\t\t<p>T\u00e9l\u00e9phone : 1 (800) 661-7211<br \/> Toronto\/RGT : (416) 789.7211<\/p>\n\t\t\t\t\t\t\t\t<\/div>\n\t\t\t\t<\/div>\n\t\t\t\t<div class=\"elementor-element elementor-element-13cf5e64 elementor-widget-divider--view-line elementor-widget elementor-widget-divider\" data-id=\"13cf5e64\" data-element_type=\"widget\" data-e-type=\"widget\" data-widget_type=\"divider.default\">\n\t\t\t\t<div class=\"elementor-widget-container\">\n\t\t\t\t\t\t\t<div class=\"elementor-divider\">\n\t\t\t<span class=\"elementor-divider-separator\">\n\t\t\t\t\t\t<\/span>\n\t\t<\/div>\n\t\t\t\t\t\t<\/div>\n\t\t\t\t<\/div>\n\t\t\t\t<div class=\"elementor-element elementor-element-1e998a85 elementor-widget elementor-widget-heading\" data-id=\"1e998a85\" data-element_type=\"widget\" data-e-type=\"widget\" data-widget_type=\"heading.default\">\n\t\t\t\t<div class=\"elementor-widget-container\">\n\t\t\t\t\t<p class=\"elementor-heading-title elementor-size-default\">Programme d'assurance habitation et automobile du groupe Sail Canada<\/p>\t\t\t\t<\/div>\n\t\t\t\t<\/div>\n\t\t\t\t<div class=\"elementor-element elementor-element-43895ef elementor-widget elementor-widget-text-editor\" data-id=\"43895ef\" data-element_type=\"widget\" data-e-type=\"widget\" data-widget_type=\"text-editor.default\">\n\t\t\t\t<div class=\"elementor-widget-container\">\n\t\t\t\t\t\t\t\t\t<p>Les membres du Plan Gallagher Skippers de Sail Canada peuvent b\u00e9n\u00e9ficier d&rsquo;une r\u00e9duction exclusive sur les assurances habitation et automobile de groupe&nbsp;!<\/p>\n<p>Souscrire une assurance habitation et automobile de groupe* est essentiel pour prot\u00e9ger votre famille et votre style de vie, mais trouver la solution d\u2019assurance adapt\u00e9e peut prendre du temps. Chaque famille est diff\u00e9rente, nous le comprenons. De la couverture standard aux services sp\u00e9cialis\u00e9s, nous pouvons vous proposer une solution sur mesure.  <\/p>\n<p><strong>Les avantages comprennent&nbsp;:<\/strong><\/p>\n<ul>\n<li>Couverture compl\u00e8te et tarifs comp\u00e9titifs<\/li>\n<li>Une assurance adapt\u00e9e \u00e0 vos besoins<\/li>\n<li>Options de paiement pratiques sans frais de service<\/li>\n<li>Rabais suppl\u00e9mentaires pour aider \u00e0 r\u00e9duire les primes et \u00e9conomiser sur l&rsquo;assurance habitation et automobile<\/li>\n<li>Service personnalis\u00e9 par des professionnels de l&rsquo;assurance enti\u00e8rement form\u00e9s<\/li>\n<li>R\u00e9seau privil\u00e9gi\u00e9 d&rsquo;entrepreneurs, de fournisseurs, d&rsquo;ateliers de r\u00e9paration automobile avec garantie sur les travaux<\/li>\n<li>D\u00e9fense des r\u00e9clamations en interne<\/li>\n<li>Garantie de service de r\u00e9clamation 24h\/24 et 7j\/7<\/li>\n<\/ul>\n\t\t\t\t\t\t\t\t<\/div>\n\t\t\t\t<\/div>\n\t\t\t\t<div class=\"elementor-element elementor-element-3bf260d1 elementor-widget elementor-widget-text-editor\" data-id=\"3bf260d1\" data-element_type=\"widget\" data-e-type=\"widget\" data-widget_type=\"text-editor.default\">\n\t\t\t\t<div class=\"elementor-widget-container\">\n\t\t\t\t\t\t\t\t\t\n<strong>*L&rsquo;assurance automobile \u00e0 prix r\u00e9duit pour les groupes n&rsquo;est pas disponible dans les provinces r\u00e9glement\u00e9es par le gouvernement : Colombie-Britannique, Saskatchewan et Manitoba.<\/strong>\t\t\t\t\t\t\t\t<\/div>\n\t\t\t\t<\/div>\n\t\t\t\t<div class=\"elementor-element elementor-element-73140da1 elementor-widget elementor-widget-heading\" data-id=\"73140da1\" data-element_type=\"widget\" data-e-type=\"widget\" data-widget_type=\"heading.default\">\n\t\t\t\t<div class=\"elementor-widget-container\">\n\t\t\t\t\t<p class=\"elementor-heading-title elementor-size-default\">En savoir plus<\/p>\t\t\t\t<\/div>\n\t\t\t\t<\/div>\n\t\t\t\t<div class=\"elementor-element elementor-element-17833ec3 elementor-widget elementor-widget-text-editor\" data-id=\"17833ec3\" data-element_type=\"widget\" data-e-type=\"widget\" data-widget_type=\"text-editor.default\">\n\t\t\t\t<div class=\"elementor-widget-container\">\n\t\t\t\t\t\t\t\t\t<p>T\u00e9l\u00e9phone : (833) 752-8726<u><br \/><\/u> Courriel : <a href=\"mailto:pisales@ajg.com\">pisales@ajg.com<\/a><br \/> URL : https:\/\/www.ajg.com\/ca\/assurance-habitation-et-automobile\/&nbsp;&nbsp;<\/p>\n\t\t\t\t\t\t\t\t<\/div>\n\t\t\t\t<\/div>\n\t\t\t\t<\/div>\n\t\t<div class=\"elementor-element elementor-element-2fe7be09 e-con-full e-flex e-con e-child\" data-id=\"2fe7be09\" data-element_type=\"container\" data-e-type=\"container\">\n\t\t\t\t<div class=\"elementor-element elementor-element-245dfd8e elementor-widget elementor-widget-spacer\" data-id=\"245dfd8e\" data-element_type=\"widget\" data-e-type=\"widget\" data-widget_type=\"spacer.default\">\n\t\t\t\t<div class=\"elementor-widget-container\">\n\t\t\t\t\t\t\t<div class=\"elementor-spacer\">\n\t\t\t<div class=\"elementor-spacer-inner\"><\/div>\n\t\t<\/div>\n\t\t\t\t\t\t<\/div>\n\t\t\t\t<\/div>\n\t\t\t\t<\/div>\n\t\t<div class=\"elementor-element elementor-element-78002eca e-con-full e-flex e-con e-child\" data-id=\"78002eca\" data-element_type=\"container\" data-e-type=\"container\">\n\t\t\t\t<div class=\"elementor-element elementor-element-25517bb5 elementor-widget elementor-widget-spacer\" data-id=\"25517bb5\" data-element_type=\"widget\" data-e-type=\"widget\" data-widget_type=\"spacer.default\">\n\t\t\t\t<div class=\"elementor-widget-container\">\n\t\t\t\t\t\t\t<div class=\"elementor-spacer\">\n\t\t\t<div class=\"elementor-spacer-inner\"><\/div>\n\t\t<\/div>\n\t\t\t\t\t\t<\/div>\n\t\t\t\t<\/div>\n\t\t\t\t<div class=\"elementor-element elementor-element-3078528 elementor-widget elementor-widget-button\" data-id=\"3078528\" data-element_type=\"widget\" data-e-type=\"widget\" data-widget_type=\"button.default\">\n\t\t\t\t<div class=\"elementor-widget-container\">\n\t\t\t\t\t\t\t\t\t<div class=\"elementor-button-wrapper\">\n\t\t\t\t\t<a class=\"elementor-button elementor-button-link elementor-size-sm\" href=\"https:\/\/skippersplan.com\/fr\/obtenez-un-devis-dassurance-bateau\/\">\n\t\t\t\t\t\t<span class=\"elementor-button-content-wrapper\">\n\t\t\t\t\t\t<span class=\"elementor-button-icon\">\n\t\t\t\t<i aria-hidden=\"true\" class=\"fas fa-greater-than\"><\/i>\t\t\t<\/span>\n\t\t\t\t\t\t\t\t\t<span class=\"elementor-button-text\">OBTENEZ VOTRE DEVIS EN LIGNE<\/span>\n\t\t\t\t\t<\/span>\n\t\t\t\t\t<\/a>\n\t\t\t\t<\/div>\n\t\t\t\t\t\t\t\t<\/div>\n\t\t\t\t<\/div>\n\t\t\t\t<div class=\"elementor-element elementor-element-89ce47d elementor-hidden-desktop elementor-hidden-tablet elementor-hidden-mobile elementor-widget elementor-widget-image\" data-id=\"89ce47d\" data-element_type=\"widget\" data-e-type=\"widget\" data-widget_type=\"image.default\">\n\t\t\t\t<div class=\"elementor-widget-container\">\n\t\t\t\t\t\t\t\t\t\t\t\t\t\t\t\t<a href=\"https:\/\/skippersplan.com\/fr\/obtenez-un-devis-dassurance-bateau\/\">\n\t\t\t\t\t\t\t<img decoding=\"async\" width=\"300\" height=\"49\" src=\"https:\/\/skippersplan.com\/wp-content\/uploads\/2019\/11\/Gallagher-Website-_-Box-Get-Your-Online-Quote-300x49.png\" class=\"attachment-medium size-medium wp-image-29993\" alt=\"\" srcset=\"https:\/\/skippersplan.com\/wp-content\/uploads\/2019\/11\/Gallagher-Website-_-Box-Get-Your-Online-Quote-300x49.png 300w, https:\/\/skippersplan.com\/wp-content\/uploads\/2019\/11\/Gallagher-Website-_-Box-Get-Your-Online-Quote-200x33.png 200w, https:\/\/skippersplan.com\/wp-content\/uploads\/2019\/11\/Gallagher-Website-_-Box-Get-Your-Online-Quote.png 404w\" sizes=\"(max-width: 300px) 100vw, 300px\" title=\"Gallagher Website _ Box - Get Your Online Quote - Gallagher Skippers&#039; Plan\" \/>\t\t\t\t\t\t\t\t<\/a>\n\t\t\t\t\t\t\t\t\t\t\t\t\t\t\t<\/div>\n\t\t\t\t<\/div>\n\t\t\t\t<div class=\"elementor-element elementor-element-13d09b83 elementor-widget elementor-widget-heading\" data-id=\"13d09b83\" data-element_type=\"widget\" data-e-type=\"widget\" data-widget_type=\"heading.default\">\n\t\t\t\t<div class=\"elementor-widget-container\">\n\t\t\t\t\t<p class=\"elementor-heading-title elementor-size-default\">Programmes d'assurance pour les clubs nautiques, les \u00e9coles, les instructeurs et les entra\u00eeneurs<\/p>\t\t\t\t<\/div>\n\t\t\t\t<\/div>\n\t\t\t\t<div class=\"elementor-element elementor-element-701ce882 make-italic elementor-widget elementor-widget-text-editor\" data-id=\"701ce882\" data-element_type=\"widget\" data-e-type=\"widget\" data-widget_type=\"text-editor.default\">\n\t\t\t\t<div class=\"elementor-widget-container\">\n\t\t\t\t\t\t\t\t\t<p><strong>FAQ sur les assurances<\/strong><\/p>\n<p><a href=\"https:\/\/skippersplan.com\/wp-content\/uploads\/2018\/12\/FAQ-for-Officials-1.pdf\" target=\"_blank\" rel=\"noopener\">FAQ officielle de la course cliquez ici<\/a><br \/> <a href=\"https:\/\/skippersplan.com\/wp-content\/uploads\/2024\/04\/Instructors-FAQ-1.pdf\" target=\"_blank\" rel=\"noopener\">FAQ de l&rsquo;instructeur cliquez ici<\/a><\/p>\n<p><strong>Responsabilit\u00e9 des r\u00e9gates sur l&rsquo;eau<\/strong><\/p>\n<p><a href=\"https:\/\/skippersplan.com\/fr\/voile-canada\/assurance-responsabilite-de-voile-canada-pour-les-regates\/\" target=\"_blank\" rel=\"noopener\">Cliquez ici pour plus d&rsquo;informations<\/a><\/p>\n<p><strong>Assurance responsabilit\u00e9 civile de l&rsquo;instructeur<\/strong><\/p>\n<p><a href=\"https:\/\/skippersplan.com\/fr\/voile-canada\/assurance-responsabilite-pour-les-moniteursinstructeurs-de-voile-canada\/\" target=\"_blank\" rel=\"noopener\">Cliquez ici pour plus d&rsquo;informations<\/a><\/p>\n<p><strong>Assurance des administrateurs et dirigeants<\/strong><\/p>\n<p><a href=\"https:\/\/skippersplan.com\/fr\/voile-canada\/directors-officers-insurance\/\" target=\"_blank\" rel=\"noopener\">Cliquez ici pour plus d&rsquo;informations<\/a><\/p>\n<p><strong>Assurance \u00e9cole de voile<\/strong><\/p>\n<p><a href=\"https:\/\/skippersplan.com\/fr\/voile-canada\/regime-dassurance-de-voile-canada-pour-les-ecoles-de-voile\/\" target=\"_blank\" rel=\"noopener\">Cliquez ici pour plus d&rsquo;informations<\/a><\/p>\n<p><strong>Assurance de protection juridique<\/strong><\/p>\n<p><a href=\"https:\/\/skippersplan.com\/fr\/voile-canada\/assurance-de-frais-juridiques\/\" target=\"_blank\" rel=\"noopener\">Cliquez ici pour plus d&rsquo;informations<\/a><\/p>\n\t\t\t\t\t\t\t\t<\/div>\n\t\t\t\t<\/div>\n\t\t\t\t<div class=\"elementor-element elementor-element-6c11a7b9 elementor-widget elementor-widget-image\" data-id=\"6c11a7b9\" data-element_type=\"widget\" data-e-type=\"widget\" data-widget_type=\"image.default\">\n\t\t\t\t<div class=\"elementor-widget-container\">\n\t\t\t\t\t\t\t\t\t\t\t\t\t\t\t\t<a href=\"https:\/\/www.sailing.ca\/\" target=\"_blank\">\n\t\t\t\t\t\t\t<img decoding=\"async\" src=\"https:\/\/skippersplan.com\/wp-content\/uploads\/elementor\/thumbs\/Sail-Canada-Logo-oh7w0w439fjx6aq68rmg6qv0ijdm8pcz14xdqzjwm4.png\" title=\"Sail Canada Logo\" alt=\"#image_title\" loading=\"lazy\" \/>\t\t\t\t\t\t\t\t<\/a>\n\t\t\t\t\t\t\t\t\t\t\t\t\t\t\t<\/div>\n\t\t\t\t<\/div>\n\t\t\t\t<\/div>\n\t\t\t\t\t<\/div>\n\t\t\t\t<\/div>\n\t\t\t\t<\/div>\n\t\t","protected":false},"excerpt":{"rendered":"<p>Contenu disponible en anglais Vous avez pris soin de votre bateau et l&rsquo;avez gard\u00e9 dans un bon club. Maintenant, gr\u00e2ce \u00e0 votre adh\u00e9sion \u00e0 Sail Canada, votre bateau peut vous r\u00e9compenser en vous donnant un acc\u00e8s exclusif \u00e0 des avantages suppl\u00e9mentaires sur votre assurance Skippers&rsquo; Plan. Qui est \u00e9ligible ? Tous les membres de Voile [&hellip;]<\/p>\n","protected":false},"author":1,"featured_media":26962,"parent":0,"menu_order":0,"comment_status":"closed","ping_status":"open","template":"","meta":{"_acf_changed":false,"_monsterinsights_skip_tracking":false,"_monsterinsights_sitenote_active":false,"_monsterinsights_sitenote_note":"","_monsterinsights_sitenote_category":0,"footnotes":""},"class_list":["post-256","page","type-page","status-publish","has-post-thumbnail","hentry"],"acf":[],"aioseo_notices":[],"_links":{"self":[{"href":"https:\/\/skippersplan.com\/fr\/wp-json\/wp\/v2\/pages\/256","targetHints":{"allow":["GET"]}}],"collection":[{"href":"https:\/\/skippersplan.com\/fr\/wp-json\/wp\/v2\/pages"}],"about":[{"href":"https:\/\/skippersplan.com\/fr\/wp-json\/wp\/v2\/types\/page"}],"author":[{"embeddable":true,"href":"https:\/\/skippersplan.com\/fr\/wp-json\/wp\/v2\/users\/1"}],"replies":[{"embeddable":true,"href":"https:\/\/skippersplan.com\/fr\/wp-json\/wp\/v2\/comments?post=256"}],"version-history":[{"count":32,"href":"https:\/\/skippersplan.com\/fr\/wp-json\/wp\/v2\/pages\/256\/revisions"}],"predecessor-version":[{"id":30062,"href":"https:\/\/skippersplan.com\/fr\/wp-json\/wp\/v2\/pages\/256\/revisions\/30062"}],"wp:featuredmedia":[{"embeddable":true,"href":"https:\/\/skippersplan.com\/fr\/wp-json\/wp\/v2\/media\/26962"}],"wp:attachment":[{"href":"https:\/\/skippersplan.com\/fr\/wp-json\/wp\/v2\/media?parent=256"}],"curies":[{"name":"wp","href":"https:\/\/api.w.org\/{rel}","templated":true}]}}